{"id":2517,"date":"2024-09-10T12:02:32","date_gmt":"2024-09-10T17:02:32","guid":{"rendered":"https:\/\/camaralatinoafricana.com\/?post_type=product&#038;p=2517"},"modified":"2024-09-16T13:50:17","modified_gmt":"2024-09-16T18:50:17","slug":"afiliacion-claf","status":"publish","type":"product","link":"https:\/\/camaralatinoafricana.com\/pt\/produto\/afiliacion-claf\/","title":{"rendered":"Membros do CLAF"},"content":{"rendered":"<div class=\"flex-shrink-0 flex flex-col relative items-end\">\n<div class=\"pt-0\">\n<div class=\"gizmo-bot-avatar flex h-8 w-8 items-center justify-center overflow-hidden rounded-full\">\n<div class=\"relative p-1 rounded-sm flex items-center justify-center bg-token-main-surface-primary text-token-text-primary h-8 w-8\">\n<p>Junte-se \u00e0 C\u00e2mara de Com\u00e9rcio Latino-Africana (CLAF) e tenha acesso a oportunidades exclusivas de networking, mentoring e eventos internacionais. Esta ades\u00e3o d\u00e1-lhe as ferramentas necess\u00e1rias para expandir o seu neg\u00f3cio nos mercados da Am\u00e9rica Latina e de \u00c1frica - escolha a sua categoria de acordo com a dimens\u00e3o do seu neg\u00f3cio e comece a crescer globalmente!<\/p>\n<h4>Benef\u00edcios:<\/h4>\n<div class=\"elementor-element elementor-element-ed74ff5 e-con-full e-flex e-con e-child\" data-id=\"ed74ff5\" data-element_type=\"container\" data-settings=\"{&quot;jet_parallax_layout_list&quot;:[]}\">\n<div class=\"elementor-element elementor-element-4a2d0b3 elementor-view-default elementor-position-top elementor-mobile-position-top elementor-widget elementor-widget-icon-box\" data-id=\"4a2d0b3\" data-element_type=\"widget\" data-widget_type=\"icon-box.default\">\n<div class=\"elementor-widget-container\">\n<div class=\"elementor-icon-box-wrapper\">\n<ul>\n<li class=\"elementor-icon-box-content\">Acesso a informa\u00e7\u00f5es b\u00e1sicas sobre o mercado do pa\u00eds parceiro.<\/li>\n<li class=\"elementor-icon-box-content\">Diret\u00f3rio dos membros.<\/li>\n<li class=\"elementor-icon-box-content\">Descontos em eventos e programas.<\/li>\n<li>Boletim informativo.<\/li>\n<li>Miss\u00f5es e feiras comerciais.<\/li>\n<li>Programas de forma\u00e7\u00e3o intercultural.<\/li>\n<li>Plataforma de liga\u00e7\u00e3o em linha.<\/li>\n<li>Programas de tutoria.<\/li>\n<li>Servi\u00e7os de informa\u00e7\u00e3o sobre o mercado.<\/li>\n<li>Assist\u00eancia nas formalidades e nos vistos.<\/li>\n<li>Mercado (em desenvolvimento)<\/li>\n<li>E-book \"Doing Business with Africa\".<\/li>\n<li>Agendas de neg\u00f3cios.<\/li>\n<li>Forma\u00e7\u00e3o de alto n\u00edvel.<\/li>\n<li>Instrumentos de internacionaliza\u00e7\u00e3o.<\/li>\n<\/ul>\n<\/div>\n<\/div>\n<\/div>\n<\/div>\n<div class=\"elementor-element elementor-element-f32e38d e-con-full e-flex e-con e-child\" data-id=\"f32e38d\" data-element_type=\"container\" data-settings=\"{&quot;jet_parallax_layout_list&quot;:[]}\">\n<div class=\"elementor-element elementor-element-ef68692 elementor-view-default elementor-position-top elementor-mobile-position-top elementor-widget elementor-widget-icon-box\" data-id=\"ef68692\" data-element_type=\"widget\" data-widget_type=\"icon-box.default\">\n<div class=\"elementor-widget-container\">\n<div class=\"elementor-icon-box-wrapper\">\n<div class=\"elementor-icon-box-content\">\n<p class=\"elementor-icon-box-description\">\n<\/div>\n<\/div>\n<\/div>\n<\/div>\n<\/div>\n<\/div>\n<\/div>\n<\/div>\n<\/div>","protected":false},"excerpt":{"rendered":"<p>Junte-se \u00e0 C\u00e2mara de Com\u00e9rcio Latino Africana (CLAF) e tenha acesso a uma rede exclusiva de contactos, aconselhamento especializado e oportunidades de neg\u00f3cio na Am\u00e9rica Latina e \u00c1frica. Esta ades\u00e3o anual (12 meses) oferece-lhe benef\u00edcios fundamentais para a internacionaliza\u00e7\u00e3o da sua empresa, incluindo o acesso a eventos exclusivos, ferramentas de neg\u00f3cio e apoio na expans\u00e3o das suas opera\u00e7\u00f5es internacionais. Ver benef\u00edcios da ades\u00e3o <a href=\"https:\/\/camaralatinoafricana.com\/pt\/afiliados\/afiliaciones\/beneficios-claf\/\" target=\"_blank\" rel=\"noopener\">aqui\u00a0<\/a><\/p>\n<p>Escolha a categoria de membro que melhor se adapta \u00e0 dimens\u00e3o da sua empresa:<\/p>\n<ul>\n<li><strong>Grande empresa<\/strong>Vendas superiores a $5 milh\u00f5es de d\u00f3lares. Valor: <strong>$1,000 USD<\/strong> + IVA.<\/li>\n<li><strong>M\u00e9dia empresa<\/strong>Vendas entre $1.000.001 e $5 milh\u00f5es de d\u00f3lares. Valor: <strong>$750 USD<\/strong> + IVA.<\/li>\n<li><strong>Pequenas empresas<\/strong>Vendas entre $250,001 e $1 milh\u00e3o de d\u00f3lares. Valor: <strong>$550 USD<\/strong> + IVA.<\/li>\n<li><strong>Microempresa<\/strong>Vendas entre $0 e $250.000 USD. Valor: <strong>$350 USD<\/strong> + IVA.<\/li>\n<\/ul>\n<p><strong>Notas:<\/strong><\/p>\n<ul>\n<li><strong>Dura\u00e7\u00e3o da filia\u00e7\u00e3o:<\/strong> 1 ano (renov\u00e1vel anualmente).<\/li>\n<li><strong>IVA:<\/strong> Imposto aplic\u00e1vel apenas a empresas na Col\u00f4mbia.<\/li>\n<\/ul>\n<p>Adira hoje e impulsione o crescimento da sua empresa nos mercados internacionais!<\/p>","protected":false},"featured_media":2543,"comment_status":"open","ping_status":"closed","template":"","meta":{"content-type":"","_monsterinsights_skip_tracking":false,"_monsterinsights_sitenote_active":false,"_monsterinsights_sitenote_note":"","_monsterinsights_sitenote_category":0},"product_brand":[],"product_cat":[43],"product_tag":[],"class_list":{"0":"post-2517","1":"product","2":"type-product","3":"status-publish","4":"has-post-thumbnail","6":"product_cat-afiliaciones","8":"first","9":"instock","10":"virtual","11":"sold-individually","12":"taxable","13":"purchasable","14":"product-type-simple"},"yoast_head":"<!-- This site is optimized with the Yoast SEO Premium plugin v23.2 (Yoast SEO v27.2) - https:\/\/yoast.com\/product\/yoast-seo-premium-wordpress\/ -->\n<title>Afiliaci\u00f3n CLAF - CLAF<\/title>\n<meta name=\"robots\" content=\"index, follow, max-snippet:-1, max-image-preview:large, max-video-preview:-1\" \/>\n<link rel=\"canonical\" href=\"https:\/\/camaralatinoafricana.com\/pt\/produto\/afiliacion-claf\/\" \/>\n<meta property=\"og:locale\" content=\"pt_PT\" \/>\n<meta property=\"og:type\" content=\"article\" \/>\n<meta property=\"og:title\" content=\"Afiliaci\u00f3n CLAF\" \/>\n<meta property=\"og:description\" content=\"Af\u00edliate a la C\u00e1mara de Comercio Latino Africana (CLAF) y accede a una red exclusiva de contactos, asesor\u00eda especializada y oportunidades comerciales en Am\u00e9rica Latina y \u00c1frica. Esta membres\u00eda anual (12 meses) te ofrece beneficios clave para la internacionalizaci\u00f3n de tu empresa, incluyendo acceso a eventos exclusivos, herramientas comerciales, apoyo en la expansi\u00f3n de tus operaciones internacionales. Consulta los beneficios de afiliado aqu\u00ed\u00a0  Elige la categor\u00eda de membres\u00eda que mejor se adapte al tama\u00f1o de tu empresa:   Gran Empresa: Ventas superiores a $5 millones USD. Valor: $1.000 USD + IVA.  Mediana Empresa: Ventas entre $1.000.001 y $5 millones USD. Valor: $750 USD + IVA.  Peque\u00f1a Empresa: Ventas entre $250.001 y $1 mill\u00f3n USD. Valor: $550 USD + IVA.  Microempresa: Ventas entre $0 y $250.000 USD. Valor: $350 USD + IVA.  Notas:   Duraci\u00f3n de la Membres\u00eda: 1 a\u00f1o (renovable anualmente).  IVA: Impuesto aplicable solo para empresas en Colombia.  \u00a1\u00danete hoy y potencia el crecimiento de tu negocio en mercados internacionales!\" \/>\n<meta property=\"og:url\" content=\"https:\/\/camaralatinoafricana.com\/pt\/produto\/afiliacion-claf\/\" \/>\n<meta property=\"og:site_name\" content=\"CLAF\" \/>\n<meta property=\"article:publisher\" content=\"https:\/\/www.facebook.com\/CamaraDeComercioLatinoAfricana\" \/>\n<meta property=\"article:modified_time\" content=\"2024-09-16T18:50:17+00:00\" \/>\n<meta name=\"twitter:card\" content=\"summary_large_image\" \/>\n<meta name=\"twitter:label1\" content=\"Est. reading time\" \/>\n\t<meta name=\"twitter:data1\" content=\"1 minuto\" \/>\n<script type=\"application\/ld+json\" class=\"yoast-schema-graph\">{\"@context\":\"https:\/\/schema.org\",\"@graph\":[{\"@type\":\"WebPage\",\"@id\":\"https:\/\/camaralatinoafricana.com\/producto\/afiliacion-claf\/\",\"url\":\"https:\/\/camaralatinoafricana.com\/producto\/afiliacion-claf\/\",\"name\":\"Afiliaci\u00f3n CLAF - CLAF\",\"isPartOf\":{\"@id\":\"https:\/\/camaralatinoafricana.com\/#website\"},\"primaryImageOfPage\":{\"@id\":\"https:\/\/camaralatinoafricana.com\/producto\/afiliacion-claf\/#primaryimage\"},\"image\":{\"@id\":\"https:\/\/camaralatinoafricana.com\/producto\/afiliacion-claf\/#primaryimage\"},\"thumbnailUrl\":\"https:\/\/camaralatinoafricana.com\/wp-content\/uploads\/2024\/09\/Recurso-1.svg\",\"datePublished\":\"2024-09-10T17:02:32+00:00\",\"dateModified\":\"2024-09-16T18:50:17+00:00\",\"breadcrumb\":{\"@id\":\"https:\/\/camaralatinoafricana.com\/producto\/afiliacion-claf\/#breadcrumb\"},\"inLanguage\":\"pt-AO\",\"potentialAction\":[{\"@type\":\"ReadAction\",\"target\":[\"https:\/\/camaralatinoafricana.com\/producto\/afiliacion-claf\/\"]}]},{\"@type\":\"ImageObject\",\"inLanguage\":\"pt-AO\",\"@id\":\"https:\/\/camaralatinoafricana.com\/producto\/afiliacion-claf\/#primaryimage\",\"url\":\"https:\/\/camaralatinoafricana.com\/wp-content\/uploads\/2024\/09\/Recurso-1.svg\",\"contentUrl\":\"https:\/\/camaralatinoafricana.com\/wp-content\/uploads\/2024\/09\/Recurso-1.svg\",\"width\":209.9,\"height\":209.93},{\"@type\":\"BreadcrumbList\",\"@id\":\"https:\/\/camaralatinoafricana.com\/producto\/afiliacion-claf\/#breadcrumb\",\"itemListElement\":[{\"@type\":\"ListItem\",\"position\":1,\"name\":\"Inicio\",\"item\":\"https:\/\/camaralatinoafricana.com\/\"},{\"@type\":\"ListItem\",\"position\":2,\"name\":\"Shop\",\"item\":\"https:\/\/camaralatinoafricana.com\/shop\/\"},{\"@type\":\"ListItem\",\"position\":3,\"name\":\"Afiliaci\u00f3n CLAF\"}]},{\"@type\":\"WebSite\",\"@id\":\"https:\/\/camaralatinoafricana.com\/#website\",\"url\":\"https:\/\/camaralatinoafricana.com\/\",\"name\":\"CLAF\",\"description\":\"C\u00e1mara de Comercio Latino Africana\",\"publisher\":{\"@id\":\"https:\/\/camaralatinoafricana.com\/#organization\"},\"alternateName\":\"C\u00e1mara de Comercio Latino Africana\",\"potentialAction\":[{\"@type\":\"SearchAction\",\"target\":{\"@type\":\"EntryPoint\",\"urlTemplate\":\"https:\/\/camaralatinoafricana.com\/?s={search_term_string}\"},\"query-input\":{\"@type\":\"PropertyValueSpecification\",\"valueRequired\":true,\"valueName\":\"search_term_string\"}}],\"inLanguage\":\"pt-AO\"},{\"@type\":\"Organization\",\"@id\":\"https:\/\/camaralatinoafricana.com\/#organization\",\"name\":\"C\u00e1mara de Comercio Latino Africana\",\"alternateName\":\"CLAF\",\"url\":\"https:\/\/camaralatinoafricana.com\/\",\"logo\":{\"@type\":\"ImageObject\",\"inLanguage\":\"pt-AO\",\"@id\":\"https:\/\/camaralatinoafricana.com\/#\/schema\/logo\/image\/\",\"url\":\"https:\/\/camaralatinoafricana.com\/wp-content\/uploads\/2024\/08\/Logo-CLAF.svg\",\"contentUrl\":\"https:\/\/camaralatinoafricana.com\/wp-content\/uploads\/2024\/08\/Logo-CLAF.svg\",\"width\":767,\"height\":268,\"caption\":\"C\u00e1mara de Comercio Latino Africana\"},\"image\":{\"@id\":\"https:\/\/camaralatinoafricana.com\/#\/schema\/logo\/image\/\"},\"sameAs\":[\"https:\/\/www.facebook.com\/CamaraDeComercioLatinoAfricana\",\"https:\/\/www.instagram.com\/camaradecomerciolatinoafricana\/\",\"https:\/\/www.linkedin.com\/company\/cmara-de-comercio-latino-africana\/\"],\"publishingPrinciples\":\"https:\/\/camaralatinoafricana.com\/privacy-policy\/\",\"ownershipFundingInfo\":\"https:\/\/camaralatinoafricana.com\/sobre-claf\/nuestro-equipo\/directores\/\",\"actionableFeedbackPolicy\":\"https:\/\/camaralatinoafricana.com\/privacy-policy\/\"}]}<\/script>\n<!-- \/ Yoast SEO Premium plugin. -->","yoast_head_json":{"title":"Afiliaci\u00f3n CLAF - CLAF","robots":{"index":"index","follow":"follow","max-snippet":"max-snippet:-1","max-image-preview":"max-image-preview:large","max-video-preview":"max-video-preview:-1"},"canonical":"https:\/\/camaralatinoafricana.com\/pt\/produto\/afiliacion-claf\/","og_locale":"pt_PT","og_type":"article","og_title":"Afiliaci\u00f3n CLAF","og_description":"Af\u00edliate a la C\u00e1mara de Comercio Latino Africana (CLAF) y accede a una red exclusiva de contactos, asesor\u00eda especializada y oportunidades comerciales en Am\u00e9rica Latina y \u00c1frica. Esta membres\u00eda anual (12 meses) te ofrece beneficios clave para la internacionalizaci\u00f3n de tu empresa, incluyendo acceso a eventos exclusivos, herramientas comerciales, apoyo en la expansi\u00f3n de tus operaciones internacionales. Consulta los beneficios de afiliado aqu\u00ed\u00a0  Elige la categor\u00eda de membres\u00eda que mejor se adapte al tama\u00f1o de tu empresa:   Gran Empresa: Ventas superiores a $5 millones USD. Valor: $1.000 USD + IVA.  Mediana Empresa: Ventas entre $1.000.001 y $5 millones USD. Valor: $750 USD + IVA.  Peque\u00f1a Empresa: Ventas entre $250.001 y $1 mill\u00f3n USD. Valor: $550 USD + IVA.  Microempresa: Ventas entre $0 y $250.000 USD. Valor: $350 USD + IVA.  Notas:   Duraci\u00f3n de la Membres\u00eda: 1 a\u00f1o (renovable anualmente).  IVA: Impuesto aplicable solo para empresas en Colombia.  \u00a1\u00danete hoy y potencia el crecimiento de tu negocio en mercados internacionales!","og_url":"https:\/\/camaralatinoafricana.com\/pt\/produto\/afiliacion-claf\/","og_site_name":"CLAF","article_publisher":"https:\/\/www.facebook.com\/CamaraDeComercioLatinoAfricana","article_modified_time":"2024-09-16T18:50:17+00:00","twitter_card":"summary_large_image","twitter_misc":{"Est. reading time":"1 minuto"},"schema":{"@context":"https:\/\/schema.org","@graph":[{"@type":"WebPage","@id":"https:\/\/camaralatinoafricana.com\/producto\/afiliacion-claf\/","url":"https:\/\/camaralatinoafricana.com\/producto\/afiliacion-claf\/","name":"Afiliaci\u00f3n CLAF - CLAF","isPartOf":{"@id":"https:\/\/camaralatinoafricana.com\/#website"},"primaryImageOfPage":{"@id":"https:\/\/camaralatinoafricana.com\/producto\/afiliacion-claf\/#primaryimage"},"image":{"@id":"https:\/\/camaralatinoafricana.com\/producto\/afiliacion-claf\/#primaryimage"},"thumbnailUrl":"https:\/\/camaralatinoafricana.com\/wp-content\/uploads\/2024\/09\/Recurso-1.svg","datePublished":"2024-09-10T17:02:32+00:00","dateModified":"2024-09-16T18:50:17+00:00","breadcrumb":{"@id":"https:\/\/camaralatinoafricana.com\/producto\/afiliacion-claf\/#breadcrumb"},"inLanguage":"pt-AO","potentialAction":[{"@type":"ReadAction","target":["https:\/\/camaralatinoafricana.com\/producto\/afiliacion-claf\/"]}]},{"@type":"ImageObject","inLanguage":"pt-AO","@id":"https:\/\/camaralatinoafricana.com\/producto\/afiliacion-claf\/#primaryimage","url":"https:\/\/camaralatinoafricana.com\/wp-content\/uploads\/2024\/09\/Recurso-1.svg","contentUrl":"https:\/\/camaralatinoafricana.com\/wp-content\/uploads\/2024\/09\/Recurso-1.svg","width":209.9,"height":209.93},{"@type":"BreadcrumbList","@id":"https:\/\/camaralatinoafricana.com\/producto\/afiliacion-claf\/#breadcrumb","itemListElement":[{"@type":"ListItem","position":1,"name":"Inicio","item":"https:\/\/camaralatinoafricana.com\/"},{"@type":"ListItem","position":2,"name":"Shop","item":"https:\/\/camaralatinoafricana.com\/shop\/"},{"@type":"ListItem","position":3,"name":"Afiliaci\u00f3n CLAF"}]},{"@type":"WebSite","@id":"https:\/\/camaralatinoafricana.com\/#website","url":"https:\/\/camaralatinoafricana.com\/","name":"CLAF","description":"C\u00e2mara de Com\u00e9rcio Latino-Africana","publisher":{"@id":"https:\/\/camaralatinoafricana.com\/#organization"},"alternateName":"C\u00e1mara de Comercio Latino Africana","potentialAction":[{"@type":"SearchAction","target":{"@type":"EntryPoint","urlTemplate":"https:\/\/camaralatinoafricana.com\/?s={search_term_string}"},"query-input":{"@type":"PropertyValueSpecification","valueRequired":true,"valueName":"search_term_string"}}],"inLanguage":"pt-AO"},{"@type":"Organization","@id":"https:\/\/camaralatinoafricana.com\/#organization","name":"C\u00e2mara de Com\u00e9rcio Latino-Africana","alternateName":"CLAF","url":"https:\/\/camaralatinoafricana.com\/","logo":{"@type":"ImageObject","inLanguage":"pt-AO","@id":"https:\/\/camaralatinoafricana.com\/#\/schema\/logo\/image\/","url":"https:\/\/camaralatinoafricana.com\/wp-content\/uploads\/2024\/08\/Logo-CLAF.svg","contentUrl":"https:\/\/camaralatinoafricana.com\/wp-content\/uploads\/2024\/08\/Logo-CLAF.svg","width":767,"height":268,"caption":"C\u00e1mara de Comercio Latino Africana"},"image":{"@id":"https:\/\/camaralatinoafricana.com\/#\/schema\/logo\/image\/"},"sameAs":["https:\/\/www.facebook.com\/CamaraDeComercioLatinoAfricana","https:\/\/www.instagram.com\/camaradecomerciolatinoafricana\/","https:\/\/www.linkedin.com\/company\/cmara-de-comercio-latino-africana\/"],"publishingPrinciples":"https:\/\/camaralatinoafricana.com\/privacy-policy\/","ownershipFundingInfo":"https:\/\/camaralatinoafricana.com\/sobre-claf\/nuestro-equipo\/directores\/","actionableFeedbackPolicy":"https:\/\/camaralatinoafricana.com\/privacy-policy\/"}]}},"_links":{"self":[{"href":"https:\/\/camaralatinoafricana.com\/pt\/wp-json\/wp\/v2\/product\/2517","targetHints":{"allow":["GET"]}}],"collection":[{"href":"https:\/\/camaralatinoafricana.com\/pt\/wp-json\/wp\/v2\/product"}],"about":[{"href":"https:\/\/camaralatinoafricana.com\/pt\/wp-json\/wp\/v2\/types\/product"}],"replies":[{"embeddable":true,"href":"https:\/\/camaralatinoafricana.com\/pt\/wp-json\/wp\/v2\/comments?post=2517"}],"wp:featuredmedia":[{"embeddable":true,"href":"https:\/\/camaralatinoafricana.com\/pt\/wp-json\/wp\/v2\/media\/2543"}],"wp:attachment":[{"href":"https:\/\/camaralatinoafricana.com\/pt\/wp-json\/wp\/v2\/media?parent=2517"}],"wp:term":[{"taxonomy":"product_brand","embeddable":true,"href":"https:\/\/camaralatinoafricana.com\/pt\/wp-json\/wp\/v2\/product_brand?post=2517"},{"taxonomy":"product_cat","embeddable":true,"href":"https:\/\/camaralatinoafricana.com\/pt\/wp-json\/wp\/v2\/product_cat?post=2517"},{"taxonomy":"product_tag","embeddable":true,"href":"https:\/\/camaralatinoafricana.com\/pt\/wp-json\/wp\/v2\/product_tag?post=2517"}],"curies":[{"name":"wp","href":"https:\/\/api.w.org\/{rel}","templated":true}]}}