{"id":3379,"date":"2025-02-18T09:57:34","date_gmt":"2025-02-18T14:57:34","guid":{"rendered":"https:\/\/camaralatinoafricana.com\/?page_id=3379"},"modified":"2025-02-18T11:04:22","modified_gmt":"2025-02-18T16:04:22","slug":"aliados","status":"publish","type":"page","link":"https:\/\/camaralatinoafricana.com\/pt\/sobre-claf\/aliados\/","title":{"rendered":"Aliados"},"content":{"rendered":"<div data-elementor-type=\"wp-page\" data-elementor-id=\"3379\" class=\"elementor elementor-3379\" data-elementor-post-type=\"page\">\n\t\t\t\t<div class=\"elementor-element elementor-element-afbc04d e-flex e-con-boxed e-con e-parent\" data-id=\"afbc04d\" data-element_type=\"container\" data-e-type=\"container\" data-settings=\"{&quot;jet_parallax_layout_list&quot;:[]}\">\n\t\t\t\t\t<div class=\"e-con-inner\">\n\t\t\t\t<div class=\"elementor-element elementor-element-54a6f0e elementor-widget elementor-widget-heading\" data-id=\"54a6f0e\" data-element_type=\"widget\" data-e-type=\"widget\" data-widget_type=\"heading.default\">\n\t\t\t\t<div class=\"elementor-widget-container\">\n\t\t\t\t\t<h2 class=\"elementor-heading-title elementor-size-default\">Acordos de coopera\u00e7\u00e3o <\/h2>\t\t\t\t<\/div>\n\t\t\t\t<\/div>\n\t\t\t\t<div class=\"elementor-element elementor-element-5e4438d elementor-widget elementor-widget-text-editor\" data-id=\"5e4438d\" data-element_type=\"widget\" data-e-type=\"widget\" data-widget_type=\"text-editor.default\">\n\t\t\t\t<div class=\"elementor-widget-container\">\n\t\t\t\t\t\t\t\t\t<p>O <strong data-start=\"4\" data-end=\"31\">Acordos de coopera\u00e7\u00e3o<\/strong> do <strong data-start=\"38\" data-end=\"83\">C\u00e2mara de Com\u00e9rcio Latino-Africana (CLAF)<\/strong> refor\u00e7am as rela\u00e7\u00f5es comerciais entre a Am\u00e9rica Latina e \u00c1frica. Atrav\u00e9s de alian\u00e7as estrat\u00e9gicas, facilitam o interc\u00e2mbio de conhecimentos, impulsionam a internacionaliza\u00e7\u00e3o das empresas e promovem o acesso a novos mercados, fomentando o desenvolvimento econ\u00f3mico em ambos os continentes.<\/p>\t\t\t\t\t\t\t\t<\/div>\n\t\t\t\t<\/div>\n\t\t\t\t\t<\/div>\n\t\t\t\t<\/div>\n\t\t<div class=\"elementor-element elementor-element-fb076af e-flex e-con-boxed e-con e-parent\" data-id=\"fb076af\" data-element_type=\"container\" data-e-type=\"container\" data-settings=\"{&quot;jet_parallax_layout_list&quot;:[]}\">\n\t\t\t\t\t<div class=\"e-con-inner\">\n\t\t<div class=\"elementor-element elementor-element-3fac04d e-con-full e-flex e-con e-child\" data-id=\"3fac04d\" data-element_type=\"container\" data-e-type=\"container\" data-settings=\"{&quot;jet_parallax_layout_list&quot;:[]}\">\n\t\t\t\t<div class=\"elementor-element elementor-element-9f46321 elementor-widget elementor-widget-image\" data-id=\"9f46321\" data-element_type=\"widget\" data-e-type=\"widget\" data-widget_type=\"image.default\">\n\t\t\t\t<div class=\"elementor-widget-container\">\n\t\t\t\t\t\t\t\t\t\t\t\t\t\t\t<img decoding=\"async\" width=\"213\" height=\"83\" src=\"https:\/\/camaralatinoafricana.com\/wp-content\/uploads\/2025\/02\/AMA-Asociacion-Mujeres-Aduaneras.png\" class=\"attachment-large size-large wp-image-3385\" alt=\"\" srcset=\"https:\/\/camaralatinoafricana.com\/wp-content\/uploads\/2025\/02\/AMA-Asociacion-Mujeres-Aduaneras.png 213w, https:\/\/camaralatinoafricana.com\/wp-content\/uploads\/2025\/02\/AMA-Asociacion-Mujeres-Aduaneras-18x7.png 18w\" sizes=\"(max-width: 213px) 100vw, 213px\" \/>\t\t\t\t\t\t\t\t\t\t\t\t\t\t\t<\/div>\n\t\t\t\t<\/div>\n\t\t\t\t<div class=\"elementor-element elementor-element-25853ab elementor-widget elementor-widget-text-editor\" data-id=\"25853ab\" data-element_type=\"widget\" data-e-type=\"widget\" data-widget_type=\"text-editor.default\">\n\t\t\t\t<div class=\"elementor-widget-container\">\n\t\t\t\t\t\t\t\t\t<p style=\"text-align: center;\"><strong>Pa\u00eds: Medell\u00edn - Col\u00f4mbia <\/strong><\/p>\t\t\t\t\t\t\t\t<\/div>\n\t\t\t\t<\/div>\n\t\t\t\t<\/div>\n\t\t<div class=\"elementor-element elementor-element-b7a1b7e e-con-full e-flex e-con e-child\" data-id=\"b7a1b7e\" data-element_type=\"container\" data-e-type=\"container\" data-settings=\"{&quot;jet_parallax_layout_list&quot;:[]}\">\n\t\t\t\t<div class=\"elementor-element elementor-element-4b3db6b elementor-widget elementor-widget-heading\" data-id=\"4b3db6b\" data-element_type=\"widget\" data-e-type=\"widget\" data-widget_type=\"heading.default\">\n\t\t\t\t<div class=\"elementor-widget-container\">\n\t\t\t\t\t<h4 class=\"elementor-heading-title elementor-size-default\">Associa\u00e7\u00e3o das Mulheres Funcion\u00e1rias das Alf\u00e2ndegas - AMA <\/h4>\t\t\t\t<\/div>\n\t\t\t\t<\/div>\n\t\t\t\t<div class=\"elementor-element elementor-element-ab87caf elementor-widget elementor-widget-text-editor\" data-id=\"ab87caf\" data-element_type=\"widget\" data-e-type=\"widget\" data-widget_type=\"text-editor.default\">\n\t\t\t\t<div class=\"elementor-widget-container\">\n\t\t\t\t\t\t\t\t\t<p>A Associa\u00e7\u00e3o de Mulheres Despachantes Aduaneiras - AMA Col\u00f4mbia \u00e9 uma iniciativa criada entre amigos apaixonados por alf\u00e2ndegas, com\u00e9rcio exterior, log\u00edstica e com\u00e9rcio internacional, e \u00e9 composta por mulheres talentosas com diversas habilidades, grande experi\u00eancia e proje\u00e7\u00e3o. AMA representa a lideran\u00e7a no ambiente aduaneiro e na cadeia de valor, contribu\u00edmos com propostas disruptivas para fazer da Col\u00f4mbia um pa\u00eds moderno e vanguardista em termos de com\u00e9rcio internacional. Para al\u00e9m disso, incorporamos os mais recentes avan\u00e7os tecnol\u00f3gicos nas agendas de discuss\u00e3o e apoiamos a sua integra\u00e7\u00e3o nas opera\u00e7\u00f5es di\u00e1rias de com\u00e9rcio externo.<\/p>\t\t\t\t\t\t\t\t<\/div>\n\t\t\t\t<\/div>\n\t\t\t\t<\/div>\n\t\t\t\t\t<\/div>\n\t\t\t\t<\/div>\n\t\t<div class=\"elementor-element elementor-element-03c19f4 e-flex e-con-boxed e-con e-parent\" data-id=\"03c19f4\" data-element_type=\"container\" data-e-type=\"container\" data-settings=\"{&quot;jet_parallax_layout_list&quot;:[]}\">\n\t\t\t\t\t<div class=\"e-con-inner\">\n\t\t<div class=\"elementor-element elementor-element-dfb50c5 e-con-full e-flex e-con e-child\" data-id=\"dfb50c5\" data-element_type=\"container\" data-e-type=\"container\" data-settings=\"{&quot;jet_parallax_layout_list&quot;:[]}\">\n\t\t\t\t<div class=\"elementor-element elementor-element-785600c elementor-widget elementor-widget-heading\" data-id=\"785600c\" data-element_type=\"widget\" data-e-type=\"widget\" data-widget_type=\"heading.default\">\n\t\t\t\t<div class=\"elementor-widget-container\">\n\t\t\t\t\t<h4 class=\"elementor-heading-title elementor-size-default\">Investiga\u00e7\u00e3o sobre com\u00e9rcio e com\u00e9rcio internacional em \u00c1frica<\/h4>\t\t\t\t<\/div>\n\t\t\t\t<\/div>\n\t\t\t\t<div class=\"elementor-element elementor-element-114baf5 elementor-widget elementor-widget-text-editor\" data-id=\"114baf5\" data-element_type=\"widget\" data-e-type=\"widget\" data-widget_type=\"text-editor.default\">\n\t\t\t\t<div class=\"elementor-widget-container\">\n\t\t\t\t\t\t\t\t\t<p>A AITCR (Africa International Trade &amp; Commerce Research) \u00e9 uma empresa l\u00edder de consultoria em com\u00e9rcio internacional, especializada no mercado africano, com um enfoque principal no desenvolvimento da Zona de Com\u00e9rcio Livre Continental Africana (ZCLCA). A empresa presta servi\u00e7os especializados de consultoria em mat\u00e9ria de pol\u00edtica comercial, consultoria em mat\u00e9ria de investimentos e estudos de mercado, servindo governos, empresas privadas e organiza\u00e7\u00f5es internacionais empenhadas em impulsionar o crescimento econ\u00f3mico de \u00c1frica atrav\u00e9s da integra\u00e7\u00e3o comercial e de solu\u00e7\u00f5es estrat\u00e9gicas.<\/p><p>S\u00edtio Web : <a href=\"https:\/\/africainternationaltrade.com\/\" target=\"_blank\" rel=\"noopener\">https:\/\/africainternationaltrade.com\/<\/a><\/p>\t\t\t\t\t\t\t\t<\/div>\n\t\t\t\t<\/div>\n\t\t\t\t<\/div>\n\t\t<div class=\"elementor-element elementor-element-4f9794d e-con-full e-flex e-con e-child\" data-id=\"4f9794d\" data-element_type=\"container\" data-e-type=\"container\" data-settings=\"{&quot;jet_parallax_layout_list&quot;:[]}\">\n\t\t\t\t<div class=\"elementor-element elementor-element-71cbf4f elementor-widget elementor-widget-image\" data-id=\"71cbf4f\" data-element_type=\"widget\" data-e-type=\"widget\" data-widget_type=\"image.default\">\n\t\t\t\t<div class=\"elementor-widget-container\">\n\t\t\t\t\t\t\t\t\t\t\t\t\t\t\t<img fetchpriority=\"high\" decoding=\"async\" width=\"449\" height=\"171\" src=\"https:\/\/camaralatinoafricana.com\/wp-content\/uploads\/2025\/02\/Africa-international-trade.png\" class=\"attachment-large size-large wp-image-3386\" alt=\"\" srcset=\"https:\/\/camaralatinoafricana.com\/wp-content\/uploads\/2025\/02\/Africa-international-trade.png 449w, https:\/\/camaralatinoafricana.com\/wp-content\/uploads\/2025\/02\/Africa-international-trade-300x114.png 300w, https:\/\/camaralatinoafricana.com\/wp-content\/uploads\/2025\/02\/Africa-international-trade-18x7.png 18w\" sizes=\"(max-width: 449px) 100vw, 449px\" \/>\t\t\t\t\t\t\t\t\t\t\t\t\t\t\t<\/div>\n\t\t\t\t<\/div>\n\t\t\t\t<div class=\"elementor-element elementor-element-84f09a8 elementor-widget elementor-widget-text-editor\" data-id=\"84f09a8\" data-element_type=\"widget\" data-e-type=\"widget\" data-widget_type=\"text-editor.default\">\n\t\t\t\t<div class=\"elementor-widget-container\">\n\t\t\t\t\t\t\t\t\t<p style=\"text-align: center;\"><strong>Pa\u00eds: Nig\u00e9ria - Abuja<\/strong><\/p>\t\t\t\t\t\t\t\t<\/div>\n\t\t\t\t<\/div>\n\t\t\t\t<\/div>\n\t\t\t\t\t<\/div>\n\t\t\t\t<\/div>\n\t\t<div class=\"elementor-element elementor-element-b6d3b52 e-flex e-con-boxed e-con e-parent\" data-id=\"b6d3b52\" data-element_type=\"container\" data-e-type=\"container\" data-settings=\"{&quot;jet_parallax_layout_list&quot;:[]}\">\n\t\t\t\t\t<div class=\"e-con-inner\">\n\t\t<div class=\"elementor-element elementor-element-79716c6 e-con-full e-flex e-con e-child\" data-id=\"79716c6\" data-element_type=\"container\" data-e-type=\"container\" data-settings=\"{&quot;jet_parallax_layout_list&quot;:[]}\">\n\t\t\t\t<div class=\"elementor-element elementor-element-40d23f1 elementor-widget elementor-widget-image\" data-id=\"40d23f1\" data-element_type=\"widget\" data-e-type=\"widget\" data-widget_type=\"image.default\">\n\t\t\t\t<div class=\"elementor-widget-container\">\n\t\t\t\t\t\t\t\t\t\t\t\t\t\t\t<img decoding=\"async\" width=\"300\" height=\"127\" src=\"https:\/\/camaralatinoafricana.com\/wp-content\/uploads\/2025\/02\/Africa-Trade-Academy.jpg\" class=\"attachment-large size-large wp-image-3387\" alt=\"\" srcset=\"https:\/\/camaralatinoafricana.com\/wp-content\/uploads\/2025\/02\/Africa-Trade-Academy.jpg 300w, https:\/\/camaralatinoafricana.com\/wp-content\/uploads\/2025\/02\/Africa-Trade-Academy-18x8.jpg 18w\" sizes=\"(max-width: 300px) 100vw, 300px\" \/>\t\t\t\t\t\t\t\t\t\t\t\t\t\t\t<\/div>\n\t\t\t\t<\/div>\n\t\t\t\t<div class=\"elementor-element elementor-element-d86aa5c elementor-widget elementor-widget-text-editor\" data-id=\"d86aa5c\" data-element_type=\"widget\" data-e-type=\"widget\" data-widget_type=\"text-editor.default\">\n\t\t\t\t<div class=\"elementor-widget-container\">\n\t\t\t\t\t\t\t\t\t<p style=\"text-align: center;\"><strong>Pa\u00eds: Gana - Accra <\/strong><\/p>\t\t\t\t\t\t\t\t<\/div>\n\t\t\t\t<\/div>\n\t\t\t\t<\/div>\n\t\t<div class=\"elementor-element elementor-element-8f0a842 e-con-full e-flex e-con e-child\" data-id=\"8f0a842\" data-element_type=\"container\" data-e-type=\"container\" data-settings=\"{&quot;jet_parallax_layout_list&quot;:[]}\">\n\t\t\t\t<div class=\"elementor-element elementor-element-bdb37dd elementor-widget elementor-widget-heading\" data-id=\"bdb37dd\" data-element_type=\"widget\" data-e-type=\"widget\" data-widget_type=\"heading.default\">\n\t\t\t\t<div class=\"elementor-widget-container\">\n\t\t\t\t\t<h4 class=\"elementor-heading-title elementor-size-default\">Academia de Com\u00e9rcio de \u00c1frica<\/h4>\t\t\t\t<\/div>\n\t\t\t\t<\/div>\n\t\t\t\t<div class=\"elementor-element elementor-element-19ee085 elementor-widget elementor-widget-text-editor\" data-id=\"19ee085\" data-element_type=\"widget\" data-e-type=\"widget\" data-widget_type=\"text-editor.default\">\n\t\t\t\t<div class=\"elementor-widget-container\">\n\t\t\t\t\t\t\t\t\t<p>A Academia Africana do Com\u00e9rcio \u00e9 uma institui\u00e7\u00e3o l\u00edder dedicada ao refor\u00e7o da participa\u00e7\u00e3o de \u00c1frica no com\u00e9rcio global e nos neg\u00f3cios internacionais. Enquanto centro de excel\u00eancia, a Academia proporciona forma\u00e7\u00e3o profissional abrangente e assist\u00eancia t\u00e9cnica aos intervenientes dos sectores p\u00fablico e privado em todo o continente africano. Atrav\u00e9s dos seus programas especializados de refor\u00e7o de capacidades, a Academia dota os funcion\u00e1rios p\u00fablicos e os l\u00edderes empresariais das compet\u00eancias essenciais para navegarem nas complexas rela\u00e7\u00f5es comerciais internacionais e tirarem partido das oportunidades de neg\u00f3cio globais. Distingue-se pela sua combina\u00e7\u00e3o de forma\u00e7\u00e3o profissional, assist\u00eancia t\u00e9cnica direcionada e investiga\u00e7\u00e3o de alta qualidade, tudo com o objetivo de refor\u00e7ar a competitividade comercial de \u00c1frica e promover solu\u00e7\u00f5es inovadoras para os desafios do com\u00e9rcio internacional.<\/p><p>S\u00edtio Web : <a href=\"https:\/\/africatradeacademy.com\/\" target=\"_blank\" rel=\"noopener\">https:\/\/africatradeacademy.com\/<\/a><\/p>\t\t\t\t\t\t\t\t<\/div>\n\t\t\t\t<\/div>\n\t\t\t\t<\/div>\n\t\t\t\t\t<\/div>\n\t\t\t\t<\/div>\n\t\t\t\t<\/div>","protected":false},"excerpt":{"rendered":"<p>Acuerdos de Cooperaci\u00f3n Los Acuerdos de Cooperaci\u00f3n de la C\u00e1mara de Comercio Latino Africana (CLAF) fortalecen las relaciones comerciales entre Am\u00e9rica Latina y \u00c1frica. A trav\u00e9s de alianzas estrat\u00e9gicas, facilitan el intercambio de conocimientos, impulsan la internacionalizaci\u00f3n de empresas y promueven el acceso a nuevos mercados, fomentando el desarrollo econ\u00f3mico en ambos continentes. Pa\u00eds: Medell\u00edn [&hellip;]<\/p>\n","protected":false},"author":1,"featured_media":0,"parent":27,"menu_order":0,"comment_status":"closed","ping_status":"closed","template":"","meta":{"content-type":"","_monsterinsights_skip_tracking":false,"_monsterinsights_sitenote_active":false,"_monsterinsights_sitenote_note":"","_monsterinsights_sitenote_category":0,"footnotes":""},"class_list":["post-3379","page","type-page","status-publish","hentry"],"yoast_head":"<!-- This site is optimized with the Yoast SEO Premium plugin v23.2 (Yoast SEO v27.2) - https:\/\/yoast.com\/product\/yoast-seo-premium-wordpress\/ -->\n<title>Aliados - CLAF<\/title>\n<meta name=\"robots\" content=\"index, follow, max-snippet:-1, max-image-preview:large, max-video-preview:-1\" \/>\n<link rel=\"canonical\" href=\"https:\/\/camaralatinoafricana.com\/pt\/sobre-claf\/aliados\/\" \/>\n<meta property=\"og:locale\" content=\"pt_PT\" \/>\n<meta property=\"og:type\" content=\"article\" \/>\n<meta property=\"og:title\" content=\"Aliados\" \/>\n<meta property=\"og:description\" content=\"Acuerdos de Cooperaci\u00f3n Los Acuerdos de Cooperaci\u00f3n de la C\u00e1mara de Comercio Latino Africana (CLAF) fortalecen las relaciones comerciales entre Am\u00e9rica Latina y \u00c1frica. A trav\u00e9s de alianzas estrat\u00e9gicas, facilitan el intercambio de conocimientos, impulsan la internacionalizaci\u00f3n de empresas y promueven el acceso a nuevos mercados, fomentando el desarrollo econ\u00f3mico en ambos continentes. Pa\u00eds: Medell\u00edn [&hellip;]\" \/>\n<meta property=\"og:url\" content=\"https:\/\/camaralatinoafricana.com\/pt\/sobre-claf\/aliados\/\" \/>\n<meta property=\"og:site_name\" content=\"CLAF\" \/>\n<meta property=\"article:publisher\" content=\"https:\/\/www.facebook.com\/CamaraDeComercioLatinoAfricana\" \/>\n<meta property=\"article:modified_time\" content=\"2025-02-18T16:04:22+00:00\" \/>\n<meta property=\"og:image\" content=\"https:\/\/camaralatinoafricana.com\/wp-content\/uploads\/2025\/02\/AMA-Asociacion-Mujeres-Aduaneras.png\" \/>\n\t<meta property=\"og:image:width\" content=\"213\" \/>\n\t<meta property=\"og:image:height\" content=\"83\" \/>\n\t<meta property=\"og:image:type\" content=\"image\/png\" \/>\n<meta name=\"twitter:card\" content=\"summary_large_image\" \/>\n<meta name=\"twitter:label1\" content=\"Est. reading time\" \/>\n\t<meta name=\"twitter:data1\" content=\"3 minutos\" \/>\n<script type=\"application\/ld+json\" class=\"yoast-schema-graph\">{\"@context\":\"https:\/\/schema.org\",\"@graph\":[{\"@type\":\"WebPage\",\"@id\":\"https:\/\/camaralatinoafricana.com\/sobre-claf\/aliados\/\",\"url\":\"https:\/\/camaralatinoafricana.com\/sobre-claf\/aliados\/\",\"name\":\"Aliados - CLAF\",\"isPartOf\":{\"@id\":\"https:\/\/camaralatinoafricana.com\/#website\"},\"primaryImageOfPage\":{\"@id\":\"https:\/\/camaralatinoafricana.com\/sobre-claf\/aliados\/#primaryimage\"},\"image\":{\"@id\":\"https:\/\/camaralatinoafricana.com\/sobre-claf\/aliados\/#primaryimage\"},\"thumbnailUrl\":\"https:\/\/camaralatinoafricana.com\/wp-content\/uploads\/2025\/02\/AMA-Asociacion-Mujeres-Aduaneras.png\",\"datePublished\":\"2025-02-18T14:57:34+00:00\",\"dateModified\":\"2025-02-18T16:04:22+00:00\",\"breadcrumb\":{\"@id\":\"https:\/\/camaralatinoafricana.com\/sobre-claf\/aliados\/#breadcrumb\"},\"inLanguage\":\"pt-AO\",\"potentialAction\":[{\"@type\":\"ReadAction\",\"target\":[\"https:\/\/camaralatinoafricana.com\/sobre-claf\/aliados\/\"]}]},{\"@type\":\"ImageObject\",\"inLanguage\":\"pt-AO\",\"@id\":\"https:\/\/camaralatinoafricana.com\/sobre-claf\/aliados\/#primaryimage\",\"url\":\"https:\/\/camaralatinoafricana.com\/wp-content\/uploads\/2025\/02\/AMA-Asociacion-Mujeres-Aduaneras.png\",\"contentUrl\":\"https:\/\/camaralatinoafricana.com\/wp-content\/uploads\/2025\/02\/AMA-Asociacion-Mujeres-Aduaneras.png\"},{\"@type\":\"BreadcrumbList\",\"@id\":\"https:\/\/camaralatinoafricana.com\/sobre-claf\/aliados\/#breadcrumb\",\"itemListElement\":[{\"@type\":\"ListItem\",\"position\":1,\"name\":\"Inicio\",\"item\":\"https:\/\/camaralatinoafricana.com\/\"},{\"@type\":\"ListItem\",\"position\":2,\"name\":\"Sobre CLAF\",\"item\":\"https:\/\/camaralatinoafricana.com\/sobre-claf\/\"},{\"@type\":\"ListItem\",\"position\":3,\"name\":\"Aliados\"}]},{\"@type\":\"WebSite\",\"@id\":\"https:\/\/camaralatinoafricana.com\/#website\",\"url\":\"https:\/\/camaralatinoafricana.com\/\",\"name\":\"CLAF\",\"description\":\"C\u00e1mara de Comercio Latino Africana\",\"publisher\":{\"@id\":\"https:\/\/camaralatinoafricana.com\/#organization\"},\"alternateName\":\"C\u00e1mara de Comercio Latino Africana\",\"potentialAction\":[{\"@type\":\"SearchAction\",\"target\":{\"@type\":\"EntryPoint\",\"urlTemplate\":\"https:\/\/camaralatinoafricana.com\/?s={search_term_string}\"},\"query-input\":{\"@type\":\"PropertyValueSpecification\",\"valueRequired\":true,\"valueName\":\"search_term_string\"}}],\"inLanguage\":\"pt-AO\"},{\"@type\":\"Organization\",\"@id\":\"https:\/\/camaralatinoafricana.com\/#organization\",\"name\":\"C\u00e1mara de Comercio Latino Africana\",\"alternateName\":\"CLAF\",\"url\":\"https:\/\/camaralatinoafricana.com\/\",\"logo\":{\"@type\":\"ImageObject\",\"inLanguage\":\"pt-AO\",\"@id\":\"https:\/\/camaralatinoafricana.com\/#\/schema\/logo\/image\/\",\"url\":\"https:\/\/camaralatinoafricana.com\/wp-content\/uploads\/2024\/08\/Logo-CLAF.svg\",\"contentUrl\":\"https:\/\/camaralatinoafricana.com\/wp-content\/uploads\/2024\/08\/Logo-CLAF.svg\",\"width\":767,\"height\":268,\"caption\":\"C\u00e1mara de Comercio Latino Africana\"},\"image\":{\"@id\":\"https:\/\/camaralatinoafricana.com\/#\/schema\/logo\/image\/\"},\"sameAs\":[\"https:\/\/www.facebook.com\/CamaraDeComercioLatinoAfricana\",\"https:\/\/www.instagram.com\/camaradecomerciolatinoafricana\/\",\"https:\/\/www.linkedin.com\/company\/cmara-de-comercio-latino-africana\/\"],\"publishingPrinciples\":\"https:\/\/camaralatinoafricana.com\/privacy-policy\/\",\"ownershipFundingInfo\":\"https:\/\/camaralatinoafricana.com\/sobre-claf\/nuestro-equipo\/directores\/\",\"actionableFeedbackPolicy\":\"https:\/\/camaralatinoafricana.com\/privacy-policy\/\"}]}<\/script>\n<!-- \/ Yoast SEO Premium plugin. -->","yoast_head_json":{"title":"Aliados - CLAF","robots":{"index":"index","follow":"follow","max-snippet":"max-snippet:-1","max-image-preview":"max-image-preview:large","max-video-preview":"max-video-preview:-1"},"canonical":"https:\/\/camaralatinoafricana.com\/pt\/sobre-claf\/aliados\/","og_locale":"pt_PT","og_type":"article","og_title":"Aliados","og_description":"Acuerdos de Cooperaci\u00f3n Los Acuerdos de Cooperaci\u00f3n de la C\u00e1mara de Comercio Latino Africana (CLAF) fortalecen las relaciones comerciales entre Am\u00e9rica Latina y \u00c1frica. A trav\u00e9s de alianzas estrat\u00e9gicas, facilitan el intercambio de conocimientos, impulsan la internacionalizaci\u00f3n de empresas y promueven el acceso a nuevos mercados, fomentando el desarrollo econ\u00f3mico en ambos continentes. Pa\u00eds: Medell\u00edn [&hellip;]","og_url":"https:\/\/camaralatinoafricana.com\/pt\/sobre-claf\/aliados\/","og_site_name":"CLAF","article_publisher":"https:\/\/www.facebook.com\/CamaraDeComercioLatinoAfricana","article_modified_time":"2025-02-18T16:04:22+00:00","og_image":[{"width":213,"height":83,"url":"https:\/\/camaralatinoafricana.com\/wp-content\/uploads\/2025\/02\/AMA-Asociacion-Mujeres-Aduaneras.png","type":"image\/png"}],"twitter_card":"summary_large_image","twitter_misc":{"Est. reading time":"3 minutos"},"schema":{"@context":"https:\/\/schema.org","@graph":[{"@type":"WebPage","@id":"https:\/\/camaralatinoafricana.com\/sobre-claf\/aliados\/","url":"https:\/\/camaralatinoafricana.com\/sobre-claf\/aliados\/","name":"Aliados - CLAF","isPartOf":{"@id":"https:\/\/camaralatinoafricana.com\/#website"},"primaryImageOfPage":{"@id":"https:\/\/camaralatinoafricana.com\/sobre-claf\/aliados\/#primaryimage"},"image":{"@id":"https:\/\/camaralatinoafricana.com\/sobre-claf\/aliados\/#primaryimage"},"thumbnailUrl":"https:\/\/camaralatinoafricana.com\/wp-content\/uploads\/2025\/02\/AMA-Asociacion-Mujeres-Aduaneras.png","datePublished":"2025-02-18T14:57:34+00:00","dateModified":"2025-02-18T16:04:22+00:00","breadcrumb":{"@id":"https:\/\/camaralatinoafricana.com\/sobre-claf\/aliados\/#breadcrumb"},"inLanguage":"pt-AO","potentialAction":[{"@type":"ReadAction","target":["https:\/\/camaralatinoafricana.com\/sobre-claf\/aliados\/"]}]},{"@type":"ImageObject","inLanguage":"pt-AO","@id":"https:\/\/camaralatinoafricana.com\/sobre-claf\/aliados\/#primaryimage","url":"https:\/\/camaralatinoafricana.com\/wp-content\/uploads\/2025\/02\/AMA-Asociacion-Mujeres-Aduaneras.png","contentUrl":"https:\/\/camaralatinoafricana.com\/wp-content\/uploads\/2025\/02\/AMA-Asociacion-Mujeres-Aduaneras.png"},{"@type":"BreadcrumbList","@id":"https:\/\/camaralatinoafricana.com\/sobre-claf\/aliados\/#breadcrumb","itemListElement":[{"@type":"ListItem","position":1,"name":"Inicio","item":"https:\/\/camaralatinoafricana.com\/"},{"@type":"ListItem","position":2,"name":"Sobre CLAF","item":"https:\/\/camaralatinoafricana.com\/sobre-claf\/"},{"@type":"ListItem","position":3,"name":"Aliados"}]},{"@type":"WebSite","@id":"https:\/\/camaralatinoafricana.com\/#website","url":"https:\/\/camaralatinoafricana.com\/","name":"CLAF","description":"C\u00e2mara de Com\u00e9rcio Latino-Africana","publisher":{"@id":"https:\/\/camaralatinoafricana.com\/#organization"},"alternateName":"C\u00e1mara de Comercio Latino Africana","potentialAction":[{"@type":"SearchAction","target":{"@type":"EntryPoint","urlTemplate":"https:\/\/camaralatinoafricana.com\/?s={search_term_string}"},"query-input":{"@type":"PropertyValueSpecification","valueRequired":true,"valueName":"search_term_string"}}],"inLanguage":"pt-AO"},{"@type":"Organization","@id":"https:\/\/camaralatinoafricana.com\/#organization","name":"C\u00e2mara de Com\u00e9rcio Latino-Africana","alternateName":"CLAF","url":"https:\/\/camaralatinoafricana.com\/","logo":{"@type":"ImageObject","inLanguage":"pt-AO","@id":"https:\/\/camaralatinoafricana.com\/#\/schema\/logo\/image\/","url":"https:\/\/camaralatinoafricana.com\/wp-content\/uploads\/2024\/08\/Logo-CLAF.svg","contentUrl":"https:\/\/camaralatinoafricana.com\/wp-content\/uploads\/2024\/08\/Logo-CLAF.svg","width":767,"height":268,"caption":"C\u00e1mara de Comercio Latino Africana"},"image":{"@id":"https:\/\/camaralatinoafricana.com\/#\/schema\/logo\/image\/"},"sameAs":["https:\/\/www.facebook.com\/CamaraDeComercioLatinoAfricana","https:\/\/www.instagram.com\/camaradecomerciolatinoafricana\/","https:\/\/www.linkedin.com\/company\/cmara-de-comercio-latino-africana\/"],"publishingPrinciples":"https:\/\/camaralatinoafricana.com\/privacy-policy\/","ownershipFundingInfo":"https:\/\/camaralatinoafricana.com\/sobre-claf\/nuestro-equipo\/directores\/","actionableFeedbackPolicy":"https:\/\/camaralatinoafricana.com\/privacy-policy\/"}]}},"_links":{"self":[{"href":"https:\/\/camaralatinoafricana.com\/pt\/wp-json\/wp\/v2\/pages\/3379","targetHints":{"allow":["GET"]}}],"collection":[{"href":"https:\/\/camaralatinoafricana.com\/pt\/wp-json\/wp\/v2\/pages"}],"about":[{"href":"https:\/\/camaralatinoafricana.com\/pt\/wp-json\/wp\/v2\/types\/page"}],"author":[{"embeddable":true,"href":"https:\/\/camaralatinoafricana.com\/pt\/wp-json\/wp\/v2\/users\/1"}],"replies":[{"embeddable":true,"href":"https:\/\/camaralatinoafricana.com\/pt\/wp-json\/wp\/v2\/comments?post=3379"}],"version-history":[{"count":7,"href":"https:\/\/camaralatinoafricana.com\/pt\/wp-json\/wp\/v2\/pages\/3379\/revisions"}],"predecessor-version":[{"id":3393,"href":"https:\/\/camaralatinoafricana.com\/pt\/wp-json\/wp\/v2\/pages\/3379\/revisions\/3393"}],"up":[{"embeddable":true,"href":"https:\/\/camaralatinoafricana.com\/pt\/wp-json\/wp\/v2\/pages\/27"}],"wp:attachment":[{"href":"https:\/\/camaralatinoafricana.com\/pt\/wp-json\/wp\/v2\/media?parent=3379"}],"curies":[{"name":"wp","href":"https:\/\/api.w.org\/{rel}","templated":true}]}}