{"id":294,"date":"2024-08-14T00:31:53","date_gmt":"2024-08-14T05:31:53","guid":{"rendered":"https:\/\/camaralatinoafricana.com\/?page_id=294"},"modified":"2024-11-20T17:02:39","modified_gmt":"2024-11-20T22:02:39","slug":"calendario-de-eventos","status":"publish","type":"page","link":"https:\/\/camaralatinoafricana.com\/pt\/enterate\/eventos-y-networking\/calendario-de-eventos\/","title":{"rendered":"Calend\u00e1rio de eventos"},"content":{"rendered":"<div data-elementor-type=\"wp-page\" data-elementor-id=\"294\" class=\"elementor elementor-294\" data-elementor-post-type=\"page\">\n\t\t\t\t<div class=\"elementor-element elementor-element-9c7c09d e-flex e-con-boxed e-con e-parent\" data-id=\"9c7c09d\" data-element_type=\"container\" data-e-type=\"container\" data-settings=\"{&quot;jet_parallax_layout_list&quot;:[]}\">\n\t\t\t\t\t<div class=\"e-con-inner\">\n\t\t\t\t<div class=\"elementor-element elementor-element-3270d22 elementor-grid-3 elementor-grid-tablet-2 elementor-grid-mobile-1 elementor-posts--thumbnail-top elementor-card-shadow-yes elementor-posts__hover-gradient elementor-widget elementor-widget-posts\" data-id=\"3270d22\" data-element_type=\"widget\" data-e-type=\"widget\" data-settings=\"{&quot;cards_row_gap&quot;:{&quot;unit&quot;:&quot;px&quot;,&quot;size&quot;:33,&quot;sizes&quot;:[]},&quot;cards_columns&quot;:&quot;3&quot;,&quot;cards_columns_tablet&quot;:&quot;2&quot;,&quot;cards_columns_mobile&quot;:&quot;1&quot;,&quot;cards_row_gap_tablet&quot;:{&quot;unit&quot;:&quot;px&quot;,&quot;size&quot;:&quot;&quot;,&quot;sizes&quot;:[]},&quot;cards_row_gap_mobile&quot;:{&quot;unit&quot;:&quot;px&quot;,&quot;size&quot;:&quot;&quot;,&quot;sizes&quot;:[]}}\" data-widget_type=\"posts.cards\">\n\t\t\t\t<div class=\"elementor-widget-container\">\n\t\t\t\t\t\t\t<div class=\"elementor-posts-container elementor-posts elementor-posts--skin-cards elementor-grid\" role=\"list\">\n\t\t\t\t<article class=\"elementor-post elementor-grid-item post-3432 post type-post status-publish format-standard has-post-thumbnail hentry category-uncategorized\" role=\"listitem\">\n\t\t\t<div class=\"elementor-post__card\">\n\t\t\t\t<a class=\"elementor-post__thumbnail__link\" href=\"https:\/\/camaralatinoafricana.com\/pt\/forum-2025\/\" tabindex=\"-1\" ><div class=\"elementor-post__thumbnail\"><img fetchpriority=\"high\" decoding=\"async\" width=\"240\" height=\"300\" src=\"https:\/\/camaralatinoafricana.com\/wp-content\/uploads\/2025\/08\/Forum2025ES-1-240x300.jpg\" class=\"attachment-medium size-medium wp-image-3451\" alt=\"\" srcset=\"https:\/\/camaralatinoafricana.com\/wp-content\/uploads\/2025\/08\/Forum2025ES-1-240x300.jpg 240w, https:\/\/camaralatinoafricana.com\/wp-content\/uploads\/2025\/08\/Forum2025ES-1-768x960.jpg 768w, https:\/\/camaralatinoafricana.com\/wp-content\/uploads\/2025\/08\/Forum2025ES-1-10x12.jpg 10w, https:\/\/camaralatinoafricana.com\/wp-content\/uploads\/2025\/08\/Forum2025ES-1-600x750.jpg 600w, https:\/\/camaralatinoafricana.com\/wp-content\/uploads\/2025\/08\/Forum2025ES-1.jpg 1080w\" sizes=\"(max-width: 240px) 100vw, 240px\" \/><\/div><\/a>\n\t\t\t\t<div class=\"elementor-post__badge\">Sem categoria<\/div>\n\t\t\t\t<div class=\"elementor-post__text\">\n\t\t\t\t<h3 class=\"elementor-post__title\">\n\t\t\t<a href=\"https:\/\/camaralatinoafricana.com\/pt\/forum-2025\/\" >\n\t\t\t\tI F\u00f3rum Internacional de Neg\u00f3cios e Experi\u00eancias Latam \u00c1frica\t\t\t<\/a>\n\t\t<\/h3>\n\t\t\t\t<div class=\"elementor-post__excerpt\">\n\t\t\t<p>Participe nos dias 1 e 2 de outubro de 2025, na Corpora\u00e7\u00e3o Universit\u00e1ria Minuto de Dios em Bogot\u00e1, onde especialistas se reunir\u00e3o para discutir quest\u00f5es de com\u00e9rcio internacional, investimento estrangeiro, coopera\u00e7\u00e3o, conetividade log\u00edstica e novas tecnologias, promovendo oportunidades e alian\u00e7as estrat\u00e9gicas.<\/p>\n\t\t<\/div>\n\t\t\n\t\t<a class=\"elementor-post__read-more\" href=\"https:\/\/camaralatinoafricana.com\/pt\/forum-2025\/\" aria-label=\"Leia mais sobre I F\u00f3rum Internacional de Neg\u00f3cios e Experi\u00eancias Latam \u00c1frica\" tabindex=\"-1\" >\n\t\t\tLer mais \"\t\t<\/a>\n\n\t\t\t\t<\/div>\n\t\t\t\t\t<\/div>\n\t\t<\/article>\n\t\t\t\t<article class=\"elementor-post elementor-grid-item post-3315 post type-post status-publish format-standard has-post-thumbnail hentry category-webinar\" role=\"listitem\">\n\t\t\t<div class=\"elementor-post__card\">\n\t\t\t\t<a class=\"elementor-post__thumbnail__link\" href=\"https:\/\/camaralatinoafricana.com\/pt\/webinar-unlocking-africas-investment-opportunities\/\" tabindex=\"-1\" ><div class=\"elementor-post__thumbnail\"><img decoding=\"async\" width=\"300\" height=\"300\" src=\"https:\/\/camaralatinoafricana.com\/wp-content\/uploads\/2024\/11\/Webinar-Unlocking-Africa-Investment-Opportunities-1-300x300.jpg\" class=\"attachment-medium size-medium wp-image-3320\" alt=\"\" srcset=\"https:\/\/camaralatinoafricana.com\/wp-content\/uploads\/2024\/11\/Webinar-Unlocking-Africa-Investment-Opportunities-1-300x300.jpg 300w, https:\/\/camaralatinoafricana.com\/wp-content\/uploads\/2024\/11\/Webinar-Unlocking-Africa-Investment-Opportunities-1-150x150.jpg 150w, https:\/\/camaralatinoafricana.com\/wp-content\/uploads\/2024\/11\/Webinar-Unlocking-Africa-Investment-Opportunities-1-768x768.jpg 768w, https:\/\/camaralatinoafricana.com\/wp-content\/uploads\/2024\/11\/Webinar-Unlocking-Africa-Investment-Opportunities-1-12x12.jpg 12w, https:\/\/camaralatinoafricana.com\/wp-content\/uploads\/2024\/11\/Webinar-Unlocking-Africa-Investment-Opportunities-1-600x600.jpg 600w, https:\/\/camaralatinoafricana.com\/wp-content\/uploads\/2024\/11\/Webinar-Unlocking-Africa-Investment-Opportunities-1-100x100.jpg 100w, https:\/\/camaralatinoafricana.com\/wp-content\/uploads\/2024\/11\/Webinar-Unlocking-Africa-Investment-Opportunities-1.jpg 1080w\" sizes=\"(max-width: 300px) 100vw, 300px\" \/><\/div><\/a>\n\t\t\t\t<div class=\"elementor-post__badge\">Webinar<\/div>\n\t\t\t\t<div class=\"elementor-post__text\">\n\t\t\t\t<h3 class=\"elementor-post__title\">\n\t\t\t<a href=\"https:\/\/camaralatinoafricana.com\/pt\/webinar-unlocking-africas-investment-opportunities\/\" >\n\t\t\t\tWebinar: Desbloquear as oportunidades de investimento em \u00c1frica\t\t\t<\/a>\n\t\t<\/h3>\n\t\t\t\t<div class=\"elementor-post__excerpt\">\n\t\t\t<p>Quer explorar um dos mercados mais din\u00e2micos e promissores do mundo? Participe no nosso webinar \"Unlocking Africa's Investment Opportunities\".<\/p>\n\t\t<\/div>\n\t\t\n\t\t<a class=\"elementor-post__read-more\" href=\"https:\/\/camaralatinoafricana.com\/pt\/webinar-unlocking-africas-investment-opportunities\/\" aria-label=\"Ler mais sobre Webinar: Desbloquear as oportunidades de investimento em \u00c1frica\" tabindex=\"-1\" >\n\t\t\tLer mais \"\t\t<\/a>\n\n\t\t\t\t<\/div>\n\t\t\t\t\t<\/div>\n\t\t<\/article>\n\t\t\t\t<article class=\"elementor-post elementor-grid-item post-3267 post type-post status-publish format-standard has-post-thumbnail hentry category-networking\" role=\"listitem\">\n\t\t\t<div class=\"elementor-post__card\">\n\t\t\t\t<a class=\"elementor-post__thumbnail__link\" href=\"https:\/\/camaralatinoafricana.com\/pt\/africa-el-continente-de-las-oportunidades\/\" tabindex=\"-1\" ><div class=\"elementor-post__thumbnail\"><img decoding=\"async\" width=\"300\" height=\"300\" src=\"https:\/\/camaralatinoafricana.com\/wp-content\/uploads\/2024\/11\/Desayuno-empresarial-12-dic-2024-300x300.jpg\" class=\"attachment-medium size-medium wp-image-3271\" alt=\"\" srcset=\"https:\/\/camaralatinoafricana.com\/wp-content\/uploads\/2024\/11\/Desayuno-empresarial-12-dic-2024-300x300.jpg 300w, https:\/\/camaralatinoafricana.com\/wp-content\/uploads\/2024\/11\/Desayuno-empresarial-12-dic-2024-150x150.jpg 150w, https:\/\/camaralatinoafricana.com\/wp-content\/uploads\/2024\/11\/Desayuno-empresarial-12-dic-2024-768x768.jpg 768w, https:\/\/camaralatinoafricana.com\/wp-content\/uploads\/2024\/11\/Desayuno-empresarial-12-dic-2024-1536x1536.jpg 1536w, https:\/\/camaralatinoafricana.com\/wp-content\/uploads\/2024\/11\/Desayuno-empresarial-12-dic-2024-12x12.jpg 12w, https:\/\/camaralatinoafricana.com\/wp-content\/uploads\/2024\/11\/Desayuno-empresarial-12-dic-2024-600x600.jpg 600w, https:\/\/camaralatinoafricana.com\/wp-content\/uploads\/2024\/11\/Desayuno-empresarial-12-dic-2024-100x100.jpg 100w, https:\/\/camaralatinoafricana.com\/wp-content\/uploads\/2024\/11\/Desayuno-empresarial-12-dic-2024.jpg 1600w\" sizes=\"(max-width: 300px) 100vw, 300px\" \/><\/div><\/a>\n\t\t\t\t<div class=\"elementor-post__badge\">Liga\u00e7\u00e3o em rede<\/div>\n\t\t\t\t<div class=\"elementor-post__text\">\n\t\t\t\t<h3 class=\"elementor-post__title\">\n\t\t\t<a href=\"https:\/\/camaralatinoafricana.com\/pt\/africa-el-continente-de-las-oportunidades\/\" >\n\t\t\t\t\u00c1frica, o continente das oportunidades\t\t\t<\/a>\n\t\t<\/h3>\n\t\t\t\t<div class=\"elementor-post__excerpt\">\n\t\t\t<p>CLAF, a C\u00e2mara de Com\u00e9rcio Latino Africana, convida-o para um pequeno-almo\u00e7o de neg\u00f3cios exclusivo onde poder\u00e1 explorar as enormes oportunidades de internacionaliza\u00e7\u00e3o para \u00c1frica. Este evento \u00e9 a oportunidade perfeita para conhecer o potencial do continente africano, estabelecer contactos estrat\u00e9gicos e desfrutar de um espa\u00e7o de networking enriquecedor.<\/p>\n\t\t<\/div>\n\t\t\n\t\t<a class=\"elementor-post__read-more\" href=\"https:\/\/camaralatinoafricana.com\/pt\/africa-el-continente-de-las-oportunidades\/\" aria-label=\"Ler mais sobre \u00c1frica, o continente das oportunidades\" tabindex=\"-1\" >\n\t\t\tLer mais \"\t\t<\/a>\n\n\t\t\t\t<\/div>\n\t\t\t\t\t<\/div>\n\t\t<\/article>\n\t\t\t\t<\/div>\n\t\t\n\t\t\t\t\t\t<\/div>\n\t\t\t\t<\/div>\n\t\t\t\t\t<\/div>\n\t\t\t\t<\/div>\n\t\t\t\t<\/div>","protected":false},"excerpt":{"rendered":"","protected":false},"author":1,"featured_media":0,"parent":37,"menu_order":1,"comment_status":"closed","ping_status":"closed","template":"","meta":{"content-type":"","_monsterinsights_skip_tracking":false,"_monsterinsights_sitenote_active":false,"_monsterinsights_sitenote_note":"","_monsterinsights_sitenote_category":0,"footnotes":""},"class_list":["post-294","page","type-page","status-publish","hentry"],"yoast_head":"<!-- This site is optimized with the Yoast SEO Premium plugin v23.2 (Yoast SEO v27.2) - https:\/\/yoast.com\/product\/yoast-seo-premium-wordpress\/ -->\n<title>Calendario de eventos - CLAF<\/title>\n<meta name=\"robots\" content=\"index, follow, max-snippet:-1, max-image-preview:large, max-video-preview:-1\" \/>\n<link rel=\"canonical\" href=\"https:\/\/camaralatinoafricana.com\/pt\/enterate\/eventos-y-networking\/calendario-de-eventos\/\" \/>\n<meta property=\"og:locale\" content=\"pt_PT\" \/>\n<meta property=\"og:type\" content=\"article\" \/>\n<meta property=\"og:title\" content=\"Calendario de eventos\" \/>\n<meta property=\"og:url\" content=\"https:\/\/camaralatinoafricana.com\/pt\/enterate\/eventos-y-networking\/calendario-de-eventos\/\" \/>\n<meta property=\"og:site_name\" content=\"CLAF\" \/>\n<meta property=\"article:publisher\" content=\"https:\/\/www.facebook.com\/CamaraDeComercioLatinoAfricana\" \/>\n<meta property=\"article:modified_time\" content=\"2024-11-20T22:02:39+00:00\" \/>\n<meta name=\"twitter:card\" content=\"summary_large_image\" \/>\n<meta name=\"twitter:label1\" content=\"Est. reading time\" \/>\n\t<meta name=\"twitter:data1\" content=\"1 minuto\" \/>\n<script type=\"application\/ld+json\" class=\"yoast-schema-graph\">{\"@context\":\"https:\/\/schema.org\",\"@graph\":[{\"@type\":\"WebPage\",\"@id\":\"https:\/\/camaralatinoafricana.com\/enterate\/eventos-y-networking\/calendario-de-eventos\/\",\"url\":\"https:\/\/camaralatinoafricana.com\/enterate\/eventos-y-networking\/calendario-de-eventos\/\",\"name\":\"Calendario de eventos - CLAF\",\"isPartOf\":{\"@id\":\"https:\/\/camaralatinoafricana.com\/#website\"},\"datePublished\":\"2024-08-14T05:31:53+00:00\",\"dateModified\":\"2024-11-20T22:02:39+00:00\",\"breadcrumb\":{\"@id\":\"https:\/\/camaralatinoafricana.com\/enterate\/eventos-y-networking\/calendario-de-eventos\/#breadcrumb\"},\"inLanguage\":\"pt-AO\",\"potentialAction\":[{\"@type\":\"ReadAction\",\"target\":[\"https:\/\/camaralatinoafricana.com\/enterate\/eventos-y-networking\/calendario-de-eventos\/\"]}]},{\"@type\":\"BreadcrumbList\",\"@id\":\"https:\/\/camaralatinoafricana.com\/enterate\/eventos-y-networking\/calendario-de-eventos\/#breadcrumb\",\"itemListElement\":[{\"@type\":\"ListItem\",\"position\":1,\"name\":\"Inicio\",\"item\":\"https:\/\/camaralatinoafricana.com\/\"},{\"@type\":\"ListItem\",\"position\":2,\"name\":\"\u00a1Ent\u00e9rate!\",\"item\":\"https:\/\/camaralatinoafricana.com\/enterate\/\"},{\"@type\":\"ListItem\",\"position\":3,\"name\":\"Eventos y Networking\",\"item\":\"https:\/\/camaralatinoafricana.com\/enterate\/eventos-y-networking\/\"},{\"@type\":\"ListItem\",\"position\":4,\"name\":\"Calendario de eventos\"}]},{\"@type\":\"WebSite\",\"@id\":\"https:\/\/camaralatinoafricana.com\/#website\",\"url\":\"https:\/\/camaralatinoafricana.com\/\",\"name\":\"CLAF\",\"description\":\"C\u00e1mara de Comercio Latino Africana\",\"publisher\":{\"@id\":\"https:\/\/camaralatinoafricana.com\/#organization\"},\"alternateName\":\"C\u00e1mara de Comercio Latino Africana\",\"potentialAction\":[{\"@type\":\"SearchAction\",\"target\":{\"@type\":\"EntryPoint\",\"urlTemplate\":\"https:\/\/camaralatinoafricana.com\/?s={search_term_string}\"},\"query-input\":{\"@type\":\"PropertyValueSpecification\",\"valueRequired\":true,\"valueName\":\"search_term_string\"}}],\"inLanguage\":\"pt-AO\"},{\"@type\":\"Organization\",\"@id\":\"https:\/\/camaralatinoafricana.com\/#organization\",\"name\":\"C\u00e1mara de Comercio Latino Africana\",\"alternateName\":\"CLAF\",\"url\":\"https:\/\/camaralatinoafricana.com\/\",\"logo\":{\"@type\":\"ImageObject\",\"inLanguage\":\"pt-AO\",\"@id\":\"https:\/\/camaralatinoafricana.com\/#\/schema\/logo\/image\/\",\"url\":\"https:\/\/camaralatinoafricana.com\/wp-content\/uploads\/2024\/08\/Logo-CLAF.svg\",\"contentUrl\":\"https:\/\/camaralatinoafricana.com\/wp-content\/uploads\/2024\/08\/Logo-CLAF.svg\",\"width\":767,\"height\":268,\"caption\":\"C\u00e1mara de Comercio Latino Africana\"},\"image\":{\"@id\":\"https:\/\/camaralatinoafricana.com\/#\/schema\/logo\/image\/\"},\"sameAs\":[\"https:\/\/www.facebook.com\/CamaraDeComercioLatinoAfricana\",\"https:\/\/www.instagram.com\/camaradecomerciolatinoafricana\/\",\"https:\/\/www.linkedin.com\/company\/cmara-de-comercio-latino-africana\/\"],\"publishingPrinciples\":\"https:\/\/camaralatinoafricana.com\/privacy-policy\/\",\"ownershipFundingInfo\":\"https:\/\/camaralatinoafricana.com\/sobre-claf\/nuestro-equipo\/directores\/\",\"actionableFeedbackPolicy\":\"https:\/\/camaralatinoafricana.com\/privacy-policy\/\"}]}<\/script>\n<!-- \/ Yoast SEO Premium plugin. -->","yoast_head_json":{"title":"Calendario de eventos - CLAF","robots":{"index":"index","follow":"follow","max-snippet":"max-snippet:-1","max-image-preview":"max-image-preview:large","max-video-preview":"max-video-preview:-1"},"canonical":"https:\/\/camaralatinoafricana.com\/pt\/enterate\/eventos-y-networking\/calendario-de-eventos\/","og_locale":"pt_PT","og_type":"article","og_title":"Calendario de eventos","og_url":"https:\/\/camaralatinoafricana.com\/pt\/enterate\/eventos-y-networking\/calendario-de-eventos\/","og_site_name":"CLAF","article_publisher":"https:\/\/www.facebook.com\/CamaraDeComercioLatinoAfricana","article_modified_time":"2024-11-20T22:02:39+00:00","twitter_card":"summary_large_image","twitter_misc":{"Est. reading time":"1 minuto"},"schema":{"@context":"https:\/\/schema.org","@graph":[{"@type":"WebPage","@id":"https:\/\/camaralatinoafricana.com\/enterate\/eventos-y-networking\/calendario-de-eventos\/","url":"https:\/\/camaralatinoafricana.com\/enterate\/eventos-y-networking\/calendario-de-eventos\/","name":"Calendario de eventos - CLAF","isPartOf":{"@id":"https:\/\/camaralatinoafricana.com\/#website"},"datePublished":"2024-08-14T05:31:53+00:00","dateModified":"2024-11-20T22:02:39+00:00","breadcrumb":{"@id":"https:\/\/camaralatinoafricana.com\/enterate\/eventos-y-networking\/calendario-de-eventos\/#breadcrumb"},"inLanguage":"pt-AO","potentialAction":[{"@type":"ReadAction","target":["https:\/\/camaralatinoafricana.com\/enterate\/eventos-y-networking\/calendario-de-eventos\/"]}]},{"@type":"BreadcrumbList","@id":"https:\/\/camaralatinoafricana.com\/enterate\/eventos-y-networking\/calendario-de-eventos\/#breadcrumb","itemListElement":[{"@type":"ListItem","position":1,"name":"Inicio","item":"https:\/\/camaralatinoafricana.com\/"},{"@type":"ListItem","position":2,"name":"\u00a1Ent\u00e9rate!","item":"https:\/\/camaralatinoafricana.com\/enterate\/"},{"@type":"ListItem","position":3,"name":"Eventos y Networking","item":"https:\/\/camaralatinoafricana.com\/enterate\/eventos-y-networking\/"},{"@type":"ListItem","position":4,"name":"Calendario de eventos"}]},{"@type":"WebSite","@id":"https:\/\/camaralatinoafricana.com\/#website","url":"https:\/\/camaralatinoafricana.com\/","name":"CLAF","description":"C\u00e2mara de Com\u00e9rcio Latino-Africana","publisher":{"@id":"https:\/\/camaralatinoafricana.com\/#organization"},"alternateName":"C\u00e1mara de Comercio Latino Africana","potentialAction":[{"@type":"SearchAction","target":{"@type":"EntryPoint","urlTemplate":"https:\/\/camaralatinoafricana.com\/?s={search_term_string}"},"query-input":{"@type":"PropertyValueSpecification","valueRequired":true,"valueName":"search_term_string"}}],"inLanguage":"pt-AO"},{"@type":"Organization","@id":"https:\/\/camaralatinoafricana.com\/#organization","name":"C\u00e2mara de Com\u00e9rcio Latino-Africana","alternateName":"CLAF","url":"https:\/\/camaralatinoafricana.com\/","logo":{"@type":"ImageObject","inLanguage":"pt-AO","@id":"https:\/\/camaralatinoafricana.com\/#\/schema\/logo\/image\/","url":"https:\/\/camaralatinoafricana.com\/wp-content\/uploads\/2024\/08\/Logo-CLAF.svg","contentUrl":"https:\/\/camaralatinoafricana.com\/wp-content\/uploads\/2024\/08\/Logo-CLAF.svg","width":767,"height":268,"caption":"C\u00e1mara de Comercio Latino Africana"},"image":{"@id":"https:\/\/camaralatinoafricana.com\/#\/schema\/logo\/image\/"},"sameAs":["https:\/\/www.facebook.com\/CamaraDeComercioLatinoAfricana","https:\/\/www.instagram.com\/camaradecomerciolatinoafricana\/","https:\/\/www.linkedin.com\/company\/cmara-de-comercio-latino-africana\/"],"publishingPrinciples":"https:\/\/camaralatinoafricana.com\/privacy-policy\/","ownershipFundingInfo":"https:\/\/camaralatinoafricana.com\/sobre-claf\/nuestro-equipo\/directores\/","actionableFeedbackPolicy":"https:\/\/camaralatinoafricana.com\/privacy-policy\/"}]}},"_links":{"self":[{"href":"https:\/\/camaralatinoafricana.com\/pt\/wp-json\/wp\/v2\/pages\/294","targetHints":{"allow":["GET"]}}],"collection":[{"href":"https:\/\/camaralatinoafricana.com\/pt\/wp-json\/wp\/v2\/pages"}],"about":[{"href":"https:\/\/camaralatinoafricana.com\/pt\/wp-json\/wp\/v2\/types\/page"}],"author":[{"embeddable":true,"href":"https:\/\/camaralatinoafricana.com\/pt\/wp-json\/wp\/v2\/users\/1"}],"replies":[{"embeddable":true,"href":"https:\/\/camaralatinoafricana.com\/pt\/wp-json\/wp\/v2\/comments?post=294"}],"version-history":[{"count":3,"href":"https:\/\/camaralatinoafricana.com\/pt\/wp-json\/wp\/v2\/pages\/294\/revisions"}],"predecessor-version":[{"id":3331,"href":"https:\/\/camaralatinoafricana.com\/pt\/wp-json\/wp\/v2\/pages\/294\/revisions\/3331"}],"up":[{"embeddable":true,"href":"https:\/\/camaralatinoafricana.com\/pt\/wp-json\/wp\/v2\/pages\/37"}],"wp:attachment":[{"href":"https:\/\/camaralatinoafricana.com\/pt\/wp-json\/wp\/v2\/media?parent=294"}],"curies":[{"name":"wp","href":"https:\/\/api.w.org\/{rel}","templated":true}]}}