{"id":267,"date":"2024-08-14T00:12:21","date_gmt":"2024-08-14T05:12:21","guid":{"rendered":"https:\/\/camaralatinoafricana.com\/?page_id=267"},"modified":"2024-08-14T00:12:21","modified_gmt":"2024-08-14T05:12:21","slug":"formacion-y-capacitacion","status":"publish","type":"page","link":"https:\/\/camaralatinoafricana.com\/pt\/servicios\/formacion-y-capacitacion\/","title":{"rendered":"Forma\u00e7\u00e3o e refor\u00e7o das capacidades"},"content":{"rendered":"","protected":false},"excerpt":{"rendered":"","protected":false},"author":1,"featured_media":0,"parent":29,"menu_order":4,"comment_status":"closed","ping_status":"closed","template":"","meta":{"content-type":"","_monsterinsights_skip_tracking":false,"_monsterinsights_sitenote_active":false,"_monsterinsights_sitenote_note":"","_monsterinsights_sitenote_category":0,"footnotes":""},"class_list":["post-267","page","type-page","status-publish","hentry"],"yoast_head":"<!-- This site is optimized with the Yoast SEO Premium plugin v23.2 (Yoast SEO v27.2) - https:\/\/yoast.com\/product\/yoast-seo-premium-wordpress\/ -->\n<title>Formaci\u00f3n y capacitaci\u00f3n - CLAF<\/title>\n<meta name=\"robots\" content=\"index, follow, max-snippet:-1, max-image-preview:large, max-video-preview:-1\" \/>\n<link rel=\"canonical\" href=\"https:\/\/camaralatinoafricana.com\/pt\/servicios\/formacion-y-capacitacion\/\" \/>\n<meta property=\"og:locale\" content=\"pt_PT\" \/>\n<meta property=\"og:type\" content=\"article\" \/>\n<meta property=\"og:title\" content=\"Formaci\u00f3n y capacitaci\u00f3n\" \/>\n<meta property=\"og:url\" content=\"https:\/\/camaralatinoafricana.com\/pt\/servicios\/formacion-y-capacitacion\/\" \/>\n<meta property=\"og:site_name\" content=\"CLAF\" \/>\n<meta property=\"article:publisher\" content=\"https:\/\/www.facebook.com\/CamaraDeComercioLatinoAfricana\" \/>\n<meta name=\"twitter:card\" content=\"summary_large_image\" \/>\n<script type=\"application\/ld+json\" class=\"yoast-schema-graph\">{\"@context\":\"https:\/\/schema.org\",\"@graph\":[{\"@type\":\"WebPage\",\"@id\":\"https:\/\/camaralatinoafricana.com\/servicios\/formacion-y-capacitacion\/\",\"url\":\"https:\/\/camaralatinoafricana.com\/servicios\/formacion-y-capacitacion\/\",\"name\":\"Formaci\u00f3n y capacitaci\u00f3n - CLAF\",\"isPartOf\":{\"@id\":\"https:\/\/camaralatinoafricana.com\/#website\"},\"datePublished\":\"2024-08-14T05:12:21+00:00\",\"breadcrumb\":{\"@id\":\"https:\/\/camaralatinoafricana.com\/servicios\/formacion-y-capacitacion\/#breadcrumb\"},\"inLanguage\":\"pt-AO\",\"potentialAction\":[{\"@type\":\"ReadAction\",\"target\":[\"https:\/\/camaralatinoafricana.com\/servicios\/formacion-y-capacitacion\/\"]}]},{\"@type\":\"BreadcrumbList\",\"@id\":\"https:\/\/camaralatinoafricana.com\/servicios\/formacion-y-capacitacion\/#breadcrumb\",\"itemListElement\":[{\"@type\":\"ListItem\",\"position\":1,\"name\":\"Inicio\",\"item\":\"https:\/\/camaralatinoafricana.com\/\"},{\"@type\":\"ListItem\",\"position\":2,\"name\":\"Servicios\",\"item\":\"https:\/\/camaralatinoafricana.com\/servicios\/\"},{\"@type\":\"ListItem\",\"position\":3,\"name\":\"Formaci\u00f3n y capacitaci\u00f3n\"}]},{\"@type\":\"WebSite\",\"@id\":\"https:\/\/camaralatinoafricana.com\/#website\",\"url\":\"https:\/\/camaralatinoafricana.com\/\",\"name\":\"CLAF\",\"description\":\"C\u00e1mara de Comercio Latino Africana\",\"publisher\":{\"@id\":\"https:\/\/camaralatinoafricana.com\/#organization\"},\"alternateName\":\"C\u00e1mara de Comercio Latino Africana\",\"potentialAction\":[{\"@type\":\"SearchAction\",\"target\":{\"@type\":\"EntryPoint\",\"urlTemplate\":\"https:\/\/camaralatinoafricana.com\/?s={search_term_string}\"},\"query-input\":{\"@type\":\"PropertyValueSpecification\",\"valueRequired\":true,\"valueName\":\"search_term_string\"}}],\"inLanguage\":\"pt-AO\"},{\"@type\":\"Organization\",\"@id\":\"https:\/\/camaralatinoafricana.com\/#organization\",\"name\":\"C\u00e1mara de Comercio Latino Africana\",\"alternateName\":\"CLAF\",\"url\":\"https:\/\/camaralatinoafricana.com\/\",\"logo\":{\"@type\":\"ImageObject\",\"inLanguage\":\"pt-AO\",\"@id\":\"https:\/\/camaralatinoafricana.com\/#\/schema\/logo\/image\/\",\"url\":\"https:\/\/camaralatinoafricana.com\/wp-content\/uploads\/2024\/08\/Logo-CLAF.svg\",\"contentUrl\":\"https:\/\/camaralatinoafricana.com\/wp-content\/uploads\/2024\/08\/Logo-CLAF.svg\",\"width\":767,\"height\":268,\"caption\":\"C\u00e1mara de Comercio Latino Africana\"},\"image\":{\"@id\":\"https:\/\/camaralatinoafricana.com\/#\/schema\/logo\/image\/\"},\"sameAs\":[\"https:\/\/www.facebook.com\/CamaraDeComercioLatinoAfricana\",\"https:\/\/www.instagram.com\/camaradecomerciolatinoafricana\/\",\"https:\/\/www.linkedin.com\/company\/cmara-de-comercio-latino-africana\/\"],\"publishingPrinciples\":\"https:\/\/camaralatinoafricana.com\/privacy-policy\/\",\"ownershipFundingInfo\":\"https:\/\/camaralatinoafricana.com\/sobre-claf\/nuestro-equipo\/directores\/\",\"actionableFeedbackPolicy\":\"https:\/\/camaralatinoafricana.com\/privacy-policy\/\"}]}<\/script>\n<!-- \/ Yoast SEO Premium plugin. -->","yoast_head_json":{"title":"Formaci\u00f3n y capacitaci\u00f3n - CLAF","robots":{"index":"index","follow":"follow","max-snippet":"max-snippet:-1","max-image-preview":"max-image-preview:large","max-video-preview":"max-video-preview:-1"},"canonical":"https:\/\/camaralatinoafricana.com\/pt\/servicios\/formacion-y-capacitacion\/","og_locale":"pt_PT","og_type":"article","og_title":"Formaci\u00f3n y capacitaci\u00f3n","og_url":"https:\/\/camaralatinoafricana.com\/pt\/servicios\/formacion-y-capacitacion\/","og_site_name":"CLAF","article_publisher":"https:\/\/www.facebook.com\/CamaraDeComercioLatinoAfricana","twitter_card":"summary_large_image","schema":{"@context":"https:\/\/schema.org","@graph":[{"@type":"WebPage","@id":"https:\/\/camaralatinoafricana.com\/servicios\/formacion-y-capacitacion\/","url":"https:\/\/camaralatinoafricana.com\/servicios\/formacion-y-capacitacion\/","name":"Formaci\u00f3n y capacitaci\u00f3n - CLAF","isPartOf":{"@id":"https:\/\/camaralatinoafricana.com\/#website"},"datePublished":"2024-08-14T05:12:21+00:00","breadcrumb":{"@id":"https:\/\/camaralatinoafricana.com\/servicios\/formacion-y-capacitacion\/#breadcrumb"},"inLanguage":"pt-AO","potentialAction":[{"@type":"ReadAction","target":["https:\/\/camaralatinoafricana.com\/servicios\/formacion-y-capacitacion\/"]}]},{"@type":"BreadcrumbList","@id":"https:\/\/camaralatinoafricana.com\/servicios\/formacion-y-capacitacion\/#breadcrumb","itemListElement":[{"@type":"ListItem","position":1,"name":"Inicio","item":"https:\/\/camaralatinoafricana.com\/"},{"@type":"ListItem","position":2,"name":"Servicios","item":"https:\/\/camaralatinoafricana.com\/servicios\/"},{"@type":"ListItem","position":3,"name":"Formaci\u00f3n y capacitaci\u00f3n"}]},{"@type":"WebSite","@id":"https:\/\/camaralatinoafricana.com\/#website","url":"https:\/\/camaralatinoafricana.com\/","name":"CLAF","description":"C\u00e2mara de Com\u00e9rcio Latino-Africana","publisher":{"@id":"https:\/\/camaralatinoafricana.com\/#organization"},"alternateName":"C\u00e1mara de Comercio Latino Africana","potentialAction":[{"@type":"SearchAction","target":{"@type":"EntryPoint","urlTemplate":"https:\/\/camaralatinoafricana.com\/?s={search_term_string}"},"query-input":{"@type":"PropertyValueSpecification","valueRequired":true,"valueName":"search_term_string"}}],"inLanguage":"pt-AO"},{"@type":"Organization","@id":"https:\/\/camaralatinoafricana.com\/#organization","name":"C\u00e2mara de Com\u00e9rcio Latino-Africana","alternateName":"CLAF","url":"https:\/\/camaralatinoafricana.com\/","logo":{"@type":"ImageObject","inLanguage":"pt-AO","@id":"https:\/\/camaralatinoafricana.com\/#\/schema\/logo\/image\/","url":"https:\/\/camaralatinoafricana.com\/wp-content\/uploads\/2024\/08\/Logo-CLAF.svg","contentUrl":"https:\/\/camaralatinoafricana.com\/wp-content\/uploads\/2024\/08\/Logo-CLAF.svg","width":767,"height":268,"caption":"C\u00e1mara de Comercio Latino Africana"},"image":{"@id":"https:\/\/camaralatinoafricana.com\/#\/schema\/logo\/image\/"},"sameAs":["https:\/\/www.facebook.com\/CamaraDeComercioLatinoAfricana","https:\/\/www.instagram.com\/camaradecomerciolatinoafricana\/","https:\/\/www.linkedin.com\/company\/cmara-de-comercio-latino-africana\/"],"publishingPrinciples":"https:\/\/camaralatinoafricana.com\/privacy-policy\/","ownershipFundingInfo":"https:\/\/camaralatinoafricana.com\/sobre-claf\/nuestro-equipo\/directores\/","actionableFeedbackPolicy":"https:\/\/camaralatinoafricana.com\/privacy-policy\/"}]}},"_links":{"self":[{"href":"https:\/\/camaralatinoafricana.com\/pt\/wp-json\/wp\/v2\/pages\/267","targetHints":{"allow":["GET"]}}],"collection":[{"href":"https:\/\/camaralatinoafricana.com\/pt\/wp-json\/wp\/v2\/pages"}],"about":[{"href":"https:\/\/camaralatinoafricana.com\/pt\/wp-json\/wp\/v2\/types\/page"}],"author":[{"embeddable":true,"href":"https:\/\/camaralatinoafricana.com\/pt\/wp-json\/wp\/v2\/users\/1"}],"replies":[{"embeddable":true,"href":"https:\/\/camaralatinoafricana.com\/pt\/wp-json\/wp\/v2\/comments?post=267"}],"version-history":[{"count":0,"href":"https:\/\/camaralatinoafricana.com\/pt\/wp-json\/wp\/v2\/pages\/267\/revisions"}],"up":[{"embeddable":true,"href":"https:\/\/camaralatinoafricana.com\/pt\/wp-json\/wp\/v2\/pages\/29"}],"wp:attachment":[{"href":"https:\/\/camaralatinoafricana.com\/pt\/wp-json\/wp\/v2\/media?parent=267"}],"curies":[{"name":"wp","href":"https:\/\/api.w.org\/{rel}","templated":true}]}}