{"id":251,"date":"2024-08-14T00:04:52","date_gmt":"2024-08-14T05:04:52","guid":{"rendered":"https:\/\/camaralatinoafricana.com\/?page_id=251"},"modified":"2024-08-15T01:40:44","modified_gmt":"2024-08-15T06:40:44","slug":"quienes-somos","status":"publish","type":"page","link":"https:\/\/camaralatinoafricana.com\/pt\/sobre-claf\/quienes-somos\/","title":{"rendered":"Quem somos n\u00f3s?"},"content":{"rendered":"<h3><strong>Quem somos n\u00f3s?<\/strong><\/h3>\n<p>A C\u00e2mara de Com\u00e9rcio Latino-Africana (CLAF) \u00e9 uma organiza\u00e7\u00e3o dedicada a facilitar, promover e melhorar o interc\u00e2mbio de com\u00e9rcio, conhecimentos, recursos e experi\u00eancias entre empres\u00e1rios, diplomatas e agentes culturais da Am\u00e9rica Latina e \u00c1frica. O nosso \u00e2mbito de atua\u00e7\u00e3o abrange aspectos como:<\/p>\n<ol>\n<li>Desenvolver iniciativas de coopera\u00e7\u00e3o centradas na internacionaliza\u00e7\u00e3o de bens e servi\u00e7os.<\/li>\n<li>Organizar eventos inovadores e programas de cria\u00e7\u00e3o de redes que liguem os principais actores de ambos os continentes.<\/li>\n<li>Fomentar um di\u00e1logo intercultural enriquecedor que preencha as lacunas hist\u00f3ricas e promova a compreens\u00e3o m\u00fatua.<\/li>\n<li>Promover projectos que contribuam para o crescimento econ\u00f3mico sustent\u00e1vel e a prosperidade partilhada entre a Am\u00e9rica Latina e a \u00c1frica.<\/li>\n<li>Atuar como uma ponte estrat\u00e9gica para empresas, institui\u00e7\u00f5es e governos interessados em explorar oportunidades de colabora\u00e7\u00e3o transcontinental.<\/li>\n<li>Organiza\u00e7\u00e3o de miss\u00f5es comerciais, explorat\u00f3rias e\/ou sectoriais que permitam uma verdadeira imers\u00e3o cultural com o objetivo de apoiar o processo de tomada de decis\u00e3o dos empres\u00e1rios, universidades ou entidades participantes.<\/li>\n<li>Elaborar estudos de mercado, log\u00edsticos e estrat\u00e9gicos para uma incurs\u00e3o eficaz nos v\u00e1rios pa\u00edses dos dois continentes.<\/li>\n<li>Formar diferentes actores dos ecossistemas empresarial, acad\u00e9mico, cultural e governamental em temas abrangentes que permitam o refor\u00e7o de projectos em ambos os continentes.<\/li>\n<\/ol>\n<p>&nbsp;<\/p>\n<p>O nosso trabalho centra-se em ser um agente de mudan\u00e7a positiva, promovendo uma coopera\u00e7\u00e3o Sul-Sul eficaz e mutuamente ben\u00e9fica entre a Am\u00e9rica Latina e a \u00c1frica.<\/p>\n<ul>\n<li>CLAF \u00e9 uma organiza\u00e7\u00e3o pioneira que actua como uma ponte estrat\u00e9gica entre a Am\u00e9rica Latina e \u00c1frica. Facilitamos liga\u00e7\u00f5es eficientes entre empres\u00e1rios, investidores, diplomatas e agentes culturais, catalisando colabora\u00e7\u00f5es que transcendem as fronteiras e geram valor partilhado.<\/li>\n<li>Somos um centro de oportunidades que conecta o potencial de dois continentes. O CLAF re\u00fane vision\u00e1rios, empres\u00e1rios e l\u00edderes empenhados em criar valor atrav\u00e9s da colabora\u00e7\u00e3o intercontinental, impulsionando uma nova narrativa de progresso partilhado.<\/li>\n<\/ul>\n<p><strong>Miss\u00e3o: <\/strong><\/p>\n<ul>\n<li>Refor\u00e7ar e dinamizar as rela\u00e7\u00f5es comerciais, culturais e diplom\u00e1ticas entre a Am\u00e9rica Latina e a \u00c1frica, criando pontes de entendimento e oportunidades que promovam o crescimento econ\u00f3mico m\u00fatuo e o interc\u00e2mbio cultural entre os dois continentes, a fim de construir um ecossistema transformador de coopera\u00e7\u00e3o entre a Am\u00e9rica Latina e a \u00c1frica, impulsionando o com\u00e9rcio bilateral, a transfer\u00eancia de tecnologia e o interc\u00e2mbio cultural para promover um crescimento econ\u00f3mico inclusivo e sustent\u00e1vel.<\/li>\n<\/ul>\n<p><strong>\u00a0<\/strong><strong>Vis\u00e3o: <\/strong><\/p>\n<ul>\n<li>Ser reconhecida como a principal plataforma de coopera\u00e7\u00e3o Sul-Sul, liderando uma nova era de prosperidade partilhada entre a Am\u00e9rica Latina e a \u00c1frica atrav\u00e9s da integra\u00e7\u00e3o comercial e cultural, da inova\u00e7\u00e3o e da compreens\u00e3o m\u00fatua, concentrando os nossos esfor\u00e7os para nos tornarmos o motor de uma revolu\u00e7\u00e3o nas rela\u00e7\u00f5es Sul-Sul, em que ambos os continentes emergem como l\u00edderes globais na coopera\u00e7\u00e3o econ\u00f3mica e acad\u00e9mica, com iniciativas inovadoras e disruptivas que t\u00eam sempre em conta o desenvolvimento sustent\u00e1vel.<\/li>\n<\/ul>","protected":false},"excerpt":{"rendered":"<p>\u00bfQui\u00e9nes Somos? La C\u00e1mara de Comercio Latino Africana (CLAF) es una organizaci\u00f3n dedicada a facilitar, promover y potenciar el intercambio comercial, de conocimientos, recursos y experiencias entre empresarios, diplom\u00e1ticos y agentes culturales de Latinoam\u00e9rica y \u00c1frica. Nuestro alcance abarca aspectos como: Desarrollar iniciativas de cooperaci\u00f3n enfocadas en la internacionalizaci\u00f3n de bienes y servicios. Organizar eventos [&hellip;]<\/p>\n","protected":false},"author":1,"featured_media":17,"parent":27,"menu_order":1,"comment_status":"closed","ping_status":"closed","template":"","meta":{"content-type":"","_monsterinsights_skip_tracking":false,"_monsterinsights_sitenote_active":false,"_monsterinsights_sitenote_note":"","_monsterinsights_sitenote_category":0,"footnotes":""},"class_list":["post-251","page","type-page","status-publish","has-post-thumbnail","hentry"],"yoast_head":"<!-- This site is optimized with the Yoast SEO Premium plugin v23.2 (Yoast SEO v27.2) - https:\/\/yoast.com\/product\/yoast-seo-premium-wordpress\/ -->\n<title>\u00bfQui\u00e9nes somos? - CLAF<\/title>\n<meta name=\"robots\" content=\"index, follow, max-snippet:-1, max-image-preview:large, max-video-preview:-1\" \/>\n<link rel=\"canonical\" href=\"https:\/\/camaralatinoafricana.com\/pt\/sobre-claf\/quienes-somos\/\" \/>\n<meta property=\"og:locale\" content=\"pt_PT\" \/>\n<meta property=\"og:type\" content=\"article\" \/>\n<meta property=\"og:title\" content=\"\u00bfQui\u00e9nes somos?\" \/>\n<meta property=\"og:description\" content=\"\u00bfQui\u00e9nes Somos? La C\u00e1mara de Comercio Latino Africana (CLAF) es una organizaci\u00f3n dedicada a facilitar, promover y potenciar el intercambio comercial, de conocimientos, recursos y experiencias entre empresarios, diplom\u00e1ticos y agentes culturales de Latinoam\u00e9rica y \u00c1frica. Nuestro alcance abarca aspectos como: Desarrollar iniciativas de cooperaci\u00f3n enfocadas en la internacionalizaci\u00f3n de bienes y servicios. Organizar eventos [&hellip;]\" \/>\n<meta property=\"og:url\" content=\"https:\/\/camaralatinoafricana.com\/pt\/sobre-claf\/quienes-somos\/\" \/>\n<meta property=\"og:site_name\" content=\"CLAF\" \/>\n<meta property=\"article:publisher\" content=\"https:\/\/www.facebook.com\/CamaraDeComercioLatinoAfricana\" \/>\n<meta property=\"article:modified_time\" content=\"2024-08-15T06:40:44+00:00\" \/>\n<meta name=\"twitter:card\" content=\"summary_large_image\" \/>\n<meta name=\"twitter:label1\" content=\"Est. reading time\" \/>\n\t<meta name=\"twitter:data1\" content=\"3 minutos\" \/>\n<script type=\"application\/ld+json\" class=\"yoast-schema-graph\">{\"@context\":\"https:\/\/schema.org\",\"@graph\":[{\"@type\":\"WebPage\",\"@id\":\"https:\/\/camaralatinoafricana.com\/sobre-claf\/quienes-somos\/\",\"url\":\"https:\/\/camaralatinoafricana.com\/sobre-claf\/quienes-somos\/\",\"name\":\"\u00bfQui\u00e9nes somos? - CLAF\",\"isPartOf\":{\"@id\":\"https:\/\/camaralatinoafricana.com\/#website\"},\"primaryImageOfPage\":{\"@id\":\"https:\/\/camaralatinoafricana.com\/sobre-claf\/quienes-somos\/#primaryimage\"},\"image\":{\"@id\":\"https:\/\/camaralatinoafricana.com\/sobre-claf\/quienes-somos\/#primaryimage\"},\"thumbnailUrl\":\"https:\/\/camaralatinoafricana.com\/wp-content\/uploads\/2024\/08\/Logo-CLAF.svg\",\"datePublished\":\"2024-08-14T05:04:52+00:00\",\"dateModified\":\"2024-08-15T06:40:44+00:00\",\"breadcrumb\":{\"@id\":\"https:\/\/camaralatinoafricana.com\/sobre-claf\/quienes-somos\/#breadcrumb\"},\"inLanguage\":\"pt-AO\",\"potentialAction\":[{\"@type\":\"ReadAction\",\"target\":[\"https:\/\/camaralatinoafricana.com\/sobre-claf\/quienes-somos\/\"]}]},{\"@type\":\"ImageObject\",\"inLanguage\":\"pt-AO\",\"@id\":\"https:\/\/camaralatinoafricana.com\/sobre-claf\/quienes-somos\/#primaryimage\",\"url\":\"https:\/\/camaralatinoafricana.com\/wp-content\/uploads\/2024\/08\/Logo-CLAF.svg\",\"contentUrl\":\"https:\/\/camaralatinoafricana.com\/wp-content\/uploads\/2024\/08\/Logo-CLAF.svg\",\"width\":767,\"height\":268,\"caption\":\"Logo C\u00e1mara de Comercio Latino Africana\"},{\"@type\":\"BreadcrumbList\",\"@id\":\"https:\/\/camaralatinoafricana.com\/sobre-claf\/quienes-somos\/#breadcrumb\",\"itemListElement\":[{\"@type\":\"ListItem\",\"position\":1,\"name\":\"Inicio\",\"item\":\"https:\/\/camaralatinoafricana.com\/\"},{\"@type\":\"ListItem\",\"position\":2,\"name\":\"Sobre CLAF\",\"item\":\"https:\/\/camaralatinoafricana.com\/sobre-claf\/\"},{\"@type\":\"ListItem\",\"position\":3,\"name\":\"\u00bfQui\u00e9nes somos?\"}]},{\"@type\":\"WebSite\",\"@id\":\"https:\/\/camaralatinoafricana.com\/#website\",\"url\":\"https:\/\/camaralatinoafricana.com\/\",\"name\":\"CLAF\",\"description\":\"C\u00e1mara de Comercio Latino Africana\",\"publisher\":{\"@id\":\"https:\/\/camaralatinoafricana.com\/#organization\"},\"alternateName\":\"C\u00e1mara de Comercio Latino Africana\",\"potentialAction\":[{\"@type\":\"SearchAction\",\"target\":{\"@type\":\"EntryPoint\",\"urlTemplate\":\"https:\/\/camaralatinoafricana.com\/?s={search_term_string}\"},\"query-input\":{\"@type\":\"PropertyValueSpecification\",\"valueRequired\":true,\"valueName\":\"search_term_string\"}}],\"inLanguage\":\"pt-AO\"},{\"@type\":\"Organization\",\"@id\":\"https:\/\/camaralatinoafricana.com\/#organization\",\"name\":\"C\u00e1mara de Comercio Latino Africana\",\"alternateName\":\"CLAF\",\"url\":\"https:\/\/camaralatinoafricana.com\/\",\"logo\":{\"@type\":\"ImageObject\",\"inLanguage\":\"pt-AO\",\"@id\":\"https:\/\/camaralatinoafricana.com\/#\/schema\/logo\/image\/\",\"url\":\"https:\/\/camaralatinoafricana.com\/wp-content\/uploads\/2024\/08\/Logo-CLAF.svg\",\"contentUrl\":\"https:\/\/camaralatinoafricana.com\/wp-content\/uploads\/2024\/08\/Logo-CLAF.svg\",\"width\":767,\"height\":268,\"caption\":\"C\u00e1mara de Comercio Latino Africana\"},\"image\":{\"@id\":\"https:\/\/camaralatinoafricana.com\/#\/schema\/logo\/image\/\"},\"sameAs\":[\"https:\/\/www.facebook.com\/CamaraDeComercioLatinoAfricana\",\"https:\/\/www.instagram.com\/camaradecomerciolatinoafricana\/\",\"https:\/\/www.linkedin.com\/company\/cmara-de-comercio-latino-africana\/\"],\"publishingPrinciples\":\"https:\/\/camaralatinoafricana.com\/privacy-policy\/\",\"ownershipFundingInfo\":\"https:\/\/camaralatinoafricana.com\/sobre-claf\/nuestro-equipo\/directores\/\",\"actionableFeedbackPolicy\":\"https:\/\/camaralatinoafricana.com\/privacy-policy\/\"}]}<\/script>\n<!-- \/ Yoast SEO Premium plugin. -->","yoast_head_json":{"title":"Quem somos? - CLAF","robots":{"index":"index","follow":"follow","max-snippet":"max-snippet:-1","max-image-preview":"max-image-preview:large","max-video-preview":"max-video-preview:-1"},"canonical":"https:\/\/camaralatinoafricana.com\/pt\/sobre-claf\/quienes-somos\/","og_locale":"pt_PT","og_type":"article","og_title":"\u00bfQui\u00e9nes somos?","og_description":"\u00bfQui\u00e9nes Somos? La C\u00e1mara de Comercio Latino Africana (CLAF) es una organizaci\u00f3n dedicada a facilitar, promover y potenciar el intercambio comercial, de conocimientos, recursos y experiencias entre empresarios, diplom\u00e1ticos y agentes culturales de Latinoam\u00e9rica y \u00c1frica. Nuestro alcance abarca aspectos como: Desarrollar iniciativas de cooperaci\u00f3n enfocadas en la internacionalizaci\u00f3n de bienes y servicios. Organizar eventos [&hellip;]","og_url":"https:\/\/camaralatinoafricana.com\/pt\/sobre-claf\/quienes-somos\/","og_site_name":"CLAF","article_publisher":"https:\/\/www.facebook.com\/CamaraDeComercioLatinoAfricana","article_modified_time":"2024-08-15T06:40:44+00:00","twitter_card":"summary_large_image","twitter_misc":{"Est. reading time":"3 minutos"},"schema":{"@context":"https:\/\/schema.org","@graph":[{"@type":"WebPage","@id":"https:\/\/camaralatinoafricana.com\/sobre-claf\/quienes-somos\/","url":"https:\/\/camaralatinoafricana.com\/sobre-claf\/quienes-somos\/","name":"Quem somos? - CLAF","isPartOf":{"@id":"https:\/\/camaralatinoafricana.com\/#website"},"primaryImageOfPage":{"@id":"https:\/\/camaralatinoafricana.com\/sobre-claf\/quienes-somos\/#primaryimage"},"image":{"@id":"https:\/\/camaralatinoafricana.com\/sobre-claf\/quienes-somos\/#primaryimage"},"thumbnailUrl":"https:\/\/camaralatinoafricana.com\/wp-content\/uploads\/2024\/08\/Logo-CLAF.svg","datePublished":"2024-08-14T05:04:52+00:00","dateModified":"2024-08-15T06:40:44+00:00","breadcrumb":{"@id":"https:\/\/camaralatinoafricana.com\/sobre-claf\/quienes-somos\/#breadcrumb"},"inLanguage":"pt-AO","potentialAction":[{"@type":"ReadAction","target":["https:\/\/camaralatinoafricana.com\/sobre-claf\/quienes-somos\/"]}]},{"@type":"ImageObject","inLanguage":"pt-AO","@id":"https:\/\/camaralatinoafricana.com\/sobre-claf\/quienes-somos\/#primaryimage","url":"https:\/\/camaralatinoafricana.com\/wp-content\/uploads\/2024\/08\/Logo-CLAF.svg","contentUrl":"https:\/\/camaralatinoafricana.com\/wp-content\/uploads\/2024\/08\/Logo-CLAF.svg","width":767,"height":268,"caption":"Logo C\u00e1mara de Comercio Latino Africana"},{"@type":"BreadcrumbList","@id":"https:\/\/camaralatinoafricana.com\/sobre-claf\/quienes-somos\/#breadcrumb","itemListElement":[{"@type":"ListItem","position":1,"name":"Inicio","item":"https:\/\/camaralatinoafricana.com\/"},{"@type":"ListItem","position":2,"name":"Sobre CLAF","item":"https:\/\/camaralatinoafricana.com\/sobre-claf\/"},{"@type":"ListItem","position":3,"name":"\u00bfQui\u00e9nes somos?"}]},{"@type":"WebSite","@id":"https:\/\/camaralatinoafricana.com\/#website","url":"https:\/\/camaralatinoafricana.com\/","name":"CLAF","description":"C\u00e2mara de Com\u00e9rcio Latino-Africana","publisher":{"@id":"https:\/\/camaralatinoafricana.com\/#organization"},"alternateName":"C\u00e1mara de Comercio Latino Africana","potentialAction":[{"@type":"SearchAction","target":{"@type":"EntryPoint","urlTemplate":"https:\/\/camaralatinoafricana.com\/?s={search_term_string}"},"query-input":{"@type":"PropertyValueSpecification","valueRequired":true,"valueName":"search_term_string"}}],"inLanguage":"pt-AO"},{"@type":"Organization","@id":"https:\/\/camaralatinoafricana.com\/#organization","name":"C\u00e2mara de Com\u00e9rcio Latino-Africana","alternateName":"CLAF","url":"https:\/\/camaralatinoafricana.com\/","logo":{"@type":"ImageObject","inLanguage":"pt-AO","@id":"https:\/\/camaralatinoafricana.com\/#\/schema\/logo\/image\/","url":"https:\/\/camaralatinoafricana.com\/wp-content\/uploads\/2024\/08\/Logo-CLAF.svg","contentUrl":"https:\/\/camaralatinoafricana.com\/wp-content\/uploads\/2024\/08\/Logo-CLAF.svg","width":767,"height":268,"caption":"C\u00e1mara de Comercio Latino Africana"},"image":{"@id":"https:\/\/camaralatinoafricana.com\/#\/schema\/logo\/image\/"},"sameAs":["https:\/\/www.facebook.com\/CamaraDeComercioLatinoAfricana","https:\/\/www.instagram.com\/camaradecomerciolatinoafricana\/","https:\/\/www.linkedin.com\/company\/cmara-de-comercio-latino-africana\/"],"publishingPrinciples":"https:\/\/camaralatinoafricana.com\/privacy-policy\/","ownershipFundingInfo":"https:\/\/camaralatinoafricana.com\/sobre-claf\/nuestro-equipo\/directores\/","actionableFeedbackPolicy":"https:\/\/camaralatinoafricana.com\/privacy-policy\/"}]}},"_links":{"self":[{"href":"https:\/\/camaralatinoafricana.com\/pt\/wp-json\/wp\/v2\/pages\/251","targetHints":{"allow":["GET"]}}],"collection":[{"href":"https:\/\/camaralatinoafricana.com\/pt\/wp-json\/wp\/v2\/pages"}],"about":[{"href":"https:\/\/camaralatinoafricana.com\/pt\/wp-json\/wp\/v2\/types\/page"}],"author":[{"embeddable":true,"href":"https:\/\/camaralatinoafricana.com\/pt\/wp-json\/wp\/v2\/users\/1"}],"replies":[{"embeddable":true,"href":"https:\/\/camaralatinoafricana.com\/pt\/wp-json\/wp\/v2\/comments?post=251"}],"version-history":[{"count":0,"href":"https:\/\/camaralatinoafricana.com\/pt\/wp-json\/wp\/v2\/pages\/251\/revisions"}],"up":[{"embeddable":true,"href":"https:\/\/camaralatinoafricana.com\/pt\/wp-json\/wp\/v2\/pages\/27"}],"wp:featuredmedia":[{"embeddable":true,"href":"https:\/\/camaralatinoafricana.com\/pt\/wp-json\/wp\/v2\/media\/17"}],"wp:attachment":[{"href":"https:\/\/camaralatinoafricana.com\/pt\/wp-json\/wp\/v2\/media?parent=251"}],"curies":[{"name":"wp","href":"https:\/\/api.w.org\/{rel}","templated":true}]}}