{"id":2517,"date":"2024-09-10T12:02:32","date_gmt":"2024-09-10T17:02:32","guid":{"rendered":"https:\/\/camaralatinoafricana.com\/?post_type=product&#038;p=2517"},"modified":"2024-09-16T13:50:17","modified_gmt":"2024-09-16T18:50:17","slug":"afiliacion-claf","status":"publish","type":"product","link":"https:\/\/camaralatinoafricana.com\/fr\/produit\/afiliacion-claf\/","title":{"rendered":"Adh\u00e9sion \u00e0 la CLAF"},"content":{"rendered":"<div class=\"flex-shrink-0 flex flex-col relative items-end\">\n<div class=\"pt-0\">\n<div class=\"gizmo-bot-avatar flex h-8 w-8 items-center justify-center overflow-hidden rounded-full\">\n<div class=\"relative p-1 rounded-sm flex items-center justify-center bg-token-main-surface-primary text-token-text-primary h-8 w-8\">\n<p>Rejoignez la Chambre de commerce latino-africaine (CLAF) et acc\u00e9dez \u00e0 des opportunit\u00e9s exclusives de r\u00e9seautage, de mentorat et d'\u00e9v\u00e9nements internationaux. Cette adh\u00e9sion vous donne les outils dont vous avez besoin pour d\u00e9velopper vos activit\u00e9s sur les march\u00e9s d'Am\u00e9rique latine et d'Afrique. Choisissez votre cat\u00e9gorie en fonction de la taille de votre entreprise et commencez \u00e0 vous d\u00e9velopper \u00e0 l'\u00e9chelle mondiale !<\/p>\n<h4>Avantages :<\/h4>\n<div class=\"elementor-element elementor-element-ed74ff5 e-con-full e-flex e-con e-child\" data-id=\"ed74ff5\" data-element_type=\"container\" data-settings=\"{&quot;jet_parallax_layout_list&quot;:[]}\">\n<div class=\"elementor-element elementor-element-4a2d0b3 elementor-view-default elementor-position-top elementor-mobile-position-top elementor-widget elementor-widget-icon-box\" data-id=\"4a2d0b3\" data-element_type=\"widget\" data-widget_type=\"icon-box.default\">\n<div class=\"elementor-widget-container\">\n<div class=\"elementor-icon-box-wrapper\">\n<ul>\n<li class=\"elementor-icon-box-content\">Acc\u00e8s \u00e0 des informations de base sur le march\u00e9 du pays partenaire.<\/li>\n<li class=\"elementor-icon-box-content\">Annuaire des membres.<\/li>\n<li class=\"elementor-icon-box-content\">R\u00e9ductions sur les \u00e9v\u00e9nements et les programmes.<\/li>\n<li>Bulletin d'information.<\/li>\n<li>Missions commerciales et foires.<\/li>\n<li>Programmes de formation interculturelle.<\/li>\n<li>Plate-forme de mise en r\u00e9seau en ligne.<\/li>\n<li>Programmes de tutorat.<\/li>\n<li>Services d'information commerciale.<\/li>\n<li>Assistance pour les formalit\u00e9s et les visas.<\/li>\n<li>Place de march\u00e9 (en cours de d\u00e9veloppement)<\/li>\n<li>Livre \u00e9lectronique \"Doing Business with Africa\".<\/li>\n<li>Agendas des entreprises.<\/li>\n<li>Formation de haut niveau.<\/li>\n<li>Outils d'internationalisation.<\/li>\n<\/ul>\n<\/div>\n<\/div>\n<\/div>\n<\/div>\n<div class=\"elementor-element elementor-element-f32e38d e-con-full e-flex e-con e-child\" data-id=\"f32e38d\" data-element_type=\"container\" data-settings=\"{&quot;jet_parallax_layout_list&quot;:[]}\">\n<div class=\"elementor-element elementor-element-ef68692 elementor-view-default elementor-position-top elementor-mobile-position-top elementor-widget elementor-widget-icon-box\" data-id=\"ef68692\" data-element_type=\"widget\" data-widget_type=\"icon-box.default\">\n<div class=\"elementor-widget-container\">\n<div class=\"elementor-icon-box-wrapper\">\n<div class=\"elementor-icon-box-content\">\n<p class=\"elementor-icon-box-description\">\n<\/div>\n<\/div>\n<\/div>\n<\/div>\n<\/div>\n<\/div>\n<\/div>\n<\/div>\n<\/div>","protected":false},"excerpt":{"rendered":"<p>Rejoignez la Chambre de commerce latino-africaine (CLAF) et acc\u00e9dez \u00e0 un r\u00e9seau exclusif de contacts, de conseils d'experts et d'opportunit\u00e9s d'affaires en Am\u00e9rique latine et en Afrique. Cette adh\u00e9sion annuelle (12 mois) vous offre des avantages cl\u00e9s pour l'internationalisation de votre entreprise, y compris l'acc\u00e8s \u00e0 des \u00e9v\u00e9nements exclusifs, des outils commerciaux, un soutien dans l'expansion de vos op\u00e9rations internationales. Voir les avantages de l'adh\u00e9sion <a href=\"https:\/\/camaralatinoafricana.com\/fr\/afiliados\/afiliaciones\/beneficios-claf\/\" target=\"_blank\" rel=\"noopener\">ici\u00a0<\/a><\/p>\n<p>Choisissez la cat\u00e9gorie d'adh\u00e9sion qui correspond le mieux \u00e0 la taille de votre entreprise :<\/p>\n<ul>\n<li><strong>Grande entreprise<\/strong>Chiffre d'affaires sup\u00e9rieur \u00e0 $5 millions d'USD. Valeur : <strong>$1 000 USD<\/strong> + TVA.<\/li>\n<li><strong>Moyenne entreprise<\/strong>Ventes comprises entre $1 000 001 et $5 millions USD. Valeur : <strong>$750 USD<\/strong> + TVA.<\/li>\n<li><strong>Petites entreprises<\/strong>Ventes comprises entre $250,001 et $1 million USD. Valeur : <strong>$550 USD<\/strong> + TVA.<\/li>\n<li><strong>Micro-entreprise<\/strong>Ventes entre $0 et $250.000 USD. Valeur : <strong>$350 USD<\/strong> + TVA.<\/li>\n<\/ul>\n<p><strong>Notes :<\/strong><\/p>\n<ul>\n<li><strong>Dur\u00e9e de l'adh\u00e9sion :<\/strong> 1 an (renouvelable annuellement).<\/li>\n<li><strong>TVA :<\/strong> Taxe applicable uniquement aux entreprises en Colombie.<\/li>\n<\/ul>\n<p>Rejoignez-nous d\u00e8s aujourd'hui et stimulez la croissance de votre entreprise sur les march\u00e9s internationaux !<\/p>","protected":false},"featured_media":2543,"comment_status":"open","ping_status":"closed","template":"","meta":{"content-type":"","_monsterinsights_skip_tracking":false,"_monsterinsights_sitenote_active":false,"_monsterinsights_sitenote_note":"","_monsterinsights_sitenote_category":0},"product_brand":[],"product_cat":[43],"product_tag":[],"class_list":{"0":"post-2517","1":"product","2":"type-product","3":"status-publish","4":"has-post-thumbnail","6":"product_cat-afiliaciones","8":"first","9":"instock","10":"virtual","11":"sold-individually","12":"taxable","13":"purchasable","14":"product-type-simple"},"yoast_head":"<!-- This site is optimized with the Yoast SEO Premium plugin v23.2 (Yoast SEO v27.2) - https:\/\/yoast.com\/product\/yoast-seo-premium-wordpress\/ -->\n<title>Afiliaci\u00f3n CLAF - CLAF<\/title>\n<meta name=\"robots\" content=\"index, follow, max-snippet:-1, max-image-preview:large, max-video-preview:-1\" \/>\n<link rel=\"canonical\" href=\"https:\/\/camaralatinoafricana.com\/fr\/produit\/afiliacion-claf\/\" \/>\n<meta property=\"og:locale\" content=\"fr_FR\" \/>\n<meta property=\"og:type\" content=\"article\" \/>\n<meta property=\"og:title\" content=\"Afiliaci\u00f3n CLAF\" \/>\n<meta property=\"og:description\" content=\"Af\u00edliate a la C\u00e1mara de Comercio Latino Africana (CLAF) y accede a una red exclusiva de contactos, asesor\u00eda especializada y oportunidades comerciales en Am\u00e9rica Latina y \u00c1frica. Esta membres\u00eda anual (12 meses) te ofrece beneficios clave para la internacionalizaci\u00f3n de tu empresa, incluyendo acceso a eventos exclusivos, herramientas comerciales, apoyo en la expansi\u00f3n de tus operaciones internacionales. Consulta los beneficios de afiliado aqu\u00ed\u00a0  Elige la categor\u00eda de membres\u00eda que mejor se adapte al tama\u00f1o de tu empresa:   Gran Empresa: Ventas superiores a $5 millones USD. Valor: $1.000 USD + IVA.  Mediana Empresa: Ventas entre $1.000.001 y $5 millones USD. Valor: $750 USD + IVA.  Peque\u00f1a Empresa: Ventas entre $250.001 y $1 mill\u00f3n USD. Valor: $550 USD + IVA.  Microempresa: Ventas entre $0 y $250.000 USD. Valor: $350 USD + IVA.  Notas:   Duraci\u00f3n de la Membres\u00eda: 1 a\u00f1o (renovable anualmente).  IVA: Impuesto aplicable solo para empresas en Colombia.  \u00a1\u00danete hoy y potencia el crecimiento de tu negocio en mercados internacionales!\" \/>\n<meta property=\"og:url\" content=\"https:\/\/camaralatinoafricana.com\/fr\/produit\/afiliacion-claf\/\" \/>\n<meta property=\"og:site_name\" content=\"CLAF\" \/>\n<meta property=\"article:publisher\" content=\"https:\/\/www.facebook.com\/CamaraDeComercioLatinoAfricana\" \/>\n<meta property=\"article:modified_time\" content=\"2024-09-16T18:50:17+00:00\" \/>\n<meta name=\"twitter:card\" content=\"summary_large_image\" \/>\n<meta name=\"twitter:label1\" content=\"Dur\u00e9e de lecture estim\u00e9e\" \/>\n\t<meta name=\"twitter:data1\" content=\"1 minute\" \/>\n<script type=\"application\/ld+json\" class=\"yoast-schema-graph\">{\"@context\":\"https:\/\/schema.org\",\"@graph\":[{\"@type\":\"WebPage\",\"@id\":\"https:\/\/camaralatinoafricana.com\/producto\/afiliacion-claf\/\",\"url\":\"https:\/\/camaralatinoafricana.com\/producto\/afiliacion-claf\/\",\"name\":\"Afiliaci\u00f3n CLAF - CLAF\",\"isPartOf\":{\"@id\":\"https:\/\/camaralatinoafricana.com\/#website\"},\"primaryImageOfPage\":{\"@id\":\"https:\/\/camaralatinoafricana.com\/producto\/afiliacion-claf\/#primaryimage\"},\"image\":{\"@id\":\"https:\/\/camaralatinoafricana.com\/producto\/afiliacion-claf\/#primaryimage\"},\"thumbnailUrl\":\"https:\/\/camaralatinoafricana.com\/wp-content\/uploads\/2024\/09\/Recurso-1.svg\",\"datePublished\":\"2024-09-10T17:02:32+00:00\",\"dateModified\":\"2024-09-16T18:50:17+00:00\",\"breadcrumb\":{\"@id\":\"https:\/\/camaralatinoafricana.com\/producto\/afiliacion-claf\/#breadcrumb\"},\"inLanguage\":\"fr-FR\",\"potentialAction\":[{\"@type\":\"ReadAction\",\"target\":[\"https:\/\/camaralatinoafricana.com\/producto\/afiliacion-claf\/\"]}]},{\"@type\":\"ImageObject\",\"inLanguage\":\"fr-FR\",\"@id\":\"https:\/\/camaralatinoafricana.com\/producto\/afiliacion-claf\/#primaryimage\",\"url\":\"https:\/\/camaralatinoafricana.com\/wp-content\/uploads\/2024\/09\/Recurso-1.svg\",\"contentUrl\":\"https:\/\/camaralatinoafricana.com\/wp-content\/uploads\/2024\/09\/Recurso-1.svg\",\"width\":209.9,\"height\":209.93},{\"@type\":\"BreadcrumbList\",\"@id\":\"https:\/\/camaralatinoafricana.com\/producto\/afiliacion-claf\/#breadcrumb\",\"itemListElement\":[{\"@type\":\"ListItem\",\"position\":1,\"name\":\"Inicio\",\"item\":\"https:\/\/camaralatinoafricana.com\/\"},{\"@type\":\"ListItem\",\"position\":2,\"name\":\"Shop\",\"item\":\"https:\/\/camaralatinoafricana.com\/shop\/\"},{\"@type\":\"ListItem\",\"position\":3,\"name\":\"Afiliaci\u00f3n CLAF\"}]},{\"@type\":\"WebSite\",\"@id\":\"https:\/\/camaralatinoafricana.com\/#website\",\"url\":\"https:\/\/camaralatinoafricana.com\/\",\"name\":\"CLAF\",\"description\":\"C\u00e1mara de Comercio Latino Africana\",\"publisher\":{\"@id\":\"https:\/\/camaralatinoafricana.com\/#organization\"},\"alternateName\":\"C\u00e1mara de Comercio Latino Africana\",\"potentialAction\":[{\"@type\":\"SearchAction\",\"target\":{\"@type\":\"EntryPoint\",\"urlTemplate\":\"https:\/\/camaralatinoafricana.com\/?s={search_term_string}\"},\"query-input\":{\"@type\":\"PropertyValueSpecification\",\"valueRequired\":true,\"valueName\":\"search_term_string\"}}],\"inLanguage\":\"fr-FR\"},{\"@type\":\"Organization\",\"@id\":\"https:\/\/camaralatinoafricana.com\/#organization\",\"name\":\"C\u00e1mara de Comercio Latino Africana\",\"alternateName\":\"CLAF\",\"url\":\"https:\/\/camaralatinoafricana.com\/\",\"logo\":{\"@type\":\"ImageObject\",\"inLanguage\":\"fr-FR\",\"@id\":\"https:\/\/camaralatinoafricana.com\/#\/schema\/logo\/image\/\",\"url\":\"https:\/\/camaralatinoafricana.com\/wp-content\/uploads\/2024\/08\/Logo-CLAF.svg\",\"contentUrl\":\"https:\/\/camaralatinoafricana.com\/wp-content\/uploads\/2024\/08\/Logo-CLAF.svg\",\"width\":767,\"height\":268,\"caption\":\"C\u00e1mara de Comercio Latino Africana\"},\"image\":{\"@id\":\"https:\/\/camaralatinoafricana.com\/#\/schema\/logo\/image\/\"},\"sameAs\":[\"https:\/\/www.facebook.com\/CamaraDeComercioLatinoAfricana\",\"https:\/\/www.instagram.com\/camaradecomerciolatinoafricana\/\",\"https:\/\/www.linkedin.com\/company\/cmara-de-comercio-latino-africana\/\"],\"publishingPrinciples\":\"https:\/\/camaralatinoafricana.com\/privacy-policy\/\",\"ownershipFundingInfo\":\"https:\/\/camaralatinoafricana.com\/sobre-claf\/nuestro-equipo\/directores\/\",\"actionableFeedbackPolicy\":\"https:\/\/camaralatinoafricana.com\/privacy-policy\/\"}]}<\/script>\n<!-- \/ Yoast SEO Premium plugin. -->","yoast_head_json":{"title":"Afiliaci\u00f3n CLAF - CLAF","robots":{"index":"index","follow":"follow","max-snippet":"max-snippet:-1","max-image-preview":"max-image-preview:large","max-video-preview":"max-video-preview:-1"},"canonical":"https:\/\/camaralatinoafricana.com\/fr\/produit\/afiliacion-claf\/","og_locale":"fr_FR","og_type":"article","og_title":"Afiliaci\u00f3n CLAF","og_description":"Af\u00edliate a la C\u00e1mara de Comercio Latino Africana (CLAF) y accede a una red exclusiva de contactos, asesor\u00eda especializada y oportunidades comerciales en Am\u00e9rica Latina y \u00c1frica. Esta membres\u00eda anual (12 meses) te ofrece beneficios clave para la internacionalizaci\u00f3n de tu empresa, incluyendo acceso a eventos exclusivos, herramientas comerciales, apoyo en la expansi\u00f3n de tus operaciones internacionales. Consulta los beneficios de afiliado aqu\u00ed\u00a0  Elige la categor\u00eda de membres\u00eda que mejor se adapte al tama\u00f1o de tu empresa:   Gran Empresa: Ventas superiores a $5 millones USD. Valor: $1.000 USD + IVA.  Mediana Empresa: Ventas entre $1.000.001 y $5 millones USD. Valor: $750 USD + IVA.  Peque\u00f1a Empresa: Ventas entre $250.001 y $1 mill\u00f3n USD. Valor: $550 USD + IVA.  Microempresa: Ventas entre $0 y $250.000 USD. Valor: $350 USD + IVA.  Notas:   Duraci\u00f3n de la Membres\u00eda: 1 a\u00f1o (renovable anualmente).  IVA: Impuesto aplicable solo para empresas en Colombia.  \u00a1\u00danete hoy y potencia el crecimiento de tu negocio en mercados internacionales!","og_url":"https:\/\/camaralatinoafricana.com\/fr\/produit\/afiliacion-claf\/","og_site_name":"CLAF","article_publisher":"https:\/\/www.facebook.com\/CamaraDeComercioLatinoAfricana","article_modified_time":"2024-09-16T18:50:17+00:00","twitter_card":"summary_large_image","twitter_misc":{"Dur\u00e9e de lecture estim\u00e9e":"1 minute"},"schema":{"@context":"https:\/\/schema.org","@graph":[{"@type":"WebPage","@id":"https:\/\/camaralatinoafricana.com\/producto\/afiliacion-claf\/","url":"https:\/\/camaralatinoafricana.com\/producto\/afiliacion-claf\/","name":"Afiliaci\u00f3n CLAF - CLAF","isPartOf":{"@id":"https:\/\/camaralatinoafricana.com\/#website"},"primaryImageOfPage":{"@id":"https:\/\/camaralatinoafricana.com\/producto\/afiliacion-claf\/#primaryimage"},"image":{"@id":"https:\/\/camaralatinoafricana.com\/producto\/afiliacion-claf\/#primaryimage"},"thumbnailUrl":"https:\/\/camaralatinoafricana.com\/wp-content\/uploads\/2024\/09\/Recurso-1.svg","datePublished":"2024-09-10T17:02:32+00:00","dateModified":"2024-09-16T18:50:17+00:00","breadcrumb":{"@id":"https:\/\/camaralatinoafricana.com\/producto\/afiliacion-claf\/#breadcrumb"},"inLanguage":"fr-FR","potentialAction":[{"@type":"ReadAction","target":["https:\/\/camaralatinoafricana.com\/producto\/afiliacion-claf\/"]}]},{"@type":"ImageObject","inLanguage":"fr-FR","@id":"https:\/\/camaralatinoafricana.com\/producto\/afiliacion-claf\/#primaryimage","url":"https:\/\/camaralatinoafricana.com\/wp-content\/uploads\/2024\/09\/Recurso-1.svg","contentUrl":"https:\/\/camaralatinoafricana.com\/wp-content\/uploads\/2024\/09\/Recurso-1.svg","width":209.9,"height":209.93},{"@type":"BreadcrumbList","@id":"https:\/\/camaralatinoafricana.com\/producto\/afiliacion-claf\/#breadcrumb","itemListElement":[{"@type":"ListItem","position":1,"name":"Inicio","item":"https:\/\/camaralatinoafricana.com\/"},{"@type":"ListItem","position":2,"name":"Shop","item":"https:\/\/camaralatinoafricana.com\/shop\/"},{"@type":"ListItem","position":3,"name":"Afiliaci\u00f3n CLAF"}]},{"@type":"WebSite","@id":"https:\/\/camaralatinoafricana.com\/#website","url":"https:\/\/camaralatinoafricana.com\/","name":"CLAF","description":"Chambre de commerce latino-africaine","publisher":{"@id":"https:\/\/camaralatinoafricana.com\/#organization"},"alternateName":"C\u00e1mara de Comercio Latino Africana","potentialAction":[{"@type":"SearchAction","target":{"@type":"EntryPoint","urlTemplate":"https:\/\/camaralatinoafricana.com\/?s={search_term_string}"},"query-input":{"@type":"PropertyValueSpecification","valueRequired":true,"valueName":"search_term_string"}}],"inLanguage":"fr-FR"},{"@type":"Organization","@id":"https:\/\/camaralatinoafricana.com\/#organization","name":"Chambre de commerce latino-africaine","alternateName":"CLAF","url":"https:\/\/camaralatinoafricana.com\/","logo":{"@type":"ImageObject","inLanguage":"fr-FR","@id":"https:\/\/camaralatinoafricana.com\/#\/schema\/logo\/image\/","url":"https:\/\/camaralatinoafricana.com\/wp-content\/uploads\/2024\/08\/Logo-CLAF.svg","contentUrl":"https:\/\/camaralatinoafricana.com\/wp-content\/uploads\/2024\/08\/Logo-CLAF.svg","width":767,"height":268,"caption":"C\u00e1mara de Comercio Latino Africana"},"image":{"@id":"https:\/\/camaralatinoafricana.com\/#\/schema\/logo\/image\/"},"sameAs":["https:\/\/www.facebook.com\/CamaraDeComercioLatinoAfricana","https:\/\/www.instagram.com\/camaradecomerciolatinoafricana\/","https:\/\/www.linkedin.com\/company\/cmara-de-comercio-latino-africana\/"],"publishingPrinciples":"https:\/\/camaralatinoafricana.com\/privacy-policy\/","ownershipFundingInfo":"https:\/\/camaralatinoafricana.com\/sobre-claf\/nuestro-equipo\/directores\/","actionableFeedbackPolicy":"https:\/\/camaralatinoafricana.com\/privacy-policy\/"}]}},"_links":{"self":[{"href":"https:\/\/camaralatinoafricana.com\/fr\/wp-json\/wp\/v2\/product\/2517","targetHints":{"allow":["GET"]}}],"collection":[{"href":"https:\/\/camaralatinoafricana.com\/fr\/wp-json\/wp\/v2\/product"}],"about":[{"href":"https:\/\/camaralatinoafricana.com\/fr\/wp-json\/wp\/v2\/types\/product"}],"replies":[{"embeddable":true,"href":"https:\/\/camaralatinoafricana.com\/fr\/wp-json\/wp\/v2\/comments?post=2517"}],"wp:featuredmedia":[{"embeddable":true,"href":"https:\/\/camaralatinoafricana.com\/fr\/wp-json\/wp\/v2\/media\/2543"}],"wp:attachment":[{"href":"https:\/\/camaralatinoafricana.com\/fr\/wp-json\/wp\/v2\/media?parent=2517"}],"wp:term":[{"taxonomy":"product_brand","embeddable":true,"href":"https:\/\/camaralatinoafricana.com\/fr\/wp-json\/wp\/v2\/product_brand?post=2517"},{"taxonomy":"product_cat","embeddable":true,"href":"https:\/\/camaralatinoafricana.com\/fr\/wp-json\/wp\/v2\/product_cat?post=2517"},{"taxonomy":"product_tag","embeddable":true,"href":"https:\/\/camaralatinoafricana.com\/fr\/wp-json\/wp\/v2\/product_tag?post=2517"}],"curies":[{"name":"wp","href":"https:\/\/api.w.org\/{rel}","templated":true}]}}