{"id":3379,"date":"2025-02-18T09:57:34","date_gmt":"2025-02-18T14:57:34","guid":{"rendered":"https:\/\/camaralatinoafricana.com\/?page_id=3379"},"modified":"2025-02-18T11:04:22","modified_gmt":"2025-02-18T16:04:22","slug":"aliados","status":"publish","type":"page","link":"https:\/\/camaralatinoafricana.com\/fr\/sobre-claf\/aliados\/","title":{"rendered":"Alli\u00e9s"},"content":{"rendered":"<div data-elementor-type=\"wp-page\" data-elementor-id=\"3379\" class=\"elementor elementor-3379\" data-elementor-post-type=\"page\">\n\t\t\t\t<div class=\"elementor-element elementor-element-afbc04d e-flex e-con-boxed e-con e-parent\" data-id=\"afbc04d\" data-element_type=\"container\" data-e-type=\"container\" data-settings=\"{&quot;jet_parallax_layout_list&quot;:[]}\">\n\t\t\t\t\t<div class=\"e-con-inner\">\n\t\t\t\t<div class=\"elementor-element elementor-element-54a6f0e elementor-widget elementor-widget-heading\" data-id=\"54a6f0e\" data-element_type=\"widget\" data-e-type=\"widget\" data-widget_type=\"heading.default\">\n\t\t\t\t<div class=\"elementor-widget-container\">\n\t\t\t\t\t<h2 class=\"elementor-heading-title elementor-size-default\">Accords de coop\u00e9ration <\/h2>\t\t\t\t<\/div>\n\t\t\t\t<\/div>\n\t\t\t\t<div class=\"elementor-element elementor-element-5e4438d elementor-widget elementor-widget-text-editor\" data-id=\"5e4438d\" data-element_type=\"widget\" data-e-type=\"widget\" data-widget_type=\"text-editor.default\">\n\t\t\t\t<div class=\"elementor-widget-container\">\n\t\t\t\t\t\t\t\t\t<p>Le <strong data-start=\"4\" data-end=\"31\">Accords de coop\u00e9ration<\/strong> de la <strong data-start=\"38\" data-end=\"83\">Chambre de commerce latino-africaine (CLAF)<\/strong> renforcer les relations commerciales entre l'Am\u00e9rique latine et l'Afrique. Gr\u00e2ce \u00e0 des alliances strat\u00e9giques, elles facilitent l'\u00e9change de connaissances, stimulent l'internationalisation des entreprises et favorisent l'acc\u00e8s \u00e0 de nouveaux march\u00e9s, stimulant ainsi le d\u00e9veloppement \u00e9conomique sur les deux continents.<\/p>\t\t\t\t\t\t\t\t<\/div>\n\t\t\t\t<\/div>\n\t\t\t\t\t<\/div>\n\t\t\t\t<\/div>\n\t\t<div class=\"elementor-element elementor-element-fb076af e-flex e-con-boxed e-con e-parent\" data-id=\"fb076af\" data-element_type=\"container\" data-e-type=\"container\" data-settings=\"{&quot;jet_parallax_layout_list&quot;:[]}\">\n\t\t\t\t\t<div class=\"e-con-inner\">\n\t\t<div class=\"elementor-element elementor-element-3fac04d e-con-full e-flex e-con e-child\" data-id=\"3fac04d\" data-element_type=\"container\" data-e-type=\"container\" data-settings=\"{&quot;jet_parallax_layout_list&quot;:[]}\">\n\t\t\t\t<div class=\"elementor-element elementor-element-9f46321 elementor-widget elementor-widget-image\" data-id=\"9f46321\" data-element_type=\"widget\" data-e-type=\"widget\" data-widget_type=\"image.default\">\n\t\t\t\t<div class=\"elementor-widget-container\">\n\t\t\t\t\t\t\t\t\t\t\t\t\t\t\t<img decoding=\"async\" width=\"213\" height=\"83\" src=\"https:\/\/camaralatinoafricana.com\/wp-content\/uploads\/2025\/02\/AMA-Asociacion-Mujeres-Aduaneras.png\" class=\"attachment-large size-large wp-image-3385\" alt=\"\" srcset=\"https:\/\/camaralatinoafricana.com\/wp-content\/uploads\/2025\/02\/AMA-Asociacion-Mujeres-Aduaneras.png 213w, https:\/\/camaralatinoafricana.com\/wp-content\/uploads\/2025\/02\/AMA-Asociacion-Mujeres-Aduaneras-18x7.png 18w\" sizes=\"(max-width: 213px) 100vw, 213px\" \/>\t\t\t\t\t\t\t\t\t\t\t\t\t\t\t<\/div>\n\t\t\t\t<\/div>\n\t\t\t\t<div class=\"elementor-element elementor-element-25853ab elementor-widget elementor-widget-text-editor\" data-id=\"25853ab\" data-element_type=\"widget\" data-e-type=\"widget\" data-widget_type=\"text-editor.default\">\n\t\t\t\t<div class=\"elementor-widget-container\">\n\t\t\t\t\t\t\t\t\t<p style=\"text-align: center;\"><strong>Pays : Medell\u00edn - Colombie <\/strong><\/p>\t\t\t\t\t\t\t\t<\/div>\n\t\t\t\t<\/div>\n\t\t\t\t<\/div>\n\t\t<div class=\"elementor-element elementor-element-b7a1b7e e-con-full e-flex e-con e-child\" data-id=\"b7a1b7e\" data-element_type=\"container\" data-e-type=\"container\" data-settings=\"{&quot;jet_parallax_layout_list&quot;:[]}\">\n\t\t\t\t<div class=\"elementor-element elementor-element-4b3db6b elementor-widget elementor-widget-heading\" data-id=\"4b3db6b\" data-element_type=\"widget\" data-e-type=\"widget\" data-widget_type=\"heading.default\">\n\t\t\t\t<div class=\"elementor-widget-container\">\n\t\t\t\t\t<h4 class=\"elementor-heading-title elementor-size-default\">Association des femmes douani\u00e8res - AMA <\/h4>\t\t\t\t<\/div>\n\t\t\t\t<\/div>\n\t\t\t\t<div class=\"elementor-element elementor-element-ab87caf elementor-widget elementor-widget-text-editor\" data-id=\"ab87caf\" data-element_type=\"widget\" data-e-type=\"widget\" data-widget_type=\"text-editor.default\">\n\t\t\t\t<div class=\"elementor-widget-container\">\n\t\t\t\t\t\t\t\t\t<p>L'Association des femmes agents en douane - AMA Colombie est une initiative cr\u00e9\u00e9e par des amis passionn\u00e9s par les douanes, le commerce ext\u00e9rieur, la logistique et le commerce international. Elle est compos\u00e9e de femmes talentueuses aux comp\u00e9tences diverses, dot\u00e9es d'une grande exp\u00e9rience et d'une grande capacit\u00e9 de projection. AMA repr\u00e9sente le leadership dans l'environnement douanier et dans la cha\u00eene de valeur, nous contribuons avec des propositions perturbatrices \u00e0 faire de la Colombie un pays moderne et avant-gardiste en termes de commerce international. En outre, nous incorporons les avanc\u00e9es technologiques les plus r\u00e9centes dans les programmes de discussion et soutenons leur int\u00e9gration dans les op\u00e9rations quotidiennes du commerce ext\u00e9rieur.<\/p>\t\t\t\t\t\t\t\t<\/div>\n\t\t\t\t<\/div>\n\t\t\t\t<\/div>\n\t\t\t\t\t<\/div>\n\t\t\t\t<\/div>\n\t\t<div class=\"elementor-element elementor-element-03c19f4 e-flex e-con-boxed e-con e-parent\" data-id=\"03c19f4\" data-element_type=\"container\" data-e-type=\"container\" data-settings=\"{&quot;jet_parallax_layout_list&quot;:[]}\">\n\t\t\t\t\t<div class=\"e-con-inner\">\n\t\t<div class=\"elementor-element elementor-element-dfb50c5 e-con-full e-flex e-con e-child\" data-id=\"dfb50c5\" data-element_type=\"container\" data-e-type=\"container\" data-settings=\"{&quot;jet_parallax_layout_list&quot;:[]}\">\n\t\t\t\t<div class=\"elementor-element elementor-element-785600c elementor-widget elementor-widget-heading\" data-id=\"785600c\" data-element_type=\"widget\" data-e-type=\"widget\" data-widget_type=\"heading.default\">\n\t\t\t\t<div class=\"elementor-widget-container\">\n\t\t\t\t\t<h4 class=\"elementor-heading-title elementor-size-default\">Recherche sur le commerce international en Afrique<\/h4>\t\t\t\t<\/div>\n\t\t\t\t<\/div>\n\t\t\t\t<div class=\"elementor-element elementor-element-114baf5 elementor-widget elementor-widget-text-editor\" data-id=\"114baf5\" data-element_type=\"widget\" data-e-type=\"widget\" data-widget_type=\"text-editor.default\">\n\t\t\t\t<div class=\"elementor-widget-container\">\n\t\t\t\t\t\t\t\t\t<p>AITCR (Africa International Trade &amp; Commerce Research) est un cabinet de conseil en commerce international sp\u00e9cialis\u00e9 dans le march\u00e9 africain, et plus particuli\u00e8rement dans le d\u00e9veloppement de la zone de libre-\u00e9change continentale africaine (AfCFTA). L'entreprise est au service des gouvernements, des entreprises priv\u00e9es et des organisations internationales qui s'engagent \u00e0 stimuler la croissance \u00e9conomique de l'Afrique par le biais de l'int\u00e9gration commerciale et de solutions strat\u00e9giques.<\/p><p>Site web : <a href=\"https:\/\/africainternationaltrade.com\/\" target=\"_blank\" rel=\"noopener\">https:\/\/africainternationaltrade.com\/<\/a><\/p>\t\t\t\t\t\t\t\t<\/div>\n\t\t\t\t<\/div>\n\t\t\t\t<\/div>\n\t\t<div class=\"elementor-element elementor-element-4f9794d e-con-full e-flex e-con e-child\" data-id=\"4f9794d\" data-element_type=\"container\" data-e-type=\"container\" data-settings=\"{&quot;jet_parallax_layout_list&quot;:[]}\">\n\t\t\t\t<div class=\"elementor-element elementor-element-71cbf4f elementor-widget elementor-widget-image\" data-id=\"71cbf4f\" data-element_type=\"widget\" data-e-type=\"widget\" data-widget_type=\"image.default\">\n\t\t\t\t<div class=\"elementor-widget-container\">\n\t\t\t\t\t\t\t\t\t\t\t\t\t\t\t<img fetchpriority=\"high\" decoding=\"async\" width=\"449\" height=\"171\" src=\"https:\/\/camaralatinoafricana.com\/wp-content\/uploads\/2025\/02\/Africa-international-trade.png\" class=\"attachment-large size-large wp-image-3386\" alt=\"\" srcset=\"https:\/\/camaralatinoafricana.com\/wp-content\/uploads\/2025\/02\/Africa-international-trade.png 449w, https:\/\/camaralatinoafricana.com\/wp-content\/uploads\/2025\/02\/Africa-international-trade-300x114.png 300w, https:\/\/camaralatinoafricana.com\/wp-content\/uploads\/2025\/02\/Africa-international-trade-18x7.png 18w\" sizes=\"(max-width: 449px) 100vw, 449px\" \/>\t\t\t\t\t\t\t\t\t\t\t\t\t\t\t<\/div>\n\t\t\t\t<\/div>\n\t\t\t\t<div class=\"elementor-element elementor-element-84f09a8 elementor-widget elementor-widget-text-editor\" data-id=\"84f09a8\" data-element_type=\"widget\" data-e-type=\"widget\" data-widget_type=\"text-editor.default\">\n\t\t\t\t<div class=\"elementor-widget-container\">\n\t\t\t\t\t\t\t\t\t<p style=\"text-align: center;\"><strong>Pays : Nigeria - Abuja<\/strong><\/p>\t\t\t\t\t\t\t\t<\/div>\n\t\t\t\t<\/div>\n\t\t\t\t<\/div>\n\t\t\t\t\t<\/div>\n\t\t\t\t<\/div>\n\t\t<div class=\"elementor-element elementor-element-b6d3b52 e-flex e-con-boxed e-con e-parent\" data-id=\"b6d3b52\" data-element_type=\"container\" data-e-type=\"container\" data-settings=\"{&quot;jet_parallax_layout_list&quot;:[]}\">\n\t\t\t\t\t<div class=\"e-con-inner\">\n\t\t<div class=\"elementor-element elementor-element-79716c6 e-con-full e-flex e-con e-child\" data-id=\"79716c6\" data-element_type=\"container\" data-e-type=\"container\" data-settings=\"{&quot;jet_parallax_layout_list&quot;:[]}\">\n\t\t\t\t<div class=\"elementor-element elementor-element-40d23f1 elementor-widget elementor-widget-image\" data-id=\"40d23f1\" data-element_type=\"widget\" data-e-type=\"widget\" data-widget_type=\"image.default\">\n\t\t\t\t<div class=\"elementor-widget-container\">\n\t\t\t\t\t\t\t\t\t\t\t\t\t\t\t<img decoding=\"async\" width=\"300\" height=\"127\" src=\"https:\/\/camaralatinoafricana.com\/wp-content\/uploads\/2025\/02\/Africa-Trade-Academy.jpg\" class=\"attachment-large size-large wp-image-3387\" alt=\"\" srcset=\"https:\/\/camaralatinoafricana.com\/wp-content\/uploads\/2025\/02\/Africa-Trade-Academy.jpg 300w, https:\/\/camaralatinoafricana.com\/wp-content\/uploads\/2025\/02\/Africa-Trade-Academy-18x8.jpg 18w\" sizes=\"(max-width: 300px) 100vw, 300px\" \/>\t\t\t\t\t\t\t\t\t\t\t\t\t\t\t<\/div>\n\t\t\t\t<\/div>\n\t\t\t\t<div class=\"elementor-element elementor-element-d86aa5c elementor-widget elementor-widget-text-editor\" data-id=\"d86aa5c\" data-element_type=\"widget\" data-e-type=\"widget\" data-widget_type=\"text-editor.default\">\n\t\t\t\t<div class=\"elementor-widget-container\">\n\t\t\t\t\t\t\t\t\t<p style=\"text-align: center;\"><strong>Pays : Ghana - Accra <\/strong><\/p>\t\t\t\t\t\t\t\t<\/div>\n\t\t\t\t<\/div>\n\t\t\t\t<\/div>\n\t\t<div class=\"elementor-element elementor-element-8f0a842 e-con-full e-flex e-con e-child\" data-id=\"8f0a842\" data-element_type=\"container\" data-e-type=\"container\" data-settings=\"{&quot;jet_parallax_layout_list&quot;:[]}\">\n\t\t\t\t<div class=\"elementor-element elementor-element-bdb37dd elementor-widget elementor-widget-heading\" data-id=\"bdb37dd\" data-element_type=\"widget\" data-e-type=\"widget\" data-widget_type=\"heading.default\">\n\t\t\t\t<div class=\"elementor-widget-container\">\n\t\t\t\t\t<h4 class=\"elementor-heading-title elementor-size-default\">Acad\u00e9mie africaine du commerce<\/h4>\t\t\t\t<\/div>\n\t\t\t\t<\/div>\n\t\t\t\t<div class=\"elementor-element elementor-element-19ee085 elementor-widget elementor-widget-text-editor\" data-id=\"19ee085\" data-element_type=\"widget\" data-e-type=\"widget\" data-widget_type=\"text-editor.default\">\n\t\t\t\t<div class=\"elementor-widget-container\">\n\t\t\t\t\t\t\t\t\t<p>L'African Trade Academy est une institution de premier plan qui se consacre au renforcement de la participation de l'Afrique au commerce mondial et aux affaires internationales. En tant que centre d'excellence, l'Acad\u00e9mie offre une formation professionnelle compl\u00e8te et une assistance technique aux acteurs des secteurs public et priv\u00e9 sur l'ensemble du continent africain. Gr\u00e2ce \u00e0 ses programmes sp\u00e9cialis\u00e9s de renforcement des capacit\u00e9s, l'Acad\u00e9mie dote les fonctionnaires et les chefs d'entreprise des comp\u00e9tences essentielles pour naviguer dans les relations commerciales internationales complexes et tirer parti des opportunit\u00e9s commerciales mondiales. Elle se distingue par sa combinaison de formation professionnelle, d'assistance technique cibl\u00e9e et de recherche de haute qualit\u00e9, toutes destin\u00e9es \u00e0 renforcer la comp\u00e9titivit\u00e9 commerciale de l'Afrique et \u00e0 favoriser des solutions innovantes aux d\u00e9fis du commerce international.<\/p><p>Site web : <a href=\"https:\/\/africatradeacademy.com\/\" target=\"_blank\" rel=\"noopener\">https:\/\/africatradeacademy.com\/<\/a><\/p>\t\t\t\t\t\t\t\t<\/div>\n\t\t\t\t<\/div>\n\t\t\t\t<\/div>\n\t\t\t\t\t<\/div>\n\t\t\t\t<\/div>\n\t\t\t\t<\/div>","protected":false},"excerpt":{"rendered":"<p>Acuerdos de Cooperaci\u00f3n Los Acuerdos de Cooperaci\u00f3n de la C\u00e1mara de Comercio Latino Africana (CLAF) fortalecen las relaciones comerciales entre Am\u00e9rica Latina y \u00c1frica. A trav\u00e9s de alianzas estrat\u00e9gicas, facilitan el intercambio de conocimientos, impulsan la internacionalizaci\u00f3n de empresas y promueven el acceso a nuevos mercados, fomentando el desarrollo econ\u00f3mico en ambos continentes. Pa\u00eds: Medell\u00edn [&hellip;]<\/p>\n","protected":false},"author":1,"featured_media":0,"parent":27,"menu_order":0,"comment_status":"closed","ping_status":"closed","template":"","meta":{"content-type":"","_monsterinsights_skip_tracking":false,"_monsterinsights_sitenote_active":false,"_monsterinsights_sitenote_note":"","_monsterinsights_sitenote_category":0,"footnotes":""},"class_list":["post-3379","page","type-page","status-publish","hentry"],"yoast_head":"<!-- This site is optimized with the Yoast SEO Premium plugin v23.2 (Yoast SEO v27.2) - https:\/\/yoast.com\/product\/yoast-seo-premium-wordpress\/ -->\n<title>Aliados - CLAF<\/title>\n<meta name=\"robots\" content=\"index, follow, max-snippet:-1, max-image-preview:large, max-video-preview:-1\" \/>\n<link rel=\"canonical\" href=\"https:\/\/camaralatinoafricana.com\/fr\/sobre-claf\/aliados\/\" \/>\n<meta property=\"og:locale\" content=\"fr_FR\" \/>\n<meta property=\"og:type\" content=\"article\" \/>\n<meta property=\"og:title\" content=\"Aliados\" \/>\n<meta property=\"og:description\" content=\"Acuerdos de Cooperaci\u00f3n Los Acuerdos de Cooperaci\u00f3n de la C\u00e1mara de Comercio Latino Africana (CLAF) fortalecen las relaciones comerciales entre Am\u00e9rica Latina y \u00c1frica. A trav\u00e9s de alianzas estrat\u00e9gicas, facilitan el intercambio de conocimientos, impulsan la internacionalizaci\u00f3n de empresas y promueven el acceso a nuevos mercados, fomentando el desarrollo econ\u00f3mico en ambos continentes. Pa\u00eds: Medell\u00edn [&hellip;]\" \/>\n<meta property=\"og:url\" content=\"https:\/\/camaralatinoafricana.com\/fr\/sobre-claf\/aliados\/\" \/>\n<meta property=\"og:site_name\" content=\"CLAF\" \/>\n<meta property=\"article:publisher\" content=\"https:\/\/www.facebook.com\/CamaraDeComercioLatinoAfricana\" \/>\n<meta property=\"article:modified_time\" content=\"2025-02-18T16:04:22+00:00\" \/>\n<meta property=\"og:image\" content=\"https:\/\/camaralatinoafricana.com\/wp-content\/uploads\/2025\/02\/AMA-Asociacion-Mujeres-Aduaneras.png\" \/>\n\t<meta property=\"og:image:width\" content=\"213\" \/>\n\t<meta property=\"og:image:height\" content=\"83\" \/>\n\t<meta property=\"og:image:type\" content=\"image\/png\" \/>\n<meta name=\"twitter:card\" content=\"summary_large_image\" \/>\n<meta name=\"twitter:label1\" content=\"Dur\u00e9e de lecture estim\u00e9e\" \/>\n\t<meta name=\"twitter:data1\" content=\"3 minutes\" \/>\n<script type=\"application\/ld+json\" class=\"yoast-schema-graph\">{\"@context\":\"https:\/\/schema.org\",\"@graph\":[{\"@type\":\"WebPage\",\"@id\":\"https:\/\/camaralatinoafricana.com\/sobre-claf\/aliados\/\",\"url\":\"https:\/\/camaralatinoafricana.com\/sobre-claf\/aliados\/\",\"name\":\"Aliados - CLAF\",\"isPartOf\":{\"@id\":\"https:\/\/camaralatinoafricana.com\/#website\"},\"primaryImageOfPage\":{\"@id\":\"https:\/\/camaralatinoafricana.com\/sobre-claf\/aliados\/#primaryimage\"},\"image\":{\"@id\":\"https:\/\/camaralatinoafricana.com\/sobre-claf\/aliados\/#primaryimage\"},\"thumbnailUrl\":\"https:\/\/camaralatinoafricana.com\/wp-content\/uploads\/2025\/02\/AMA-Asociacion-Mujeres-Aduaneras.png\",\"datePublished\":\"2025-02-18T14:57:34+00:00\",\"dateModified\":\"2025-02-18T16:04:22+00:00\",\"breadcrumb\":{\"@id\":\"https:\/\/camaralatinoafricana.com\/sobre-claf\/aliados\/#breadcrumb\"},\"inLanguage\":\"fr-FR\",\"potentialAction\":[{\"@type\":\"ReadAction\",\"target\":[\"https:\/\/camaralatinoafricana.com\/sobre-claf\/aliados\/\"]}]},{\"@type\":\"ImageObject\",\"inLanguage\":\"fr-FR\",\"@id\":\"https:\/\/camaralatinoafricana.com\/sobre-claf\/aliados\/#primaryimage\",\"url\":\"https:\/\/camaralatinoafricana.com\/wp-content\/uploads\/2025\/02\/AMA-Asociacion-Mujeres-Aduaneras.png\",\"contentUrl\":\"https:\/\/camaralatinoafricana.com\/wp-content\/uploads\/2025\/02\/AMA-Asociacion-Mujeres-Aduaneras.png\"},{\"@type\":\"BreadcrumbList\",\"@id\":\"https:\/\/camaralatinoafricana.com\/sobre-claf\/aliados\/#breadcrumb\",\"itemListElement\":[{\"@type\":\"ListItem\",\"position\":1,\"name\":\"Inicio\",\"item\":\"https:\/\/camaralatinoafricana.com\/\"},{\"@type\":\"ListItem\",\"position\":2,\"name\":\"Sobre CLAF\",\"item\":\"https:\/\/camaralatinoafricana.com\/sobre-claf\/\"},{\"@type\":\"ListItem\",\"position\":3,\"name\":\"Aliados\"}]},{\"@type\":\"WebSite\",\"@id\":\"https:\/\/camaralatinoafricana.com\/#website\",\"url\":\"https:\/\/camaralatinoafricana.com\/\",\"name\":\"CLAF\",\"description\":\"C\u00e1mara de Comercio Latino Africana\",\"publisher\":{\"@id\":\"https:\/\/camaralatinoafricana.com\/#organization\"},\"alternateName\":\"C\u00e1mara de Comercio Latino Africana\",\"potentialAction\":[{\"@type\":\"SearchAction\",\"target\":{\"@type\":\"EntryPoint\",\"urlTemplate\":\"https:\/\/camaralatinoafricana.com\/?s={search_term_string}\"},\"query-input\":{\"@type\":\"PropertyValueSpecification\",\"valueRequired\":true,\"valueName\":\"search_term_string\"}}],\"inLanguage\":\"fr-FR\"},{\"@type\":\"Organization\",\"@id\":\"https:\/\/camaralatinoafricana.com\/#organization\",\"name\":\"C\u00e1mara de Comercio Latino Africana\",\"alternateName\":\"CLAF\",\"url\":\"https:\/\/camaralatinoafricana.com\/\",\"logo\":{\"@type\":\"ImageObject\",\"inLanguage\":\"fr-FR\",\"@id\":\"https:\/\/camaralatinoafricana.com\/#\/schema\/logo\/image\/\",\"url\":\"https:\/\/camaralatinoafricana.com\/wp-content\/uploads\/2024\/08\/Logo-CLAF.svg\",\"contentUrl\":\"https:\/\/camaralatinoafricana.com\/wp-content\/uploads\/2024\/08\/Logo-CLAF.svg\",\"width\":767,\"height\":268,\"caption\":\"C\u00e1mara de Comercio Latino Africana\"},\"image\":{\"@id\":\"https:\/\/camaralatinoafricana.com\/#\/schema\/logo\/image\/\"},\"sameAs\":[\"https:\/\/www.facebook.com\/CamaraDeComercioLatinoAfricana\",\"https:\/\/www.instagram.com\/camaradecomerciolatinoafricana\/\",\"https:\/\/www.linkedin.com\/company\/cmara-de-comercio-latino-africana\/\"],\"publishingPrinciples\":\"https:\/\/camaralatinoafricana.com\/privacy-policy\/\",\"ownershipFundingInfo\":\"https:\/\/camaralatinoafricana.com\/sobre-claf\/nuestro-equipo\/directores\/\",\"actionableFeedbackPolicy\":\"https:\/\/camaralatinoafricana.com\/privacy-policy\/\"}]}<\/script>\n<!-- \/ Yoast SEO Premium plugin. -->","yoast_head_json":{"title":"Alli\u00e9s - CLAF","robots":{"index":"index","follow":"follow","max-snippet":"max-snippet:-1","max-image-preview":"max-image-preview:large","max-video-preview":"max-video-preview:-1"},"canonical":"https:\/\/camaralatinoafricana.com\/fr\/sobre-claf\/aliados\/","og_locale":"fr_FR","og_type":"article","og_title":"Aliados","og_description":"Acuerdos de Cooperaci\u00f3n Los Acuerdos de Cooperaci\u00f3n de la C\u00e1mara de Comercio Latino Africana (CLAF) fortalecen las relaciones comerciales entre Am\u00e9rica Latina y \u00c1frica. A trav\u00e9s de alianzas estrat\u00e9gicas, facilitan el intercambio de conocimientos, impulsan la internacionalizaci\u00f3n de empresas y promueven el acceso a nuevos mercados, fomentando el desarrollo econ\u00f3mico en ambos continentes. Pa\u00eds: Medell\u00edn [&hellip;]","og_url":"https:\/\/camaralatinoafricana.com\/fr\/sobre-claf\/aliados\/","og_site_name":"CLAF","article_publisher":"https:\/\/www.facebook.com\/CamaraDeComercioLatinoAfricana","article_modified_time":"2025-02-18T16:04:22+00:00","og_image":[{"width":213,"height":83,"url":"https:\/\/camaralatinoafricana.com\/wp-content\/uploads\/2025\/02\/AMA-Asociacion-Mujeres-Aduaneras.png","type":"image\/png"}],"twitter_card":"summary_large_image","twitter_misc":{"Dur\u00e9e de lecture estim\u00e9e":"3 minutes"},"schema":{"@context":"https:\/\/schema.org","@graph":[{"@type":"WebPage","@id":"https:\/\/camaralatinoafricana.com\/sobre-claf\/aliados\/","url":"https:\/\/camaralatinoafricana.com\/sobre-claf\/aliados\/","name":"Alli\u00e9s - CLAF","isPartOf":{"@id":"https:\/\/camaralatinoafricana.com\/#website"},"primaryImageOfPage":{"@id":"https:\/\/camaralatinoafricana.com\/sobre-claf\/aliados\/#primaryimage"},"image":{"@id":"https:\/\/camaralatinoafricana.com\/sobre-claf\/aliados\/#primaryimage"},"thumbnailUrl":"https:\/\/camaralatinoafricana.com\/wp-content\/uploads\/2025\/02\/AMA-Asociacion-Mujeres-Aduaneras.png","datePublished":"2025-02-18T14:57:34+00:00","dateModified":"2025-02-18T16:04:22+00:00","breadcrumb":{"@id":"https:\/\/camaralatinoafricana.com\/sobre-claf\/aliados\/#breadcrumb"},"inLanguage":"fr-FR","potentialAction":[{"@type":"ReadAction","target":["https:\/\/camaralatinoafricana.com\/sobre-claf\/aliados\/"]}]},{"@type":"ImageObject","inLanguage":"fr-FR","@id":"https:\/\/camaralatinoafricana.com\/sobre-claf\/aliados\/#primaryimage","url":"https:\/\/camaralatinoafricana.com\/wp-content\/uploads\/2025\/02\/AMA-Asociacion-Mujeres-Aduaneras.png","contentUrl":"https:\/\/camaralatinoafricana.com\/wp-content\/uploads\/2025\/02\/AMA-Asociacion-Mujeres-Aduaneras.png"},{"@type":"BreadcrumbList","@id":"https:\/\/camaralatinoafricana.com\/sobre-claf\/aliados\/#breadcrumb","itemListElement":[{"@type":"ListItem","position":1,"name":"Inicio","item":"https:\/\/camaralatinoafricana.com\/"},{"@type":"ListItem","position":2,"name":"Sobre CLAF","item":"https:\/\/camaralatinoafricana.com\/sobre-claf\/"},{"@type":"ListItem","position":3,"name":"Aliados"}]},{"@type":"WebSite","@id":"https:\/\/camaralatinoafricana.com\/#website","url":"https:\/\/camaralatinoafricana.com\/","name":"CLAF","description":"Chambre de commerce latino-africaine","publisher":{"@id":"https:\/\/camaralatinoafricana.com\/#organization"},"alternateName":"C\u00e1mara de Comercio Latino Africana","potentialAction":[{"@type":"SearchAction","target":{"@type":"EntryPoint","urlTemplate":"https:\/\/camaralatinoafricana.com\/?s={search_term_string}"},"query-input":{"@type":"PropertyValueSpecification","valueRequired":true,"valueName":"search_term_string"}}],"inLanguage":"fr-FR"},{"@type":"Organization","@id":"https:\/\/camaralatinoafricana.com\/#organization","name":"Chambre de commerce latino-africaine","alternateName":"CLAF","url":"https:\/\/camaralatinoafricana.com\/","logo":{"@type":"ImageObject","inLanguage":"fr-FR","@id":"https:\/\/camaralatinoafricana.com\/#\/schema\/logo\/image\/","url":"https:\/\/camaralatinoafricana.com\/wp-content\/uploads\/2024\/08\/Logo-CLAF.svg","contentUrl":"https:\/\/camaralatinoafricana.com\/wp-content\/uploads\/2024\/08\/Logo-CLAF.svg","width":767,"height":268,"caption":"C\u00e1mara de Comercio Latino Africana"},"image":{"@id":"https:\/\/camaralatinoafricana.com\/#\/schema\/logo\/image\/"},"sameAs":["https:\/\/www.facebook.com\/CamaraDeComercioLatinoAfricana","https:\/\/www.instagram.com\/camaradecomerciolatinoafricana\/","https:\/\/www.linkedin.com\/company\/cmara-de-comercio-latino-africana\/"],"publishingPrinciples":"https:\/\/camaralatinoafricana.com\/privacy-policy\/","ownershipFundingInfo":"https:\/\/camaralatinoafricana.com\/sobre-claf\/nuestro-equipo\/directores\/","actionableFeedbackPolicy":"https:\/\/camaralatinoafricana.com\/privacy-policy\/"}]}},"_links":{"self":[{"href":"https:\/\/camaralatinoafricana.com\/fr\/wp-json\/wp\/v2\/pages\/3379","targetHints":{"allow":["GET"]}}],"collection":[{"href":"https:\/\/camaralatinoafricana.com\/fr\/wp-json\/wp\/v2\/pages"}],"about":[{"href":"https:\/\/camaralatinoafricana.com\/fr\/wp-json\/wp\/v2\/types\/page"}],"author":[{"embeddable":true,"href":"https:\/\/camaralatinoafricana.com\/fr\/wp-json\/wp\/v2\/users\/1"}],"replies":[{"embeddable":true,"href":"https:\/\/camaralatinoafricana.com\/fr\/wp-json\/wp\/v2\/comments?post=3379"}],"version-history":[{"count":7,"href":"https:\/\/camaralatinoafricana.com\/fr\/wp-json\/wp\/v2\/pages\/3379\/revisions"}],"predecessor-version":[{"id":3393,"href":"https:\/\/camaralatinoafricana.com\/fr\/wp-json\/wp\/v2\/pages\/3379\/revisions\/3393"}],"up":[{"embeddable":true,"href":"https:\/\/camaralatinoafricana.com\/fr\/wp-json\/wp\/v2\/pages\/27"}],"wp:attachment":[{"href":"https:\/\/camaralatinoafricana.com\/fr\/wp-json\/wp\/v2\/media?parent=3379"}],"curies":[{"name":"wp","href":"https:\/\/api.w.org\/{rel}","templated":true}]}}