{"id":255,"date":"2024-08-14T00:07:25","date_gmt":"2024-08-14T05:07:25","guid":{"rendered":"https:\/\/camaralatinoafricana.com\/?page_id=255"},"modified":"2025-03-06T17:22:19","modified_gmt":"2025-03-06T22:22:19","slug":"directores","status":"publish","type":"page","link":"https:\/\/camaralatinoafricana.com\/fr\/sobre-claf\/nuestro-equipo\/directores\/","title":{"rendered":"Directeurs"},"content":{"rendered":"<div data-elementor-type=\"wp-page\" data-elementor-id=\"255\" class=\"elementor elementor-255\" data-elementor-post-type=\"page\">\n\t\t\t\t<div class=\"elementor-element elementor-element-0792103 e-flex e-con-boxed e-con e-parent\" data-id=\"0792103\" data-element_type=\"container\" data-e-type=\"container\" data-settings=\"{&quot;jet_parallax_layout_list&quot;:[]}\">\n\t\t\t\t\t<div class=\"e-con-inner\">\n\t\t\t\t<div class=\"elementor-element elementor-element-0b95e76 elementor-widget elementor-widget-heading\" data-id=\"0b95e76\" data-element_type=\"widget\" data-e-type=\"widget\" data-widget_type=\"heading.default\">\n\t\t\t\t<div class=\"elementor-widget-container\">\n\t\t\t\t\t<h2 class=\"elementor-heading-title elementor-size-default\">Directeurs<\/h2>\t\t\t\t<\/div>\n\t\t\t\t<\/div>\n\t\t\t\t<div class=\"elementor-element elementor-element-ba0fab8 elementor-widget elementor-widget-text-editor\" data-id=\"ba0fab8\" data-element_type=\"widget\" data-e-type=\"widget\" data-widget_type=\"text-editor.default\">\n\t\t\t\t<div class=\"elementor-widget-container\">\n\t\t\t\t\t\t\t\t\t<p>\u00c0 la CLAF, notre \u00e9quipe est compos\u00e9e de professionnels passionn\u00e9s et d\u00e9vou\u00e9s qui apportent un large \u00e9ventail de comp\u00e9tences et d'exp\u00e9riences pour faire de notre mission une r\u00e9alit\u00e9. Chaque membre de notre \u00e9quipe apporte une expertise unique dans des domaines cl\u00e9s, travaillant en \u00e9troite collaboration pour fournir des solutions innovantes et de haute qualit\u00e9. De nos dirigeants \u00e0 notre personnel de soutien, nous nous engageons \u00e0 fournir un service exceptionnel et \u00e0 favoriser un environnement de collaboration et d'excellence.\u00a0<\/p>\t\t\t\t\t\t\t\t<\/div>\n\t\t\t\t<\/div>\n\t\t\t\t\t<\/div>\n\t\t\t\t<\/div>\n\t\t<div class=\"elementor-element elementor-element-cff3ab7 e-flex e-con-boxed e-con e-parent\" data-id=\"cff3ab7\" data-element_type=\"container\" data-e-type=\"container\" data-settings=\"{&quot;jet_parallax_layout_list&quot;:[]}\">\n\t\t\t\t\t<div class=\"e-con-inner\">\n\t\t<div class=\"elementor-element elementor-element-53fd28d e-con-full e-flex e-con e-child\" data-id=\"53fd28d\" data-element_type=\"container\" data-e-type=\"container\" data-settings=\"{&quot;jet_parallax_layout_list&quot;:[]}\">\n\t\t\t\t<div class=\"elementor-element elementor-element-a75c088 elementor-widget elementor-widget-heading\" data-id=\"a75c088\" data-element_type=\"widget\" data-e-type=\"widget\" data-widget_type=\"heading.default\">\n\t\t\t\t<div class=\"elementor-widget-container\">\n\t\t\t\t\t<h2 class=\"elementor-heading-title elementor-size-default\">Am\u00e9rique du Sud<\/h2>\t\t\t\t<\/div>\n\t\t\t\t<\/div>\n\t\t\t\t<div class=\"elementor-element elementor-element-c1c36ff elementor-widget elementor-widget-shortcode\" data-id=\"c1c36ff\" data-element_type=\"widget\" data-e-type=\"widget\" data-widget_type=\"shortcode.default\">\n\t\t\t\t<div class=\"elementor-widget-container\">\n\t\t\t\t\t\t\t<div class=\"elementor-shortcode\"><div><div id=\"image-map-pro-cf6f94ff-211f-46b5-a6c8-05e2c1d6ff76\"><\/div><\/div><\/div>\n\t\t\t\t\t\t<\/div>\n\t\t\t\t<\/div>\n\t\t\t\t<\/div>\n\t\t<div class=\"elementor-element elementor-element-27ba056 e-con-full e-flex e-con e-child\" data-id=\"27ba056\" data-element_type=\"container\" data-e-type=\"container\" data-settings=\"{&quot;jet_parallax_layout_list&quot;:[]}\">\n\t\t\t\t<div class=\"elementor-element elementor-element-f1f61fb elementor-widget elementor-widget-heading\" data-id=\"f1f61fb\" data-element_type=\"widget\" data-e-type=\"widget\" data-widget_type=\"heading.default\">\n\t\t\t\t<div class=\"elementor-widget-container\">\n\t\t\t\t\t<h2 class=\"elementor-heading-title elementor-size-default\">Afrique<\/h2>\t\t\t\t<\/div>\n\t\t\t\t<\/div>\n\t\t\t\t<div class=\"elementor-element elementor-element-cf95ee4 elementor-widget elementor-widget-shortcode\" data-id=\"cf95ee4\" data-element_type=\"widget\" data-e-type=\"widget\" data-widget_type=\"shortcode.default\">\n\t\t\t\t<div class=\"elementor-widget-container\">\n\t\t\t\t\t\t\t<div class=\"elementor-shortcode\"><div><div id=\"image-map-pro-d2623829-d6ab-4a52-b401-b64e428700bc\"><\/div><\/div><\/div>\n\t\t\t\t\t\t<\/div>\n\t\t\t\t<\/div>\n\t\t\t\t<\/div>\n\t\t\t\t\t<\/div>\n\t\t\t\t<\/div>\n\t\t\t\t<\/div>","protected":false},"excerpt":{"rendered":"<p>Directores En CLAF, nuestro equipo est\u00e1 compuesto por profesionales apasionados y dedicados que aportan una amplia gama de habilidades y experiencia para hacer realidad nuestra misi\u00f3n. Cada miembro de nuestro equipo contribuye con su expertise \u00fanica en \u00e1reas clave, trabajando en estrecha colaboraci\u00f3n para ofrecer soluciones innovadoras y de alta calidad. Desde nuestro liderazgo hasta [&hellip;]<\/p>\n","protected":false},"author":1,"featured_media":810,"parent":96,"menu_order":1,"comment_status":"closed","ping_status":"closed","template":"","meta":{"content-type":"","_monsterinsights_skip_tracking":false,"_monsterinsights_sitenote_active":false,"_monsterinsights_sitenote_note":"","_monsterinsights_sitenote_category":0,"footnotes":""},"class_list":["post-255","page","type-page","status-publish","has-post-thumbnail","hentry"],"yoast_head":"<!-- This site is optimized with the Yoast SEO Premium plugin v23.2 (Yoast SEO v27.2) - https:\/\/yoast.com\/product\/yoast-seo-premium-wordpress\/ -->\n<title>Directores - CLAF<\/title>\n<meta name=\"robots\" content=\"index, follow, max-snippet:-1, max-image-preview:large, max-video-preview:-1\" \/>\n<link rel=\"canonical\" href=\"https:\/\/camaralatinoafricana.com\/fr\/sobre-claf\/nuestro-equipo\/directores\/\" \/>\n<meta property=\"og:locale\" content=\"fr_FR\" \/>\n<meta property=\"og:type\" content=\"article\" \/>\n<meta property=\"og:title\" content=\"Directores\" \/>\n<meta property=\"og:description\" content=\"Directores En CLAF, nuestro equipo est\u00e1 compuesto por profesionales apasionados y dedicados que aportan una amplia gama de habilidades y experiencia para hacer realidad nuestra misi\u00f3n. Cada miembro de nuestro equipo contribuye con su expertise \u00fanica en \u00e1reas clave, trabajando en estrecha colaboraci\u00f3n para ofrecer soluciones innovadoras y de alta calidad. Desde nuestro liderazgo hasta [&hellip;]\" \/>\n<meta property=\"og:url\" content=\"https:\/\/camaralatinoafricana.com\/fr\/sobre-claf\/nuestro-equipo\/directores\/\" \/>\n<meta property=\"og:site_name\" content=\"CLAF\" \/>\n<meta property=\"article:publisher\" content=\"https:\/\/www.facebook.com\/CamaraDeComercioLatinoAfricana\" \/>\n<meta property=\"article:modified_time\" content=\"2025-03-06T22:22:19+00:00\" \/>\n<meta property=\"og:image\" content=\"https:\/\/camaralatinoafricana.com\/wp-content\/uploads\/2024\/08\/Director-Pais-scaled-e1724099709783.jpg\" \/>\n\t<meta property=\"og:image:width\" content=\"2560\" \/>\n\t<meta property=\"og:image:height\" content=\"1011\" \/>\n\t<meta property=\"og:image:type\" content=\"image\/jpeg\" \/>\n<meta name=\"twitter:card\" content=\"summary_large_image\" \/>\n<meta name=\"twitter:label1\" content=\"Dur\u00e9e de lecture estim\u00e9e\" \/>\n\t<meta name=\"twitter:data1\" content=\"1 minute\" \/>\n<script type=\"application\/ld+json\" class=\"yoast-schema-graph\">{\"@context\":\"https:\/\/schema.org\",\"@graph\":[{\"@type\":\"WebPage\",\"@id\":\"https:\/\/camaralatinoafricana.com\/sobre-claf\/nuestro-equipo\/directores\/\",\"url\":\"https:\/\/camaralatinoafricana.com\/sobre-claf\/nuestro-equipo\/directores\/\",\"name\":\"Directores - CLAF\",\"isPartOf\":{\"@id\":\"https:\/\/camaralatinoafricana.com\/#website\"},\"primaryImageOfPage\":{\"@id\":\"https:\/\/camaralatinoafricana.com\/sobre-claf\/nuestro-equipo\/directores\/#primaryimage\"},\"image\":{\"@id\":\"https:\/\/camaralatinoafricana.com\/sobre-claf\/nuestro-equipo\/directores\/#primaryimage\"},\"thumbnailUrl\":\"https:\/\/camaralatinoafricana.com\/wp-content\/uploads\/2024\/08\/Director-Pais-scaled-e1724099709783.jpg\",\"datePublished\":\"2024-08-14T05:07:25+00:00\",\"dateModified\":\"2025-03-06T22:22:19+00:00\",\"breadcrumb\":{\"@id\":\"https:\/\/camaralatinoafricana.com\/sobre-claf\/nuestro-equipo\/directores\/#breadcrumb\"},\"inLanguage\":\"fr-FR\",\"potentialAction\":[{\"@type\":\"ReadAction\",\"target\":[\"https:\/\/camaralatinoafricana.com\/sobre-claf\/nuestro-equipo\/directores\/\"]}]},{\"@type\":\"ImageObject\",\"inLanguage\":\"fr-FR\",\"@id\":\"https:\/\/camaralatinoafricana.com\/sobre-claf\/nuestro-equipo\/directores\/#primaryimage\",\"url\":\"https:\/\/camaralatinoafricana.com\/wp-content\/uploads\/2024\/08\/Director-Pais-scaled-e1724099709783.jpg\",\"contentUrl\":\"https:\/\/camaralatinoafricana.com\/wp-content\/uploads\/2024\/08\/Director-Pais-scaled-e1724099709783.jpg\",\"width\":2560,\"height\":1011,\"caption\":\"Male and female business people working on tablet in office\"},{\"@type\":\"BreadcrumbList\",\"@id\":\"https:\/\/camaralatinoafricana.com\/sobre-claf\/nuestro-equipo\/directores\/#breadcrumb\",\"itemListElement\":[{\"@type\":\"ListItem\",\"position\":1,\"name\":\"Inicio\",\"item\":\"https:\/\/camaralatinoafricana.com\/\"},{\"@type\":\"ListItem\",\"position\":2,\"name\":\"Sobre CLAF\",\"item\":\"https:\/\/camaralatinoafricana.com\/sobre-claf\/\"},{\"@type\":\"ListItem\",\"position\":3,\"name\":\"Nuestro equipo\",\"item\":\"https:\/\/camaralatinoafricana.com\/sobre-claf\/nuestro-equipo\/\"},{\"@type\":\"ListItem\",\"position\":4,\"name\":\"Directores\"}]},{\"@type\":\"WebSite\",\"@id\":\"https:\/\/camaralatinoafricana.com\/#website\",\"url\":\"https:\/\/camaralatinoafricana.com\/\",\"name\":\"CLAF\",\"description\":\"C\u00e1mara de Comercio Latino Africana\",\"publisher\":{\"@id\":\"https:\/\/camaralatinoafricana.com\/#organization\"},\"alternateName\":\"C\u00e1mara de Comercio Latino Africana\",\"potentialAction\":[{\"@type\":\"SearchAction\",\"target\":{\"@type\":\"EntryPoint\",\"urlTemplate\":\"https:\/\/camaralatinoafricana.com\/?s={search_term_string}\"},\"query-input\":{\"@type\":\"PropertyValueSpecification\",\"valueRequired\":true,\"valueName\":\"search_term_string\"}}],\"inLanguage\":\"fr-FR\"},{\"@type\":\"Organization\",\"@id\":\"https:\/\/camaralatinoafricana.com\/#organization\",\"name\":\"C\u00e1mara de Comercio Latino Africana\",\"alternateName\":\"CLAF\",\"url\":\"https:\/\/camaralatinoafricana.com\/\",\"logo\":{\"@type\":\"ImageObject\",\"inLanguage\":\"fr-FR\",\"@id\":\"https:\/\/camaralatinoafricana.com\/#\/schema\/logo\/image\/\",\"url\":\"https:\/\/camaralatinoafricana.com\/wp-content\/uploads\/2024\/08\/Logo-CLAF.svg\",\"contentUrl\":\"https:\/\/camaralatinoafricana.com\/wp-content\/uploads\/2024\/08\/Logo-CLAF.svg\",\"width\":767,\"height\":268,\"caption\":\"C\u00e1mara de Comercio Latino Africana\"},\"image\":{\"@id\":\"https:\/\/camaralatinoafricana.com\/#\/schema\/logo\/image\/\"},\"sameAs\":[\"https:\/\/www.facebook.com\/CamaraDeComercioLatinoAfricana\",\"https:\/\/www.instagram.com\/camaradecomerciolatinoafricana\/\",\"https:\/\/www.linkedin.com\/company\/cmara-de-comercio-latino-africana\/\"],\"publishingPrinciples\":\"https:\/\/camaralatinoafricana.com\/privacy-policy\/\",\"ownershipFundingInfo\":\"https:\/\/camaralatinoafricana.com\/sobre-claf\/nuestro-equipo\/directores\/\",\"actionableFeedbackPolicy\":\"https:\/\/camaralatinoafricana.com\/privacy-policy\/\"}]}<\/script>\n<!-- \/ Yoast SEO Premium plugin. -->","yoast_head_json":{"title":"Directores - CLAF","robots":{"index":"index","follow":"follow","max-snippet":"max-snippet:-1","max-image-preview":"max-image-preview:large","max-video-preview":"max-video-preview:-1"},"canonical":"https:\/\/camaralatinoafricana.com\/fr\/sobre-claf\/nuestro-equipo\/directores\/","og_locale":"fr_FR","og_type":"article","og_title":"Directores","og_description":"Directores En CLAF, nuestro equipo est\u00e1 compuesto por profesionales apasionados y dedicados que aportan una amplia gama de habilidades y experiencia para hacer realidad nuestra misi\u00f3n. Cada miembro de nuestro equipo contribuye con su expertise \u00fanica en \u00e1reas clave, trabajando en estrecha colaboraci\u00f3n para ofrecer soluciones innovadoras y de alta calidad. Desde nuestro liderazgo hasta [&hellip;]","og_url":"https:\/\/camaralatinoafricana.com\/fr\/sobre-claf\/nuestro-equipo\/directores\/","og_site_name":"CLAF","article_publisher":"https:\/\/www.facebook.com\/CamaraDeComercioLatinoAfricana","article_modified_time":"2025-03-06T22:22:19+00:00","og_image":[{"width":2560,"height":1011,"url":"https:\/\/camaralatinoafricana.com\/wp-content\/uploads\/2024\/08\/Director-Pais-scaled-e1724099709783.jpg","type":"image\/jpeg"}],"twitter_card":"summary_large_image","twitter_misc":{"Dur\u00e9e de lecture estim\u00e9e":"1 minute"},"schema":{"@context":"https:\/\/schema.org","@graph":[{"@type":"WebPage","@id":"https:\/\/camaralatinoafricana.com\/sobre-claf\/nuestro-equipo\/directores\/","url":"https:\/\/camaralatinoafricana.com\/sobre-claf\/nuestro-equipo\/directores\/","name":"Directores - CLAF","isPartOf":{"@id":"https:\/\/camaralatinoafricana.com\/#website"},"primaryImageOfPage":{"@id":"https:\/\/camaralatinoafricana.com\/sobre-claf\/nuestro-equipo\/directores\/#primaryimage"},"image":{"@id":"https:\/\/camaralatinoafricana.com\/sobre-claf\/nuestro-equipo\/directores\/#primaryimage"},"thumbnailUrl":"https:\/\/camaralatinoafricana.com\/wp-content\/uploads\/2024\/08\/Director-Pais-scaled-e1724099709783.jpg","datePublished":"2024-08-14T05:07:25+00:00","dateModified":"2025-03-06T22:22:19+00:00","breadcrumb":{"@id":"https:\/\/camaralatinoafricana.com\/sobre-claf\/nuestro-equipo\/directores\/#breadcrumb"},"inLanguage":"fr-FR","potentialAction":[{"@type":"ReadAction","target":["https:\/\/camaralatinoafricana.com\/sobre-claf\/nuestro-equipo\/directores\/"]}]},{"@type":"ImageObject","inLanguage":"fr-FR","@id":"https:\/\/camaralatinoafricana.com\/sobre-claf\/nuestro-equipo\/directores\/#primaryimage","url":"https:\/\/camaralatinoafricana.com\/wp-content\/uploads\/2024\/08\/Director-Pais-scaled-e1724099709783.jpg","contentUrl":"https:\/\/camaralatinoafricana.com\/wp-content\/uploads\/2024\/08\/Director-Pais-scaled-e1724099709783.jpg","width":2560,"height":1011,"caption":"Male and female business people working on tablet in office"},{"@type":"BreadcrumbList","@id":"https:\/\/camaralatinoafricana.com\/sobre-claf\/nuestro-equipo\/directores\/#breadcrumb","itemListElement":[{"@type":"ListItem","position":1,"name":"Inicio","item":"https:\/\/camaralatinoafricana.com\/"},{"@type":"ListItem","position":2,"name":"Sobre CLAF","item":"https:\/\/camaralatinoafricana.com\/sobre-claf\/"},{"@type":"ListItem","position":3,"name":"Nuestro equipo","item":"https:\/\/camaralatinoafricana.com\/sobre-claf\/nuestro-equipo\/"},{"@type":"ListItem","position":4,"name":"Directores"}]},{"@type":"WebSite","@id":"https:\/\/camaralatinoafricana.com\/#website","url":"https:\/\/camaralatinoafricana.com\/","name":"CLAF","description":"Chambre de commerce latino-africaine","publisher":{"@id":"https:\/\/camaralatinoafricana.com\/#organization"},"alternateName":"C\u00e1mara de Comercio Latino Africana","potentialAction":[{"@type":"SearchAction","target":{"@type":"EntryPoint","urlTemplate":"https:\/\/camaralatinoafricana.com\/?s={search_term_string}"},"query-input":{"@type":"PropertyValueSpecification","valueRequired":true,"valueName":"search_term_string"}}],"inLanguage":"fr-FR"},{"@type":"Organization","@id":"https:\/\/camaralatinoafricana.com\/#organization","name":"Chambre de commerce latino-africaine","alternateName":"CLAF","url":"https:\/\/camaralatinoafricana.com\/","logo":{"@type":"ImageObject","inLanguage":"fr-FR","@id":"https:\/\/camaralatinoafricana.com\/#\/schema\/logo\/image\/","url":"https:\/\/camaralatinoafricana.com\/wp-content\/uploads\/2024\/08\/Logo-CLAF.svg","contentUrl":"https:\/\/camaralatinoafricana.com\/wp-content\/uploads\/2024\/08\/Logo-CLAF.svg","width":767,"height":268,"caption":"C\u00e1mara de Comercio Latino Africana"},"image":{"@id":"https:\/\/camaralatinoafricana.com\/#\/schema\/logo\/image\/"},"sameAs":["https:\/\/www.facebook.com\/CamaraDeComercioLatinoAfricana","https:\/\/www.instagram.com\/camaradecomerciolatinoafricana\/","https:\/\/www.linkedin.com\/company\/cmara-de-comercio-latino-africana\/"],"publishingPrinciples":"https:\/\/camaralatinoafricana.com\/privacy-policy\/","ownershipFundingInfo":"https:\/\/camaralatinoafricana.com\/sobre-claf\/nuestro-equipo\/directores\/","actionableFeedbackPolicy":"https:\/\/camaralatinoafricana.com\/privacy-policy\/"}]}},"_links":{"self":[{"href":"https:\/\/camaralatinoafricana.com\/fr\/wp-json\/wp\/v2\/pages\/255","targetHints":{"allow":["GET"]}}],"collection":[{"href":"https:\/\/camaralatinoafricana.com\/fr\/wp-json\/wp\/v2\/pages"}],"about":[{"href":"https:\/\/camaralatinoafricana.com\/fr\/wp-json\/wp\/v2\/types\/page"}],"author":[{"embeddable":true,"href":"https:\/\/camaralatinoafricana.com\/fr\/wp-json\/wp\/v2\/users\/1"}],"replies":[{"embeddable":true,"href":"https:\/\/camaralatinoafricana.com\/fr\/wp-json\/wp\/v2\/comments?post=255"}],"version-history":[{"count":15,"href":"https:\/\/camaralatinoafricana.com\/fr\/wp-json\/wp\/v2\/pages\/255\/revisions"}],"predecessor-version":[{"id":3415,"href":"https:\/\/camaralatinoafricana.com\/fr\/wp-json\/wp\/v2\/pages\/255\/revisions\/3415"}],"up":[{"embeddable":true,"href":"https:\/\/camaralatinoafricana.com\/fr\/wp-json\/wp\/v2\/pages\/96"}],"wp:featuredmedia":[{"embeddable":true,"href":"https:\/\/camaralatinoafricana.com\/fr\/wp-json\/wp\/v2\/media\/810"}],"wp:attachment":[{"href":"https:\/\/camaralatinoafricana.com\/fr\/wp-json\/wp\/v2\/media?parent=255"}],"curies":[{"name":"wp","href":"https:\/\/api.w.org\/{rel}","templated":true}]}}