{"id":2517,"date":"2024-09-10T12:02:32","date_gmt":"2024-09-10T17:02:32","guid":{"rendered":"https:\/\/camaralatinoafricana.com\/?post_type=product&#038;p=2517"},"modified":"2024-09-16T13:50:17","modified_gmt":"2024-09-16T18:50:17","slug":"afiliacion-claf","status":"publish","type":"product","link":"https:\/\/camaralatinoafricana.com\/en\/product\/afiliacion-claf\/","title":{"rendered":"CLAF Affiliation"},"content":{"rendered":"<div class=\"flex-shrink-0 flex flex-col relative items-end\">\n<div class=\"pt-0\">\n<div class=\"gizmo-bot-avatar flex h-8 w-8 items-center justify-center overflow-hidden rounded-full\">\n<div class=\"relative p-1 rounded-sm flex items-center justify-center bg-token-main-surface-primary text-token-text-primary h-8 w-8\">\n<p>Join the Latin African Chamber of Commerce (CLAF) and gain access to exclusive networking opportunities, consulting, and international events. This membership gives you the tools you need to expand your business in the Latin American and African markets. Choose your category according to the size of your company and start growing globally!<\/p>\n<h4>Benefits:<\/h4>\n<div class=\"elementor-element elementor-element-ed74ff5 e-con-full e-flex e-con e-child\" data-id=\"ed74ff5\" data-element_type=\"container\" data-settings=\"{&quot;jet_parallax_layout_list&quot;:[]}\">\n<div class=\"elementor-element elementor-element-4a2d0b3 elementor-view-default elementor-position-top elementor-mobile-position-top elementor-widget elementor-widget-icon-box\" data-id=\"4a2d0b3\" data-element_type=\"widget\" data-widget_type=\"icon-box.default\">\n<div class=\"elementor-widget-container\">\n<div class=\"elementor-icon-box-wrapper\">\n<ul>\n<li class=\"elementor-icon-box-content\">Access to basic information about the partner country's market.<\/li>\n<li class=\"elementor-icon-box-content\">Member directory.<\/li>\n<li class=\"elementor-icon-box-content\">Discounts on events and programs.<\/li>\n<li>Newsletter.<\/li>\n<li>Trade missions and fairs.<\/li>\n<li>Cross-cultural training programs.<\/li>\n<li>Online networking platform.<\/li>\n<li>Mentoring programs.<\/li>\n<li>Market intelligence services.<\/li>\n<li>Assistance with paperwork and visas.<\/li>\n<li>Marketplace (under development)<\/li>\n<li>E-book \"How to do business with Africa\".<\/li>\n<li>Commercial agendas.<\/li>\n<li>High-level training.<\/li>\n<li>Internationalization tools.<\/li>\n<\/ul>\n<\/div>\n<\/div>\n<\/div>\n<\/div>\n<div class=\"elementor-element elementor-element-f32e38d e-con-full e-flex e-con e-child\" data-id=\"f32e38d\" data-element_type=\"container\" data-settings=\"{&quot;jet_parallax_layout_list&quot;:[]}\">\n<div class=\"elementor-element elementor-element-ef68692 elementor-view-default elementor-position-top elementor-mobile-position-top elementor-widget elementor-widget-icon-box\" data-id=\"ef68692\" data-element_type=\"widget\" data-widget_type=\"icon-box.default\">\n<div class=\"elementor-widget-container\">\n<div class=\"elementor-icon-box-wrapper\">\n<div class=\"elementor-icon-box-content\">\n<p class=\"elementor-icon-box-description\">\n<\/div>\n<\/div>\n<\/div>\n<\/div>\n<\/div>\n<\/div>\n<\/div>\n<\/div>\n<\/div>","protected":false},"excerpt":{"rendered":"<p>Join the Latin African Chamber of Commerce (CLAF) and gain access to an exclusive network of contacts, specialized advice and business opportunities in Latin America and Africa. This annual membership (12 months) offers you key benefits for the internationalization of your company, including access to exclusive events, commercial tools, support in the expansion of your international operations. See membership benefits <a href=\"https:\/\/camaralatinoafricana.com\/en\/afiliados\/afiliaciones\/beneficios-claf\/\" target=\"_blank\" rel=\"noopener\">here\u00a0<\/a><\/p>\n<p>Choose the membership category that best suits the size of your company:<\/p>\n<ul>\n<li><strong>Large Company<\/strong>Sales in excess of $5 million USD. Value: <strong>$1,000 USD<\/strong> + VAT.<\/li>\n<li><strong>Medium Company<\/strong>Sales between $1,000,001 and $5 million USD. Value: <strong>$750 USD<\/strong> + VAT.<\/li>\n<li><strong>Small Business<\/strong>Sales between $250,001 and $1 million USD. Value: <strong>$550 USD<\/strong> + VAT.<\/li>\n<li><strong>Microenterprise<\/strong>Sales between $0 and $250,000 USD. Value: <strong>$350 USD<\/strong> + VAT.<\/li>\n<\/ul>\n<p><strong>Notes:<\/strong><\/p>\n<ul>\n<li><strong>Duration of Membership:<\/strong> 1 year (renewable annually).<\/li>\n<li><strong>VAT:<\/strong> Tax applicable only for companies in Colombia.<\/li>\n<\/ul>\n<p>Join today and boost your business growth in international markets!<\/p>","protected":false},"featured_media":2543,"comment_status":"open","ping_status":"closed","template":"","meta":{"content-type":"","_monsterinsights_skip_tracking":false,"_monsterinsights_sitenote_active":false,"_monsterinsights_sitenote_note":"","_monsterinsights_sitenote_category":0},"product_brand":[],"product_cat":[43],"product_tag":[],"class_list":{"0":"post-2517","1":"product","2":"type-product","3":"status-publish","4":"has-post-thumbnail","6":"product_cat-afiliaciones","8":"first","9":"instock","10":"virtual","11":"sold-individually","12":"taxable","13":"purchasable","14":"product-type-simple"},"yoast_head":"<!-- This site is optimized with the Yoast SEO Premium plugin v23.2 (Yoast SEO v27.2) - https:\/\/yoast.com\/product\/yoast-seo-premium-wordpress\/ -->\n<title>Afiliaci\u00f3n CLAF - CLAF<\/title>\n<meta name=\"robots\" content=\"index, follow, max-snippet:-1, max-image-preview:large, max-video-preview:-1\" \/>\n<link rel=\"canonical\" href=\"https:\/\/camaralatinoafricana.com\/en\/product\/afiliacion-claf\/\" \/>\n<meta property=\"og:locale\" content=\"en_US\" \/>\n<meta property=\"og:type\" content=\"article\" \/>\n<meta property=\"og:title\" content=\"Afiliaci\u00f3n CLAF\" \/>\n<meta property=\"og:description\" content=\"Af\u00edliate a la C\u00e1mara de Comercio Latino Africana (CLAF) y accede a una red exclusiva de contactos, asesor\u00eda especializada y oportunidades comerciales en Am\u00e9rica Latina y \u00c1frica. Esta membres\u00eda anual (12 meses) te ofrece beneficios clave para la internacionalizaci\u00f3n de tu empresa, incluyendo acceso a eventos exclusivos, herramientas comerciales, apoyo en la expansi\u00f3n de tus operaciones internacionales. Consulta los beneficios de afiliado aqu\u00ed\u00a0  Elige la categor\u00eda de membres\u00eda que mejor se adapte al tama\u00f1o de tu empresa:   Gran Empresa: Ventas superiores a $5 millones USD. Valor: $1.000 USD + IVA.  Mediana Empresa: Ventas entre $1.000.001 y $5 millones USD. Valor: $750 USD + IVA.  Peque\u00f1a Empresa: Ventas entre $250.001 y $1 mill\u00f3n USD. Valor: $550 USD + IVA.  Microempresa: Ventas entre $0 y $250.000 USD. Valor: $350 USD + IVA.  Notas:   Duraci\u00f3n de la Membres\u00eda: 1 a\u00f1o (renovable anualmente).  IVA: Impuesto aplicable solo para empresas en Colombia.  \u00a1\u00danete hoy y potencia el crecimiento de tu negocio en mercados internacionales!\" \/>\n<meta property=\"og:url\" content=\"https:\/\/camaralatinoafricana.com\/en\/product\/afiliacion-claf\/\" \/>\n<meta property=\"og:site_name\" content=\"CLAF\" \/>\n<meta property=\"article:publisher\" content=\"https:\/\/www.facebook.com\/CamaraDeComercioLatinoAfricana\" \/>\n<meta property=\"article:modified_time\" content=\"2024-09-16T18:50:17+00:00\" \/>\n<meta name=\"twitter:card\" content=\"summary_large_image\" \/>\n<meta name=\"twitter:label1\" content=\"Est. reading time\" \/>\n\t<meta name=\"twitter:data1\" content=\"1 minute\" \/>\n<script type=\"application\/ld+json\" class=\"yoast-schema-graph\">{\"@context\":\"https:\/\/schema.org\",\"@graph\":[{\"@type\":\"WebPage\",\"@id\":\"https:\/\/camaralatinoafricana.com\/producto\/afiliacion-claf\/\",\"url\":\"https:\/\/camaralatinoafricana.com\/producto\/afiliacion-claf\/\",\"name\":\"Afiliaci\u00f3n CLAF - CLAF\",\"isPartOf\":{\"@id\":\"https:\/\/camaralatinoafricana.com\/#website\"},\"primaryImageOfPage\":{\"@id\":\"https:\/\/camaralatinoafricana.com\/producto\/afiliacion-claf\/#primaryimage\"},\"image\":{\"@id\":\"https:\/\/camaralatinoafricana.com\/producto\/afiliacion-claf\/#primaryimage\"},\"thumbnailUrl\":\"https:\/\/camaralatinoafricana.com\/wp-content\/uploads\/2024\/09\/Recurso-1.svg\",\"datePublished\":\"2024-09-10T17:02:32+00:00\",\"dateModified\":\"2024-09-16T18:50:17+00:00\",\"breadcrumb\":{\"@id\":\"https:\/\/camaralatinoafricana.com\/producto\/afiliacion-claf\/#breadcrumb\"},\"inLanguage\":\"en-US\",\"potentialAction\":[{\"@type\":\"ReadAction\",\"target\":[\"https:\/\/camaralatinoafricana.com\/producto\/afiliacion-claf\/\"]}]},{\"@type\":\"ImageObject\",\"inLanguage\":\"en-US\",\"@id\":\"https:\/\/camaralatinoafricana.com\/producto\/afiliacion-claf\/#primaryimage\",\"url\":\"https:\/\/camaralatinoafricana.com\/wp-content\/uploads\/2024\/09\/Recurso-1.svg\",\"contentUrl\":\"https:\/\/camaralatinoafricana.com\/wp-content\/uploads\/2024\/09\/Recurso-1.svg\",\"width\":209.9,\"height\":209.93},{\"@type\":\"BreadcrumbList\",\"@id\":\"https:\/\/camaralatinoafricana.com\/producto\/afiliacion-claf\/#breadcrumb\",\"itemListElement\":[{\"@type\":\"ListItem\",\"position\":1,\"name\":\"Inicio\",\"item\":\"https:\/\/camaralatinoafricana.com\/\"},{\"@type\":\"ListItem\",\"position\":2,\"name\":\"Shop\",\"item\":\"https:\/\/camaralatinoafricana.com\/shop\/\"},{\"@type\":\"ListItem\",\"position\":3,\"name\":\"Afiliaci\u00f3n CLAF\"}]},{\"@type\":\"WebSite\",\"@id\":\"https:\/\/camaralatinoafricana.com\/#website\",\"url\":\"https:\/\/camaralatinoafricana.com\/\",\"name\":\"CLAF\",\"description\":\"C\u00e1mara de Comercio Latino Africana\",\"publisher\":{\"@id\":\"https:\/\/camaralatinoafricana.com\/#organization\"},\"alternateName\":\"C\u00e1mara de Comercio Latino Africana\",\"potentialAction\":[{\"@type\":\"SearchAction\",\"target\":{\"@type\":\"EntryPoint\",\"urlTemplate\":\"https:\/\/camaralatinoafricana.com\/?s={search_term_string}\"},\"query-input\":{\"@type\":\"PropertyValueSpecification\",\"valueRequired\":true,\"valueName\":\"search_term_string\"}}],\"inLanguage\":\"en-US\"},{\"@type\":\"Organization\",\"@id\":\"https:\/\/camaralatinoafricana.com\/#organization\",\"name\":\"C\u00e1mara de Comercio Latino Africana\",\"alternateName\":\"CLAF\",\"url\":\"https:\/\/camaralatinoafricana.com\/\",\"logo\":{\"@type\":\"ImageObject\",\"inLanguage\":\"en-US\",\"@id\":\"https:\/\/camaralatinoafricana.com\/#\/schema\/logo\/image\/\",\"url\":\"https:\/\/camaralatinoafricana.com\/wp-content\/uploads\/2024\/08\/Logo-CLAF.svg\",\"contentUrl\":\"https:\/\/camaralatinoafricana.com\/wp-content\/uploads\/2024\/08\/Logo-CLAF.svg\",\"width\":767,\"height\":268,\"caption\":\"C\u00e1mara de Comercio Latino Africana\"},\"image\":{\"@id\":\"https:\/\/camaralatinoafricana.com\/#\/schema\/logo\/image\/\"},\"sameAs\":[\"https:\/\/www.facebook.com\/CamaraDeComercioLatinoAfricana\",\"https:\/\/www.instagram.com\/camaradecomerciolatinoafricana\/\",\"https:\/\/www.linkedin.com\/company\/cmara-de-comercio-latino-africana\/\"],\"publishingPrinciples\":\"https:\/\/camaralatinoafricana.com\/privacy-policy\/\",\"ownershipFundingInfo\":\"https:\/\/camaralatinoafricana.com\/sobre-claf\/nuestro-equipo\/directores\/\",\"actionableFeedbackPolicy\":\"https:\/\/camaralatinoafricana.com\/privacy-policy\/\"}]}<\/script>\n<!-- \/ Yoast SEO Premium plugin. -->","yoast_head_json":{"title":"Afiliaci\u00f3n CLAF - CLAF","robots":{"index":"index","follow":"follow","max-snippet":"max-snippet:-1","max-image-preview":"max-image-preview:large","max-video-preview":"max-video-preview:-1"},"canonical":"https:\/\/camaralatinoafricana.com\/en\/product\/afiliacion-claf\/","og_locale":"en_US","og_type":"article","og_title":"Afiliaci\u00f3n CLAF","og_description":"Af\u00edliate a la C\u00e1mara de Comercio Latino Africana (CLAF) y accede a una red exclusiva de contactos, asesor\u00eda especializada y oportunidades comerciales en Am\u00e9rica Latina y \u00c1frica. Esta membres\u00eda anual (12 meses) te ofrece beneficios clave para la internacionalizaci\u00f3n de tu empresa, incluyendo acceso a eventos exclusivos, herramientas comerciales, apoyo en la expansi\u00f3n de tus operaciones internacionales. Consulta los beneficios de afiliado aqu\u00ed\u00a0  Elige la categor\u00eda de membres\u00eda que mejor se adapte al tama\u00f1o de tu empresa:   Gran Empresa: Ventas superiores a $5 millones USD. Valor: $1.000 USD + IVA.  Mediana Empresa: Ventas entre $1.000.001 y $5 millones USD. Valor: $750 USD + IVA.  Peque\u00f1a Empresa: Ventas entre $250.001 y $1 mill\u00f3n USD. Valor: $550 USD + IVA.  Microempresa: Ventas entre $0 y $250.000 USD. Valor: $350 USD + IVA.  Notas:   Duraci\u00f3n de la Membres\u00eda: 1 a\u00f1o (renovable anualmente).  IVA: Impuesto aplicable solo para empresas en Colombia.  \u00a1\u00danete hoy y potencia el crecimiento de tu negocio en mercados internacionales!","og_url":"https:\/\/camaralatinoafricana.com\/en\/product\/afiliacion-claf\/","og_site_name":"CLAF","article_publisher":"https:\/\/www.facebook.com\/CamaraDeComercioLatinoAfricana","article_modified_time":"2024-09-16T18:50:17+00:00","twitter_card":"summary_large_image","twitter_misc":{"Est. reading time":"1 minute"},"schema":{"@context":"https:\/\/schema.org","@graph":[{"@type":"WebPage","@id":"https:\/\/camaralatinoafricana.com\/producto\/afiliacion-claf\/","url":"https:\/\/camaralatinoafricana.com\/producto\/afiliacion-claf\/","name":"Afiliaci\u00f3n CLAF - CLAF","isPartOf":{"@id":"https:\/\/camaralatinoafricana.com\/#website"},"primaryImageOfPage":{"@id":"https:\/\/camaralatinoafricana.com\/producto\/afiliacion-claf\/#primaryimage"},"image":{"@id":"https:\/\/camaralatinoafricana.com\/producto\/afiliacion-claf\/#primaryimage"},"thumbnailUrl":"https:\/\/camaralatinoafricana.com\/wp-content\/uploads\/2024\/09\/Recurso-1.svg","datePublished":"2024-09-10T17:02:32+00:00","dateModified":"2024-09-16T18:50:17+00:00","breadcrumb":{"@id":"https:\/\/camaralatinoafricana.com\/producto\/afiliacion-claf\/#breadcrumb"},"inLanguage":"en-US","potentialAction":[{"@type":"ReadAction","target":["https:\/\/camaralatinoafricana.com\/producto\/afiliacion-claf\/"]}]},{"@type":"ImageObject","inLanguage":"en-US","@id":"https:\/\/camaralatinoafricana.com\/producto\/afiliacion-claf\/#primaryimage","url":"https:\/\/camaralatinoafricana.com\/wp-content\/uploads\/2024\/09\/Recurso-1.svg","contentUrl":"https:\/\/camaralatinoafricana.com\/wp-content\/uploads\/2024\/09\/Recurso-1.svg","width":209.9,"height":209.93},{"@type":"BreadcrumbList","@id":"https:\/\/camaralatinoafricana.com\/producto\/afiliacion-claf\/#breadcrumb","itemListElement":[{"@type":"ListItem","position":1,"name":"Inicio","item":"https:\/\/camaralatinoafricana.com\/"},{"@type":"ListItem","position":2,"name":"Shop","item":"https:\/\/camaralatinoafricana.com\/shop\/"},{"@type":"ListItem","position":3,"name":"Afiliaci\u00f3n CLAF"}]},{"@type":"WebSite","@id":"https:\/\/camaralatinoafricana.com\/#website","url":"https:\/\/camaralatinoafricana.com\/","name":"CLAF","description":"Latin African Chamber of Commerce","publisher":{"@id":"https:\/\/camaralatinoafricana.com\/#organization"},"alternateName":"C\u00e1mara de Comercio Latino Africana","potentialAction":[{"@type":"SearchAction","target":{"@type":"EntryPoint","urlTemplate":"https:\/\/camaralatinoafricana.com\/?s={search_term_string}"},"query-input":{"@type":"PropertyValueSpecification","valueRequired":true,"valueName":"search_term_string"}}],"inLanguage":"en-US"},{"@type":"Organization","@id":"https:\/\/camaralatinoafricana.com\/#organization","name":"Latin African Chamber of Commerce","alternateName":"CLAF","url":"https:\/\/camaralatinoafricana.com\/","logo":{"@type":"ImageObject","inLanguage":"en-US","@id":"https:\/\/camaralatinoafricana.com\/#\/schema\/logo\/image\/","url":"https:\/\/camaralatinoafricana.com\/wp-content\/uploads\/2024\/08\/Logo-CLAF.svg","contentUrl":"https:\/\/camaralatinoafricana.com\/wp-content\/uploads\/2024\/08\/Logo-CLAF.svg","width":767,"height":268,"caption":"C\u00e1mara de Comercio Latino Africana"},"image":{"@id":"https:\/\/camaralatinoafricana.com\/#\/schema\/logo\/image\/"},"sameAs":["https:\/\/www.facebook.com\/CamaraDeComercioLatinoAfricana","https:\/\/www.instagram.com\/camaradecomerciolatinoafricana\/","https:\/\/www.linkedin.com\/company\/cmara-de-comercio-latino-africana\/"],"publishingPrinciples":"https:\/\/camaralatinoafricana.com\/privacy-policy\/","ownershipFundingInfo":"https:\/\/camaralatinoafricana.com\/sobre-claf\/nuestro-equipo\/directores\/","actionableFeedbackPolicy":"https:\/\/camaralatinoafricana.com\/privacy-policy\/"}]}},"_links":{"self":[{"href":"https:\/\/camaralatinoafricana.com\/en\/wp-json\/wp\/v2\/product\/2517","targetHints":{"allow":["GET"]}}],"collection":[{"href":"https:\/\/camaralatinoafricana.com\/en\/wp-json\/wp\/v2\/product"}],"about":[{"href":"https:\/\/camaralatinoafricana.com\/en\/wp-json\/wp\/v2\/types\/product"}],"replies":[{"embeddable":true,"href":"https:\/\/camaralatinoafricana.com\/en\/wp-json\/wp\/v2\/comments?post=2517"}],"wp:featuredmedia":[{"embeddable":true,"href":"https:\/\/camaralatinoafricana.com\/en\/wp-json\/wp\/v2\/media\/2543"}],"wp:attachment":[{"href":"https:\/\/camaralatinoafricana.com\/en\/wp-json\/wp\/v2\/media?parent=2517"}],"wp:term":[{"taxonomy":"product_brand","embeddable":true,"href":"https:\/\/camaralatinoafricana.com\/en\/wp-json\/wp\/v2\/product_brand?post=2517"},{"taxonomy":"product_cat","embeddable":true,"href":"https:\/\/camaralatinoafricana.com\/en\/wp-json\/wp\/v2\/product_cat?post=2517"},{"taxonomy":"product_tag","embeddable":true,"href":"https:\/\/camaralatinoafricana.com\/en\/wp-json\/wp\/v2\/product_tag?post=2517"}],"curies":[{"name":"wp","href":"https:\/\/api.w.org\/{rel}","templated":true}]}}