{"id":251,"date":"2024-08-14T00:04:52","date_gmt":"2024-08-14T05:04:52","guid":{"rendered":"https:\/\/camaralatinoafricana.com\/?page_id=251"},"modified":"2024-08-15T01:40:44","modified_gmt":"2024-08-15T06:40:44","slug":"quienes-somos","status":"publish","type":"page","link":"https:\/\/camaralatinoafricana.com\/en\/sobre-claf\/quienes-somos\/","title":{"rendered":"Who are we?"},"content":{"rendered":"<h3><strong>Who are we?<\/strong><\/h3>\n<p>The Latin African Chamber of Commerce (CLAF) is an organization dedicated to facilitate, promote and enhance the exchange of trade, knowledge, resources and experiences between businessmen, diplomats and cultural agents from Latin America and Africa. Our scope covers aspects such as:<\/p>\n<ol>\n<li>Develop cooperation initiatives focused on the internationalization of goods and services.<\/li>\n<li>Organizing innovative events and networking programs that connect key players from both continents.<\/li>\n<li>To foster an enriching intercultural dialogue that bridges historical gaps and promotes mutual understanding.<\/li>\n<li>To promote projects that contribute to sustainable economic growth and shared prosperity between Latin America and Africa.<\/li>\n<li>Act as a strategic bridge for companies, institutions and governments interested in exploring transcontinental collaboration opportunities.<\/li>\n<li>Organization of commercial, exploratory and\/or sectorized missions that allow real cultural immersion with the objective of supporting the decision making process of the participating entrepreneurs, universities or entities.<\/li>\n<li>Elaborate market, logistical and strategic studies for an efficient incursion into the different countries of both continents.<\/li>\n<li>To train different actors from the business, academic, cultural and governmental ecosystems in broad topics that enable the strengthening of projects on both continents.<\/li>\n<\/ol>\n<p>&nbsp;<\/p>\n<p>Our work focuses on being an agent of positive change, promoting effective and mutually beneficial South-South cooperation between Latin America and Africa.<\/p>\n<ul>\n<li>CLAF is a pioneering organization that acts as a strategic bridge between Latin America and Africa. We facilitate efficient connections between entrepreneurs, investors, diplomats and cultural agents, catalyzing collaborations that transcend borders and generate shared value.<\/li>\n<li>We are a hub of opportunity that connects the potential of two continents. CLAF brings together visionaries, entrepreneurs and leaders committed to creating value through intercontinental collaboration, driving a new narrative of shared progress.<\/li>\n<\/ul>\n<p><strong>Mission: <\/strong><\/p>\n<ul>\n<li>Strengthen and energize trade, cultural and diplomatic relations between Latin America and Africa, creating bridges of understanding and opportunities that foster mutual economic growth and cultural exchange between the two continents, in order to build a transformative ecosystem of cooperation between Latin America and Africa, promoting bilateral trade, technology transfer and cultural exchange to foster inclusive and sustainable economic growth.<\/li>\n<\/ul>\n<p><strong>\u00a0<\/strong><strong>Vision: <\/strong><\/p>\n<ul>\n<li>To be recognized as the leading platform for South-South cooperation, leading a new era of shared prosperity between Latin America and Africa through commercial and cultural integration, innovation and mutual understanding, focusing our efforts to become the engine of a revolution in South-South relations, where both continents emerge as global leaders in economic and academic cooperation, with innovative and disruptive initiatives that always consider sustainable development.<\/li>\n<\/ul>","protected":false},"excerpt":{"rendered":"<p>\u00bfQui\u00e9nes Somos? La C\u00e1mara de Comercio Latino Africana (CLAF) es una organizaci\u00f3n dedicada a facilitar, promover y potenciar el intercambio comercial, de conocimientos, recursos y experiencias entre empresarios, diplom\u00e1ticos y agentes culturales de Latinoam\u00e9rica y \u00c1frica. Nuestro alcance abarca aspectos como: Desarrollar iniciativas de cooperaci\u00f3n enfocadas en la internacionalizaci\u00f3n de bienes y servicios. Organizar eventos [&hellip;]<\/p>\n","protected":false},"author":1,"featured_media":17,"parent":27,"menu_order":1,"comment_status":"closed","ping_status":"closed","template":"","meta":{"content-type":"","_monsterinsights_skip_tracking":false,"_monsterinsights_sitenote_active":false,"_monsterinsights_sitenote_note":"","_monsterinsights_sitenote_category":0,"footnotes":""},"class_list":["post-251","page","type-page","status-publish","has-post-thumbnail","hentry"],"yoast_head":"<!-- This site is optimized with the Yoast SEO Premium plugin v23.2 (Yoast SEO v27.2) - https:\/\/yoast.com\/product\/yoast-seo-premium-wordpress\/ -->\n<title>\u00bfQui\u00e9nes somos? - CLAF<\/title>\n<meta name=\"robots\" content=\"index, follow, max-snippet:-1, max-image-preview:large, max-video-preview:-1\" \/>\n<link rel=\"canonical\" href=\"https:\/\/camaralatinoafricana.com\/en\/sobre-claf\/quienes-somos\/\" \/>\n<meta property=\"og:locale\" content=\"en_US\" \/>\n<meta property=\"og:type\" content=\"article\" \/>\n<meta property=\"og:title\" content=\"\u00bfQui\u00e9nes somos?\" \/>\n<meta property=\"og:description\" content=\"\u00bfQui\u00e9nes Somos? La C\u00e1mara de Comercio Latino Africana (CLAF) es una organizaci\u00f3n dedicada a facilitar, promover y potenciar el intercambio comercial, de conocimientos, recursos y experiencias entre empresarios, diplom\u00e1ticos y agentes culturales de Latinoam\u00e9rica y \u00c1frica. Nuestro alcance abarca aspectos como: Desarrollar iniciativas de cooperaci\u00f3n enfocadas en la internacionalizaci\u00f3n de bienes y servicios. Organizar eventos [&hellip;]\" \/>\n<meta property=\"og:url\" content=\"https:\/\/camaralatinoafricana.com\/en\/sobre-claf\/quienes-somos\/\" \/>\n<meta property=\"og:site_name\" content=\"CLAF\" \/>\n<meta property=\"article:publisher\" content=\"https:\/\/www.facebook.com\/CamaraDeComercioLatinoAfricana\" \/>\n<meta property=\"article:modified_time\" content=\"2024-08-15T06:40:44+00:00\" \/>\n<meta name=\"twitter:card\" content=\"summary_large_image\" \/>\n<meta name=\"twitter:label1\" content=\"Est. reading time\" \/>\n\t<meta name=\"twitter:data1\" content=\"3 minutes\" \/>\n<script type=\"application\/ld+json\" class=\"yoast-schema-graph\">{\"@context\":\"https:\/\/schema.org\",\"@graph\":[{\"@type\":\"WebPage\",\"@id\":\"https:\/\/camaralatinoafricana.com\/sobre-claf\/quienes-somos\/\",\"url\":\"https:\/\/camaralatinoafricana.com\/sobre-claf\/quienes-somos\/\",\"name\":\"\u00bfQui\u00e9nes somos? - CLAF\",\"isPartOf\":{\"@id\":\"https:\/\/camaralatinoafricana.com\/#website\"},\"primaryImageOfPage\":{\"@id\":\"https:\/\/camaralatinoafricana.com\/sobre-claf\/quienes-somos\/#primaryimage\"},\"image\":{\"@id\":\"https:\/\/camaralatinoafricana.com\/sobre-claf\/quienes-somos\/#primaryimage\"},\"thumbnailUrl\":\"https:\/\/camaralatinoafricana.com\/wp-content\/uploads\/2024\/08\/Logo-CLAF.svg\",\"datePublished\":\"2024-08-14T05:04:52+00:00\",\"dateModified\":\"2024-08-15T06:40:44+00:00\",\"breadcrumb\":{\"@id\":\"https:\/\/camaralatinoafricana.com\/sobre-claf\/quienes-somos\/#breadcrumb\"},\"inLanguage\":\"en-US\",\"potentialAction\":[{\"@type\":\"ReadAction\",\"target\":[\"https:\/\/camaralatinoafricana.com\/sobre-claf\/quienes-somos\/\"]}]},{\"@type\":\"ImageObject\",\"inLanguage\":\"en-US\",\"@id\":\"https:\/\/camaralatinoafricana.com\/sobre-claf\/quienes-somos\/#primaryimage\",\"url\":\"https:\/\/camaralatinoafricana.com\/wp-content\/uploads\/2024\/08\/Logo-CLAF.svg\",\"contentUrl\":\"https:\/\/camaralatinoafricana.com\/wp-content\/uploads\/2024\/08\/Logo-CLAF.svg\",\"width\":767,\"height\":268,\"caption\":\"Logo C\u00e1mara de Comercio Latino Africana\"},{\"@type\":\"BreadcrumbList\",\"@id\":\"https:\/\/camaralatinoafricana.com\/sobre-claf\/quienes-somos\/#breadcrumb\",\"itemListElement\":[{\"@type\":\"ListItem\",\"position\":1,\"name\":\"Inicio\",\"item\":\"https:\/\/camaralatinoafricana.com\/\"},{\"@type\":\"ListItem\",\"position\":2,\"name\":\"Sobre CLAF\",\"item\":\"https:\/\/camaralatinoafricana.com\/sobre-claf\/\"},{\"@type\":\"ListItem\",\"position\":3,\"name\":\"\u00bfQui\u00e9nes somos?\"}]},{\"@type\":\"WebSite\",\"@id\":\"https:\/\/camaralatinoafricana.com\/#website\",\"url\":\"https:\/\/camaralatinoafricana.com\/\",\"name\":\"CLAF\",\"description\":\"C\u00e1mara de Comercio Latino Africana\",\"publisher\":{\"@id\":\"https:\/\/camaralatinoafricana.com\/#organization\"},\"alternateName\":\"C\u00e1mara de Comercio Latino Africana\",\"potentialAction\":[{\"@type\":\"SearchAction\",\"target\":{\"@type\":\"EntryPoint\",\"urlTemplate\":\"https:\/\/camaralatinoafricana.com\/?s={search_term_string}\"},\"query-input\":{\"@type\":\"PropertyValueSpecification\",\"valueRequired\":true,\"valueName\":\"search_term_string\"}}],\"inLanguage\":\"en-US\"},{\"@type\":\"Organization\",\"@id\":\"https:\/\/camaralatinoafricana.com\/#organization\",\"name\":\"C\u00e1mara de Comercio Latino Africana\",\"alternateName\":\"CLAF\",\"url\":\"https:\/\/camaralatinoafricana.com\/\",\"logo\":{\"@type\":\"ImageObject\",\"inLanguage\":\"en-US\",\"@id\":\"https:\/\/camaralatinoafricana.com\/#\/schema\/logo\/image\/\",\"url\":\"https:\/\/camaralatinoafricana.com\/wp-content\/uploads\/2024\/08\/Logo-CLAF.svg\",\"contentUrl\":\"https:\/\/camaralatinoafricana.com\/wp-content\/uploads\/2024\/08\/Logo-CLAF.svg\",\"width\":767,\"height\":268,\"caption\":\"C\u00e1mara de Comercio Latino Africana\"},\"image\":{\"@id\":\"https:\/\/camaralatinoafricana.com\/#\/schema\/logo\/image\/\"},\"sameAs\":[\"https:\/\/www.facebook.com\/CamaraDeComercioLatinoAfricana\",\"https:\/\/www.instagram.com\/camaradecomerciolatinoafricana\/\",\"https:\/\/www.linkedin.com\/company\/cmara-de-comercio-latino-africana\/\"],\"publishingPrinciples\":\"https:\/\/camaralatinoafricana.com\/privacy-policy\/\",\"ownershipFundingInfo\":\"https:\/\/camaralatinoafricana.com\/sobre-claf\/nuestro-equipo\/directores\/\",\"actionableFeedbackPolicy\":\"https:\/\/camaralatinoafricana.com\/privacy-policy\/\"}]}<\/script>\n<!-- \/ Yoast SEO Premium plugin. -->","yoast_head_json":{"title":"Who are we? - CLAF","robots":{"index":"index","follow":"follow","max-snippet":"max-snippet:-1","max-image-preview":"max-image-preview:large","max-video-preview":"max-video-preview:-1"},"canonical":"https:\/\/camaralatinoafricana.com\/en\/sobre-claf\/quienes-somos\/","og_locale":"en_US","og_type":"article","og_title":"\u00bfQui\u00e9nes somos?","og_description":"\u00bfQui\u00e9nes Somos? La C\u00e1mara de Comercio Latino Africana (CLAF) es una organizaci\u00f3n dedicada a facilitar, promover y potenciar el intercambio comercial, de conocimientos, recursos y experiencias entre empresarios, diplom\u00e1ticos y agentes culturales de Latinoam\u00e9rica y \u00c1frica. Nuestro alcance abarca aspectos como: Desarrollar iniciativas de cooperaci\u00f3n enfocadas en la internacionalizaci\u00f3n de bienes y servicios. Organizar eventos [&hellip;]","og_url":"https:\/\/camaralatinoafricana.com\/en\/sobre-claf\/quienes-somos\/","og_site_name":"CLAF","article_publisher":"https:\/\/www.facebook.com\/CamaraDeComercioLatinoAfricana","article_modified_time":"2024-08-15T06:40:44+00:00","twitter_card":"summary_large_image","twitter_misc":{"Est. reading time":"3 minutes"},"schema":{"@context":"https:\/\/schema.org","@graph":[{"@type":"WebPage","@id":"https:\/\/camaralatinoafricana.com\/sobre-claf\/quienes-somos\/","url":"https:\/\/camaralatinoafricana.com\/sobre-claf\/quienes-somos\/","name":"Who are we? - CLAF","isPartOf":{"@id":"https:\/\/camaralatinoafricana.com\/#website"},"primaryImageOfPage":{"@id":"https:\/\/camaralatinoafricana.com\/sobre-claf\/quienes-somos\/#primaryimage"},"image":{"@id":"https:\/\/camaralatinoafricana.com\/sobre-claf\/quienes-somos\/#primaryimage"},"thumbnailUrl":"https:\/\/camaralatinoafricana.com\/wp-content\/uploads\/2024\/08\/Logo-CLAF.svg","datePublished":"2024-08-14T05:04:52+00:00","dateModified":"2024-08-15T06:40:44+00:00","breadcrumb":{"@id":"https:\/\/camaralatinoafricana.com\/sobre-claf\/quienes-somos\/#breadcrumb"},"inLanguage":"en-US","potentialAction":[{"@type":"ReadAction","target":["https:\/\/camaralatinoafricana.com\/sobre-claf\/quienes-somos\/"]}]},{"@type":"ImageObject","inLanguage":"en-US","@id":"https:\/\/camaralatinoafricana.com\/sobre-claf\/quienes-somos\/#primaryimage","url":"https:\/\/camaralatinoafricana.com\/wp-content\/uploads\/2024\/08\/Logo-CLAF.svg","contentUrl":"https:\/\/camaralatinoafricana.com\/wp-content\/uploads\/2024\/08\/Logo-CLAF.svg","width":767,"height":268,"caption":"Logo C\u00e1mara de Comercio Latino Africana"},{"@type":"BreadcrumbList","@id":"https:\/\/camaralatinoafricana.com\/sobre-claf\/quienes-somos\/#breadcrumb","itemListElement":[{"@type":"ListItem","position":1,"name":"Inicio","item":"https:\/\/camaralatinoafricana.com\/"},{"@type":"ListItem","position":2,"name":"Sobre CLAF","item":"https:\/\/camaralatinoafricana.com\/sobre-claf\/"},{"@type":"ListItem","position":3,"name":"\u00bfQui\u00e9nes somos?"}]},{"@type":"WebSite","@id":"https:\/\/camaralatinoafricana.com\/#website","url":"https:\/\/camaralatinoafricana.com\/","name":"CLAF","description":"Latin African Chamber of Commerce","publisher":{"@id":"https:\/\/camaralatinoafricana.com\/#organization"},"alternateName":"C\u00e1mara de Comercio Latino Africana","potentialAction":[{"@type":"SearchAction","target":{"@type":"EntryPoint","urlTemplate":"https:\/\/camaralatinoafricana.com\/?s={search_term_string}"},"query-input":{"@type":"PropertyValueSpecification","valueRequired":true,"valueName":"search_term_string"}}],"inLanguage":"en-US"},{"@type":"Organization","@id":"https:\/\/camaralatinoafricana.com\/#organization","name":"Latin African Chamber of Commerce","alternateName":"CLAF","url":"https:\/\/camaralatinoafricana.com\/","logo":{"@type":"ImageObject","inLanguage":"en-US","@id":"https:\/\/camaralatinoafricana.com\/#\/schema\/logo\/image\/","url":"https:\/\/camaralatinoafricana.com\/wp-content\/uploads\/2024\/08\/Logo-CLAF.svg","contentUrl":"https:\/\/camaralatinoafricana.com\/wp-content\/uploads\/2024\/08\/Logo-CLAF.svg","width":767,"height":268,"caption":"C\u00e1mara de Comercio Latino Africana"},"image":{"@id":"https:\/\/camaralatinoafricana.com\/#\/schema\/logo\/image\/"},"sameAs":["https:\/\/www.facebook.com\/CamaraDeComercioLatinoAfricana","https:\/\/www.instagram.com\/camaradecomerciolatinoafricana\/","https:\/\/www.linkedin.com\/company\/cmara-de-comercio-latino-africana\/"],"publishingPrinciples":"https:\/\/camaralatinoafricana.com\/privacy-policy\/","ownershipFundingInfo":"https:\/\/camaralatinoafricana.com\/sobre-claf\/nuestro-equipo\/directores\/","actionableFeedbackPolicy":"https:\/\/camaralatinoafricana.com\/privacy-policy\/"}]}},"_links":{"self":[{"href":"https:\/\/camaralatinoafricana.com\/en\/wp-json\/wp\/v2\/pages\/251","targetHints":{"allow":["GET"]}}],"collection":[{"href":"https:\/\/camaralatinoafricana.com\/en\/wp-json\/wp\/v2\/pages"}],"about":[{"href":"https:\/\/camaralatinoafricana.com\/en\/wp-json\/wp\/v2\/types\/page"}],"author":[{"embeddable":true,"href":"https:\/\/camaralatinoafricana.com\/en\/wp-json\/wp\/v2\/users\/1"}],"replies":[{"embeddable":true,"href":"https:\/\/camaralatinoafricana.com\/en\/wp-json\/wp\/v2\/comments?post=251"}],"version-history":[{"count":0,"href":"https:\/\/camaralatinoafricana.com\/en\/wp-json\/wp\/v2\/pages\/251\/revisions"}],"up":[{"embeddable":true,"href":"https:\/\/camaralatinoafricana.com\/en\/wp-json\/wp\/v2\/pages\/27"}],"wp:featuredmedia":[{"embeddable":true,"href":"https:\/\/camaralatinoafricana.com\/en\/wp-json\/wp\/v2\/media\/17"}],"wp:attachment":[{"href":"https:\/\/camaralatinoafricana.com\/en\/wp-json\/wp\/v2\/media?parent=251"}],"curies":[{"name":"wp","href":"https:\/\/api.w.org\/{rel}","templated":true}]}}